{"id":26,"date":"2026-03-02T12:44:04","date_gmt":"2026-03-02T11:44:04","guid":{"rendered":"https:\/\/laboratoire.univ-mosta.dz\/pv\/?page_id=26"},"modified":"2026-03-02T13:13:07","modified_gmt":"2026-03-02T12:13:07","slug":"equipe-4","status":"publish","type":"page","link":"https:\/\/laboratoire.univ-mosta.dz\/pv\/equipe-4\/","title":{"rendered":"\u00c9quipe 4"},"content":{"rendered":"\n<p class=\"has-text-align-center has-cm-color-9-background-color has-background\"><strong>Intitul\u00e9 de l\u2019\u00e9quipe<\/strong>&nbsp;: \u00ab Biotechnologie et protection de la Biodiversit\u00e9 v\u00e9g\u00e9tale&nbsp;\u00bb<\/p>\n\n\n\n<p class=\"has-text-align-center has-cm-color-9-background-color has-background\"><strong>Chef d\u2019\u00e9quipe<\/strong>&nbsp;: Pr. BOUZOUINA Mohammed<\/p>\n\n\n\n<p class=\"has-text-align-center has-cm-color-9-background-color has-background\"><strong>&nbsp; Description scientifique du programme de recherche de l\u2019\u00e9quipe<\/strong><\/p>\n\n\n\n<p class=\"has-text-align-left has-cm-color-9-background-color has-background\">Les activit\u00e9s de recherche envisag\u00e9es par l\u2019\u00e9quipe s\u2019inscrivent dans l\u2019optique de la valorisation durable des Bioressources ayant une valeur effective.<br>Les Bioressources (organismes ou \u00e9l\u00e9ments de ceux-ci) constituent des moyens alternatifs \u00e0 l\u2019utilisation des produits synth\u00e9tiques ou aux techniques conventionnels. Les travaux abord\u00e9s par cherchent \u00e0 utiliser des moyens moins couteux et protecteurs de l\u2019environnement ; les Bioressources :<\/p>\n\n\n\n<ul class=\"wp-block-list\">\n<li>Les plantes m\u00e9dicinales, par la richesse de leur patrimoine g\u00e9n\u00e9tique, sont capables de produire des Compos\u00e9s susceptibles de pr\u00e9senter un int\u00e9r\u00eat dans de nombreuses applications. <em>Thymelaea hirsuta <\/em>Constitue une source de principes actifs ou pouvant servir comme mol\u00e9cules guides pour le d\u00e9veloppement de nouveaux agents th\u00e9rapeutiques. Alors que le recours aux applications Biotechnologiques cherche \u00e0 intensifier la production de ces m\u00e9tabolites.<\/li>\n<\/ul>\n\n\n\n<ul class=\"wp-block-list\">\n<li>Les carabid\u00e9s (col\u00e9opt\u00e8res) sont reconnues comme agents de lutte biologique contre les FSNV ravageurs des cultures. En raison de leur r\u00f4le dans la dynamique de la cha\u00eene alimentaire et le contr\u00f4le des parasites, ces Bioressources naturelles peuvent constituer une alternative prometteuse aux insecticides de synth\u00e8ses.<\/li>\n<\/ul>\n\n\n\n<p><\/p>\n\n\n\n<ul class=\"wp-block-list\">\n<li>Les champignons <em>endophytes<\/em> constituent une source de r\u00e9sistance contre le stress biotique et abiotique et influencent grandement les activit\u00e9s physiologiques de la plante h\u00f4te. La recherche et l\u2019identification des champignons <em>endophytes<\/em> contribuant \u00e0 l\u2019att\u00e9nuation des effets n\u00e9fastes de la salinit\u00e9 et des m\u00e9taux lourds, sur les plantes cultiv\u00e9es, constituent la principale pr\u00e9occupation.<\/li>\n<\/ul>\n","protected":false},"excerpt":{"rendered":"<p>Intitul\u00e9 de l\u2019\u00e9quipe&nbsp;: \u00ab Biotechnologie et protection de la Biodiversit\u00e9 v\u00e9g\u00e9tale&nbsp;\u00bb Chef d\u2019\u00e9quipe&nbsp;: Pr. BOUZOUINA Mohammed &nbsp; Description scientifique du programme de recherche de l\u2019\u00e9quipe Les activit\u00e9s de recherche envisag\u00e9es par l\u2019\u00e9quipe s\u2019inscrivent dans l\u2019optique de la valorisation durable des Bioressources ayant une valeur effective.Les Bioressources (organismes ou \u00e9l\u00e9ments de ceux-ci) constituent des moyens alternatifs &hellip;<\/p>\n","protected":false},"author":42,"featured_media":0,"parent":0,"menu_order":0,"comment_status":"closed","ping_status":"closed","template":"","meta":{"_eb_attr":"","_coblocks_attr":"","_coblocks_dimensions":"","_coblocks_responsive_height":"","_coblocks_accordion_ie_support":"","footnotes":""},"class_list":["post-26","page","type-page","status-publish","hentry"],"_links":{"self":[{"href":"https:\/\/laboratoire.univ-mosta.dz\/pv\/wp-json\/wp\/v2\/pages\/26","targetHints":{"allow":["GET"]}}],"collection":[{"href":"https:\/\/laboratoire.univ-mosta.dz\/pv\/wp-json\/wp\/v2\/pages"}],"about":[{"href":"https:\/\/laboratoire.univ-mosta.dz\/pv\/wp-json\/wp\/v2\/types\/page"}],"author":[{"embeddable":true,"href":"https:\/\/laboratoire.univ-mosta.dz\/pv\/wp-json\/wp\/v2\/users\/42"}],"replies":[{"embeddable":true,"href":"https:\/\/laboratoire.univ-mosta.dz\/pv\/wp-json\/wp\/v2\/comments?post=26"}],"version-history":[{"count":4,"href":"https:\/\/laboratoire.univ-mosta.dz\/pv\/wp-json\/wp\/v2\/pages\/26\/revisions"}],"predecessor-version":[{"id":65,"href":"https:\/\/laboratoire.univ-mosta.dz\/pv\/wp-json\/wp\/v2\/pages\/26\/revisions\/65"}],"wp:attachment":[{"href":"https:\/\/laboratoire.univ-mosta.dz\/pv\/wp-json\/wp\/v2\/media?parent=26"}],"curies":[{"name":"wp","href":"https:\/\/api.w.org\/{rel}","templated":true}]}}