{"id":24,"date":"2026-03-02T12:43:54","date_gmt":"2026-03-02T11:43:54","guid":{"rendered":"https:\/\/laboratoire.univ-mosta.dz\/pv\/?page_id=24"},"modified":"2026-03-02T13:06:55","modified_gmt":"2026-03-02T12:06:55","slug":"equipe-3","status":"publish","type":"page","link":"https:\/\/laboratoire.univ-mosta.dz\/pv\/equipe-3\/","title":{"rendered":"\u00c9quipe 3"},"content":{"rendered":"\n<p class=\"has-text-align-center has-cm-color-9-background-color has-background\"><strong>Intitul\u00e9 de l\u2019\u00e9quipe<\/strong>\u00a0: \u00ab Phytopathologie \u2013 R\u00e9sistance des plantes \u00bb<\/p>\n\n\n\n<p class=\"has-text-align-center has-cm-color-9-background-color has-background\"><strong>Chef d\u2019\u00e9quipe<\/strong>\u00a0: Dr. BENOURAD Fouzia<\/p>\n\n\n\n<p class=\"has-text-align-center has-cm-color-9-background-color has-background\"><strong>&nbsp; Description scientifique du programme de recherche de l\u2019\u00e9quipe<\/strong><\/p>\n\n\n\n<p class=\"has-text-align-left has-cm-color-4-background-color has-background\">L\u2019anthracnose ou \u00ab Ascochytose \u00bb des l\u00e9gumineuses alimentaires comme le pois et le pois chiches occupe une place importante. Elle est souvent provoqu\u00e9e par plusieurs esp\u00e8ces fongiques, g\u00e9n\u00e9ralement d\u00e9sign\u00e9es sous le nom de \u00ab complexe Ascochyta \u00bb. L&rsquo;objectif principale de notre travail consiste \u00e0: identifier les esp\u00e8ces incrimin\u00e9es dans le d\u00e9veloppement de la maladie et le comportement de la plante h\u00f4te (R\u00e9sistance ou sensibilit\u00e9)<br>Les principales \u00e9tapes du programme de recherche se r\u00e9sume ainsi:<\/p>\n\n\n\n<ul class=\"wp-block-list\">\n<li class=\"has-cm-color-6-color has-text-color has-link-color wp-elements-2905b878a754934c912e2bfaa8667df2\">Prospection et collecte d&rsquo;\u00e9chantillons de plantes pr\u00e9sentant des sympt\u00f4mes.<\/li>\n<\/ul>\n\n\n\n<ul class=\"wp-block-list\">\n<li>Isolement et identification morphologique et mol\u00e9culaire de souches.<\/li>\n<\/ul>\n\n\n\n<ul class=\"wp-block-list\">\n<li>S\u00e9lection et \u00e9tablissement d&rsquo;une collection de souches pathog\u00e8nes.<\/li>\n<\/ul>\n\n\n\n<ul class=\"wp-block-list\">\n<li>Tests de confrontation pathog\u00e8nes\/h\u00f4tes : (R\u00e9action de la plante)\n<ul class=\"wp-block-list\">\n<li>Recherche de la s\u00e9quence biologique la mieux adapt\u00e9e \u00e0 la confrontation<\/li>\n\n\n\n<li>Tests d\u2019inoculation in vitro sur feuilles d\u00e9tach\u00e9es<\/li>\n\n\n\n<li>Tests d\u2019inoculation in vivo sur plants en conditions contr\u00f4l\u00e9es<br><\/li>\n<\/ul>\n<\/li>\n<\/ul>\n\n\n\n<p><\/p>\n\n\n\n<p><\/p>\n","protected":false},"excerpt":{"rendered":"<p>Intitul\u00e9 de l\u2019\u00e9quipe\u00a0: \u00ab Phytopathologie \u2013 R\u00e9sistance des plantes \u00bb Chef d\u2019\u00e9quipe\u00a0: Dr. BENOURAD Fouzia &nbsp; Description scientifique du programme de recherche de l\u2019\u00e9quipe L\u2019anthracnose ou \u00ab Ascochytose \u00bb des l\u00e9gumineuses alimentaires comme le pois et le pois chiches occupe une place importante. Elle est souvent provoqu\u00e9e par plusieurs esp\u00e8ces fongiques, g\u00e9n\u00e9ralement d\u00e9sign\u00e9es sous le &hellip;<\/p>\n","protected":false},"author":42,"featured_media":0,"parent":0,"menu_order":0,"comment_status":"closed","ping_status":"closed","template":"","meta":{"_eb_attr":"","_coblocks_attr":"","_coblocks_dimensions":"","_coblocks_responsive_height":"","_coblocks_accordion_ie_support":"","footnotes":""},"class_list":["post-24","page","type-page","status-publish","hentry"],"_links":{"self":[{"href":"https:\/\/laboratoire.univ-mosta.dz\/pv\/wp-json\/wp\/v2\/pages\/24","targetHints":{"allow":["GET"]}}],"collection":[{"href":"https:\/\/laboratoire.univ-mosta.dz\/pv\/wp-json\/wp\/v2\/pages"}],"about":[{"href":"https:\/\/laboratoire.univ-mosta.dz\/pv\/wp-json\/wp\/v2\/types\/page"}],"author":[{"embeddable":true,"href":"https:\/\/laboratoire.univ-mosta.dz\/pv\/wp-json\/wp\/v2\/users\/42"}],"replies":[{"embeddable":true,"href":"https:\/\/laboratoire.univ-mosta.dz\/pv\/wp-json\/wp\/v2\/comments?post=24"}],"version-history":[{"count":2,"href":"https:\/\/laboratoire.univ-mosta.dz\/pv\/wp-json\/wp\/v2\/pages\/24\/revisions"}],"predecessor-version":[{"id":60,"href":"https:\/\/laboratoire.univ-mosta.dz\/pv\/wp-json\/wp\/v2\/pages\/24\/revisions\/60"}],"wp:attachment":[{"href":"https:\/\/laboratoire.univ-mosta.dz\/pv\/wp-json\/wp\/v2\/media?parent=24"}],"curies":[{"name":"wp","href":"https:\/\/api.w.org\/{rel}","templated":true}]}}