{"id":22,"date":"2026-03-02T12:43:44","date_gmt":"2026-03-02T11:43:44","guid":{"rendered":"https:\/\/laboratoire.univ-mosta.dz\/pv\/?page_id=22"},"modified":"2026-03-02T12:57:43","modified_gmt":"2026-03-02T11:57:43","slug":"equipe-2","status":"publish","type":"page","link":"https:\/\/laboratoire.univ-mosta.dz\/pv\/equipe-2\/","title":{"rendered":"\u00c9quipe 2"},"content":{"rendered":"\n<p class=\"has-text-align-center has-cm-color-9-background-color has-background\"><strong>Intitul\u00e9 de l\u2019\u00e9quipe<\/strong>\u00a0: \u00ab Phytopathologie-\u00e9pid\u00e9miologie parasitaire\u00a0\u00bb<\/p>\n\n\n\n<p class=\"has-text-align-center has-cm-color-9-background-color has-background\"><strong>Chef d\u2019\u00e9quipe<\/strong>\u00a0: Dr. MAHIOUT Djamel<\/p>\n\n\n\n<p class=\"has-text-align-center has-cm-color-9-background-color has-background\"><strong>&nbsp; Description scientifique du programme de recherche de l\u2019\u00e9quipe<\/strong><\/p>\n\n\n\n<p class=\"has-text-align-left has-cm-color-9-background-color has-background\">Les maladies des l\u00e9gumineuses alimentaires et des cultures maraich\u00e8res caus\u00e9es par les champignons parasites constituent une contrainte majeure pour l&rsquo;am\u00e9lioration des rendements de ces cultures en Alg\u00e9rie. Chaque ann\u00e9e plusieures de ces maladies sont responsables de pertes de rendements consid\u00e9rables, allant jusqu&rsquo;\u00e0 100%, comme celles provoqu\u00e9es par l&rsquo;anthracnose du pois chiche, du pois et de la lentille et celles affectant les solanac\u00e9es comme les alternarioses, les fusarioses et verticillioses sur pomme de terre, tomate, aubergine et autres qui ont s\u00e9vi ces derni\u00e8res ann\u00e9es dans les r\u00e9gions \u00e0 fort potentiel de production de ces plantes. Par ailleurs, les m\u00e9thodes de lutte chimique ont montr\u00e9 leurs limites. En effet, de nombreux traitements fongicides sont souvent n\u00e9cessaires pour pouvoir prot\u00e9ger la culture durant son cycle de d\u00e9veloppement, ceci induit in\u00e9luctablement l&rsquo;apparition de souches de parasites r\u00e9sistantes aux fongicides. La lutte g\u00e9n\u00e9tique (am\u00e9lioration de la r\u00e9sistance vari\u00e9tale) est consid\u00e9r\u00e9e par de nombreux chercheurs comme la m\u00e9thode la plus ad\u00e9quate pour l&rsquo;am\u00e9lioration des rendements tout en pr\u00e9servant l&rsquo;environnement et la sant\u00e9 du consommateur. Compte tenu de cela, notre projetvise \u00e0 comprendre les m\u00e9canismes de d\u00e9fense de ces principales cultures, en \u00e9tudiant ceux induits par les pathog\u00e8nes chez les plantes mod\u00e8les des l\u00e9gumineuses et solanac\u00e9es respectivement Medicago truncatula et Lycopersicon esculentum et d&rsquo;identifier les g\u00e8nes de d\u00e9fense induits lors lors des interactions h\u00f4te-parasite. Les r\u00e9sultats obtenus sur les plantes mod\u00e8les pourront \u00eatre extrapol\u00e9s aux aux esp\u00e8ces cultiv\u00e9es \u00e9tudi\u00e9es.<\/p>\n","protected":false},"excerpt":{"rendered":"<p>Intitul\u00e9 de l\u2019\u00e9quipe\u00a0: \u00ab Phytopathologie-\u00e9pid\u00e9miologie parasitaire\u00a0\u00bb Chef d\u2019\u00e9quipe\u00a0: Dr. MAHIOUT Djamel &nbsp; Description scientifique du programme de recherche de l\u2019\u00e9quipe Les maladies des l\u00e9gumineuses alimentaires et des cultures maraich\u00e8res caus\u00e9es par les champignons parasites constituent une contrainte majeure pour l&rsquo;am\u00e9lioration des rendements de ces cultures en Alg\u00e9rie. Chaque ann\u00e9e plusieures de ces maladies sont responsables &hellip;<\/p>\n","protected":false},"author":42,"featured_media":0,"parent":0,"menu_order":0,"comment_status":"closed","ping_status":"closed","template":"","meta":{"_eb_attr":"","_coblocks_attr":"","_coblocks_dimensions":"","_coblocks_responsive_height":"","_coblocks_accordion_ie_support":"","footnotes":""},"class_list":["post-22","page","type-page","status-publish","hentry"],"_links":{"self":[{"href":"https:\/\/laboratoire.univ-mosta.dz\/pv\/wp-json\/wp\/v2\/pages\/22","targetHints":{"allow":["GET"]}}],"collection":[{"href":"https:\/\/laboratoire.univ-mosta.dz\/pv\/wp-json\/wp\/v2\/pages"}],"about":[{"href":"https:\/\/laboratoire.univ-mosta.dz\/pv\/wp-json\/wp\/v2\/types\/page"}],"author":[{"embeddable":true,"href":"https:\/\/laboratoire.univ-mosta.dz\/pv\/wp-json\/wp\/v2\/users\/42"}],"replies":[{"embeddable":true,"href":"https:\/\/laboratoire.univ-mosta.dz\/pv\/wp-json\/wp\/v2\/comments?post=22"}],"version-history":[{"count":2,"href":"https:\/\/laboratoire.univ-mosta.dz\/pv\/wp-json\/wp\/v2\/pages\/22\/revisions"}],"predecessor-version":[{"id":58,"href":"https:\/\/laboratoire.univ-mosta.dz\/pv\/wp-json\/wp\/v2\/pages\/22\/revisions\/58"}],"wp:attachment":[{"href":"https:\/\/laboratoire.univ-mosta.dz\/pv\/wp-json\/wp\/v2\/media?parent=22"}],"curies":[{"name":"wp","href":"https:\/\/api.w.org\/{rel}","templated":true}]}}