{"id":20,"date":"2026-03-02T12:43:34","date_gmt":"2026-03-02T11:43:34","guid":{"rendered":"https:\/\/laboratoire.univ-mosta.dz\/pv\/?page_id=20"},"modified":"2026-03-02T12:55:51","modified_gmt":"2026-03-02T11:55:51","slug":"equipe-1","status":"publish","type":"page","link":"https:\/\/laboratoire.univ-mosta.dz\/pv\/equipe-1\/","title":{"rendered":"\u00c9quipe 1"},"content":{"rendered":"\n<p class=\"has-text-align-center has-cm-color-9-background-color has-background\"><strong>Intitul\u00e9 de l\u2019\u00e9quipe<\/strong>\u00a0: \u00ab Entomologie et lutte biologique\u00a0\u00bb<\/p>\n\n\n\n<p class=\"has-text-align-center has-cm-color-9-background-color has-background\"><strong>Chef d\u2019\u00e9quipe<\/strong>\u00a0: Dr. BERGHEUL Saida<\/p>\n\n\n\n<p class=\"has-text-align-center has-cm-color-9-background-color has-background\"><strong>&nbsp; Description scientifique du programme de recherche de l\u2019\u00e9quipe<\/strong><\/p>\n\n\n\n<p class=\"has-text-align-left has-cm-color-9-background-color has-background\">Les axes de recherches de l&rsquo;\u00e9quipe1, se r\u00e9sume en l&rsquo;\u00e9levage de parasito\u00efdes et pr\u00e9dateurs pour la lutte contre Tuta absoluta, utilisation des entomophages dans la lutte contre les bioagresseurs des cultures. Extraction des huiles essentielles et extraits polyph\u00e9noliques de plantes m\u00e9dicinales pour leur utilisation comme moyens de lutte biologique contre les aphides des Citrus et la mineuse de la tomate Tuta absoluta. \u00c9tude de la dynamique des populations, du cycle biologique et l\u2019inventaire du complexe parasitaire de Bactrocera oleae dans la r\u00e9gion de Mostaganem et Mascara. Lutte biologique par les microorganismes entomopathog\u00e9nes contre les diff\u00e9rents stades de Tuta absoluta. D\u00e9termination et identification des diff\u00e9rentes esp\u00e8ces aphidiennes inf\u00e9od\u00e9es aux Citrus dans la r\u00e9gion de Mostaganem. Recherche de mol\u00e9cules et substances naturelles v\u00e9g\u00e9tales qui pourraient \u00eatre utilis\u00e9es comme moyens de lutte sous forme de biocides contribuant \u00e0 r\u00e9guler les populations des bioagresseurs sur cultures strat\u00e9giques tels que les solanac\u00e9es, les Citrus et les<br>l\u00e9gumineuses dans la r\u00e9gion de Mostaganem. \u00c9tude de la dynamique des populations des FSNV cochenilles diaspines sur agrumes dans la r\u00e9gion de Mostaganem. identification des souches isol\u00e9es et recherche des entomopathog\u00e8nes autochtones capables de contr\u00f4ler les populations de T. absoluta et Aphis fabae. La mise en place d\u2019un programme de lutte int\u00e9gr\u00e9e dont lequel sera inc\u00e9rer les m\u00e9thodes de lutte biologiques par le biais du complexe parasitaire (parasito\u00efdes,pr\u00e9dateurs, champignons et bact\u00e9ries) isol\u00e9s et identifi\u00e9s comme efficace. \u00c9tude de la biologie de Bactrocera oleae, identification du complexe parasitaire inf\u00e9od\u00e9 \u00e0 la mouche de l\u2019olive s\u00e9vissant dans la r\u00e9gion de Mostaganem et Mascara. Inventaires des ennemis naturels inf\u00e9od\u00e9s aux aphides des cultures sous serres.<\/p>\n","protected":false},"excerpt":{"rendered":"<p>Intitul\u00e9 de l\u2019\u00e9quipe\u00a0: \u00ab Entomologie et lutte biologique\u00a0\u00bb Chef d\u2019\u00e9quipe\u00a0: Dr. BERGHEUL Saida &nbsp; Description scientifique du programme de recherche de l\u2019\u00e9quipe Les axes de recherches de l&rsquo;\u00e9quipe1, se r\u00e9sume en l&rsquo;\u00e9levage de parasito\u00efdes et pr\u00e9dateurs pour la lutte contre Tuta absoluta, utilisation des entomophages dans la lutte contre les bioagresseurs des cultures. Extraction des &hellip;<\/p>\n","protected":false},"author":42,"featured_media":0,"parent":0,"menu_order":0,"comment_status":"closed","ping_status":"closed","template":"","meta":{"_eb_attr":"","_coblocks_attr":"","_coblocks_dimensions":"","_coblocks_responsive_height":"","_coblocks_accordion_ie_support":"","footnotes":""},"class_list":["post-20","page","type-page","status-publish","hentry"],"_links":{"self":[{"href":"https:\/\/laboratoire.univ-mosta.dz\/pv\/wp-json\/wp\/v2\/pages\/20","targetHints":{"allow":["GET"]}}],"collection":[{"href":"https:\/\/laboratoire.univ-mosta.dz\/pv\/wp-json\/wp\/v2\/pages"}],"about":[{"href":"https:\/\/laboratoire.univ-mosta.dz\/pv\/wp-json\/wp\/v2\/types\/page"}],"author":[{"embeddable":true,"href":"https:\/\/laboratoire.univ-mosta.dz\/pv\/wp-json\/wp\/v2\/users\/42"}],"replies":[{"embeddable":true,"href":"https:\/\/laboratoire.univ-mosta.dz\/pv\/wp-json\/wp\/v2\/comments?post=20"}],"version-history":[{"count":2,"href":"https:\/\/laboratoire.univ-mosta.dz\/pv\/wp-json\/wp\/v2\/pages\/20\/revisions"}],"predecessor-version":[{"id":56,"href":"https:\/\/laboratoire.univ-mosta.dz\/pv\/wp-json\/wp\/v2\/pages\/20\/revisions\/56"}],"wp:attachment":[{"href":"https:\/\/laboratoire.univ-mosta.dz\/pv\/wp-json\/wp\/v2\/media?parent=20"}],"curies":[{"name":"wp","href":"https:\/\/api.w.org\/{rel}","templated":true}]}}