{"id":12,"date":"2026-03-02T12:42:24","date_gmt":"2026-03-02T11:42:24","guid":{"rendered":"https:\/\/laboratoire.univ-mosta.dz\/pv\/?page_id=12"},"modified":"2026-03-02T12:49:30","modified_gmt":"2026-03-02T11:49:30","slug":"presentation","status":"publish","type":"page","link":"https:\/\/laboratoire.univ-mosta.dz\/pv\/presentation\/","title":{"rendered":"Pr\u00e9sentation"},"content":{"rendered":"\n<p>Le laboratoire de <strong>protection des v\u00e9g\u00e9taux<\/strong> vise \u00e0 d\u00e9velopper des strat\u00e9gies innovantes et durables pour une gestion phytosanitaire int\u00e9gr\u00e9e. L&rsquo;approche privil\u00e9gie la valorisation des bioressources locales comme alternative aux produits synth\u00e9tiques et explore un large \u00e9ventail de solutions biologiques. Les recherches visent notamment \u00e0 r\u00e9guler les populations de ravageurs majeurs, tels que la mineuse de la tomate, le psylle de l&rsquo;olivier ou les pucerons, en identifiant et en utilisant des ennemis naturels autochtones, mais aussi en d\u00e9veloppant des biocides \u00e0 partir de substances v\u00e9g\u00e9tales. Parall\u00e8lement, le laboratoire s&rsquo;attaque aux maladies fongiques et bact\u00e9riennes en utilisant des extraits de plantes dont l&rsquo;efficacit\u00e9 est valid\u00e9e par une caract\u00e9risation phytochimique pouss\u00e9e. Cette d\u00e9marche est compl\u00e9t\u00e9e par l&rsquo;\u00e9tude des m\u00e9canismes de d\u00e9fense des plantes, notamment par l&rsquo;\u00e9valuation de la r\u00e9sistance vari\u00e9tale chez des l\u00e9gumineuses comme le pois chiche, ainsi que par l&rsquo;identification des g\u00e8nes de d\u00e9fense. Il explore \u00e9galement d&rsquo;autres bioressources<br>prometteuses, comme les col\u00e9opt\u00e8res carabid\u00e9s pour lutter contre le stress biotique et les champignons endophytes pour renforcer la tol\u00e9rance des plantes au stress abiotique (salinit\u00e9,m\u00e9taux lourds\u2026). Enfin, cette d\u00e9marche de recherche fondamentale et appliqu\u00e9e s\u2019enrichit d\u2019un engagement fort dans la formation acad\u00e9mique, avec l&rsquo;encadrement d&rsquo;\u00e9tudiants en licence, Master et doctorat.<\/p>\n","protected":false},"excerpt":{"rendered":"<p>Le laboratoire de protection des v\u00e9g\u00e9taux vise \u00e0 d\u00e9velopper des strat\u00e9gies innovantes et durables pour une gestion phytosanitaire int\u00e9gr\u00e9e. L&rsquo;approche privil\u00e9gie la valorisation des bioressources locales comme alternative aux produits synth\u00e9tiques et explore un large \u00e9ventail de solutions biologiques. Les recherches visent notamment \u00e0 r\u00e9guler les populations de ravageurs majeurs, tels que la mineuse de &hellip;<\/p>\n","protected":false},"author":42,"featured_media":0,"parent":0,"menu_order":0,"comment_status":"closed","ping_status":"closed","template":"","meta":{"_eb_attr":"","_coblocks_attr":"","_coblocks_dimensions":"","_coblocks_responsive_height":"","_coblocks_accordion_ie_support":"","footnotes":""},"class_list":["post-12","page","type-page","status-publish","hentry"],"_links":{"self":[{"href":"https:\/\/laboratoire.univ-mosta.dz\/pv\/wp-json\/wp\/v2\/pages\/12","targetHints":{"allow":["GET"]}}],"collection":[{"href":"https:\/\/laboratoire.univ-mosta.dz\/pv\/wp-json\/wp\/v2\/pages"}],"about":[{"href":"https:\/\/laboratoire.univ-mosta.dz\/pv\/wp-json\/wp\/v2\/types\/page"}],"author":[{"embeddable":true,"href":"https:\/\/laboratoire.univ-mosta.dz\/pv\/wp-json\/wp\/v2\/users\/42"}],"replies":[{"embeddable":true,"href":"https:\/\/laboratoire.univ-mosta.dz\/pv\/wp-json\/wp\/v2\/comments?post=12"}],"version-history":[{"count":2,"href":"https:\/\/laboratoire.univ-mosta.dz\/pv\/wp-json\/wp\/v2\/pages\/12\/revisions"}],"predecessor-version":[{"id":52,"href":"https:\/\/laboratoire.univ-mosta.dz\/pv\/wp-json\/wp\/v2\/pages\/12\/revisions\/52"}],"wp:attachment":[{"href":"https:\/\/laboratoire.univ-mosta.dz\/pv\/wp-json\/wp\/v2\/media?parent=12"}],"curies":[{"name":"wp","href":"https:\/\/api.w.org\/{rel}","templated":true}]}}