{"id":75,"date":"2026-03-04T12:30:53","date_gmt":"2026-03-04T11:30:53","guid":{"rendered":"https:\/\/laboratoire.univ-mosta.dz\/poidex\/?page_id=75"},"modified":"2026-03-09T10:56:33","modified_gmt":"2026-03-09T09:56:33","slug":"manifestations-scientifiques","status":"publish","type":"page","link":"https:\/\/laboratoire.univ-mosta.dz\/poidex\/manifestations-scientifiques\/","title":{"rendered":"Manifestations scientifiques"},"content":{"rendered":"<ul class=\"wp-block-latest-posts__list wp-block-latest-posts\"><li><a class=\"wp-block-latest-posts__post-title\" href=\"https:\/\/laboratoire.univ-mosta.dz\/poidex\/2026\/03\/09\/journee-detude-sur-les-implications-de-lintelligence-artificielle-dans-lenseignement-superieur-et-la-recherche-scientifique-en-algerie\/\">Journ\u00e9e d\u2019\u00e9tude sur les implications de l\u2019intelligence artificielle dans l\u2019enseignement sup\u00e9rieur et la recherche scientifique en Alg\u00e9rie<\/a><\/li>\n<li><a class=\"wp-block-latest-posts__post-title\" href=\"https:\/\/laboratoire.univ-mosta.dz\/poidex\/2026\/03\/09\/le-laboratoire-poidex-organise-un-colloque-national-sur-la-diversification-economique\/\">Le laboratoire POIDEX organise un colloque national sur la diversification \u00e9conomique<\/a><\/li>\n<li><a class=\"wp-block-latest-posts__post-title\" href=\"https:\/\/laboratoire.univ-mosta.dz\/poidex\/2026\/03\/09\/colloque-national-virtuel-leconomie-numerique-comme-levier-des-activites-economiques-et-de-la-competitivite-des-startups-en-algerie-defis-et-perspectives\/\">Colloque national virtuel : L\u2019\u00e9conomie num\u00e9rique comme levier des activit\u00e9s \u00e9conomiques et de la comp\u00e9titivit\u00e9 des startups en Alg\u00e9rie (D\u00e9fis et perspectives)<\/a><\/li>\n<li><a class=\"wp-block-latest-posts__post-title\" href=\"https:\/\/laboratoire.univ-mosta.dz\/poidex\/2026\/03\/08\/colloque-national-virtuel-sur-lintelligence-artificielle-et-la-securite-hydrique\/\">Colloque national virtuel sur l\u2019intelligence artificielle et la s\u00e9curit\u00e9 hydrique<\/a><\/li>\n<\/ul>\n\n<ul class=\"wp-block-latest-posts__list wp-block-latest-posts\"><li><a class=\"wp-block-latest-posts__post-title\" href=\"https:\/\/laboratoire.univ-mosta.dz\/poidex\/2026\/03\/09\/journee-detude-sur-les-implications-de-lintelligence-artificielle-dans-lenseignement-superieur-et-la-recherche-scientifique-en-algerie\/\">Journ\u00e9e d\u2019\u00e9tude sur les implications de l\u2019intelligence artificielle dans l\u2019enseignement sup\u00e9rieur et la recherche scientifique en Alg\u00e9rie<\/a><\/li>\n<li><a class=\"wp-block-latest-posts__post-title\" href=\"https:\/\/laboratoire.univ-mosta.dz\/poidex\/2026\/03\/09\/le-laboratoire-poidex-organise-un-colloque-national-sur-la-diversification-economique\/\">Le laboratoire POIDEX organise un colloque national sur la diversification \u00e9conomique<\/a><\/li>\n<li><a class=\"wp-block-latest-posts__post-title\" href=\"https:\/\/laboratoire.univ-mosta.dz\/poidex\/2026\/03\/09\/colloque-national-virtuel-leconomie-numerique-comme-levier-des-activites-economiques-et-de-la-competitivite-des-startups-en-algerie-defis-et-perspectives\/\">Colloque national virtuel : L\u2019\u00e9conomie num\u00e9rique comme levier des activit\u00e9s \u00e9conomiques et de la comp\u00e9titivit\u00e9 des startups en Alg\u00e9rie (D\u00e9fis et perspectives)<\/a><\/li>\n<li><a class=\"wp-block-latest-posts__post-title\" href=\"https:\/\/laboratoire.univ-mosta.dz\/poidex\/2026\/03\/08\/colloque-national-virtuel-sur-lintelligence-artificielle-et-la-securite-hydrique\/\">Colloque national virtuel sur l\u2019intelligence artificielle et la s\u00e9curit\u00e9 hydrique<\/a><\/li>\n<\/ul>","protected":false},"excerpt":{"rendered":"<p>Journ\u00e9e d\u2019\u00e9tude sur les implications de l\u2019intelligence artificielle dans l\u2019enseignement sup\u00e9rieur et la recherche scientifique en Alg\u00e9rie Le laboratoire POIDEX organise un colloque national sur la diversification \u00e9conomique Colloque national virtuel : L\u2019\u00e9conomie num\u00e9rique comme levier des activit\u00e9s \u00e9conomiques et de la comp\u00e9titivit\u00e9 des startups en Alg\u00e9rie (D\u00e9fis et perspectives) Colloque national virtuel sur l\u2019intelligence &hellip;<\/p>\n","protected":false},"author":10,"featured_media":0,"parent":0,"menu_order":0,"comment_status":"closed","ping_status":"closed","template":"","meta":{"_coblocks_attr":"","_coblocks_dimensions":"","_coblocks_responsive_height":"","_coblocks_accordion_ie_support":"","footnotes":""},"class_list":["post-75","page","type-page","status-publish","hentry"],"_links":{"self":[{"href":"https:\/\/laboratoire.univ-mosta.dz\/poidex\/wp-json\/wp\/v2\/pages\/75","targetHints":{"allow":["GET"]}}],"collection":[{"href":"https:\/\/laboratoire.univ-mosta.dz\/poidex\/wp-json\/wp\/v2\/pages"}],"about":[{"href":"https:\/\/laboratoire.univ-mosta.dz\/poidex\/wp-json\/wp\/v2\/types\/page"}],"author":[{"embeddable":true,"href":"https:\/\/laboratoire.univ-mosta.dz\/poidex\/wp-json\/wp\/v2\/users\/10"}],"replies":[{"embeddable":true,"href":"https:\/\/laboratoire.univ-mosta.dz\/poidex\/wp-json\/wp\/v2\/comments?post=75"}],"version-history":[{"count":3,"href":"https:\/\/laboratoire.univ-mosta.dz\/poidex\/wp-json\/wp\/v2\/pages\/75\/revisions"}],"predecessor-version":[{"id":228,"href":"https:\/\/laboratoire.univ-mosta.dz\/poidex\/wp-json\/wp\/v2\/pages\/75\/revisions\/228"}],"wp:attachment":[{"href":"https:\/\/laboratoire.univ-mosta.dz\/poidex\/wp-json\/wp\/v2\/media?parent=75"}],"curies":[{"name":"wp","href":"https:\/\/api.w.org\/{rel}","templated":true}]}}