{"id":40,"date":"2026-03-04T12:13:29","date_gmt":"2026-03-04T11:13:29","guid":{"rendered":"https:\/\/laboratoire.univ-mosta.dz\/poidex\/?page_id=40"},"modified":"2026-03-08T09:30:17","modified_gmt":"2026-03-08T08:30:17","slug":"equipe-1","status":"publish","type":"page","link":"https:\/\/laboratoire.univ-mosta.dz\/poidex\/equipe-1\/","title":{"rendered":"Equipe 1"},"content":{"rendered":"\n<figure class=\"wp-block-table\"><table class=\"has-fixed-layout\"><tbody><tr><td colspan=\"20\"><\/td><\/tr><\/tbody><\/table><\/figure>\n\n\n\n<h1 class=\"wp-block-heading\">\ud83d\udd39 \u00c9quipe de Recherche<\/h1>\n\n\n\n<h2 class=\"wp-block-heading\"><strong>Strat\u00e9gie Industrielle, Croissance et Comp\u00e9titivit\u00e9<\/strong><\/h2>\n\n\n\n<h3 class=\"wp-block-heading\">\ud83d\udc64 Chef d\u2019\u00e9quipe<\/h3>\n\n\n\n<p><strong>Ouddane Bouabdellah<\/strong><br>\u0631\u0626\u064a\u0633 \u0641\u0631\u0642\u0629 \u0627\u0644\u0628\u062d\u062b<\/p>\n\n\n\n<hr class=\"wp-block-separator has-alpha-channel-opacity\" \/>\n\n\n\n<h2 class=\"wp-block-heading\">\ud83c\udff7\ufe0f Classement th\u00e9matique<\/h2>\n\n\n\n<p><strong>Domaines :<\/strong><\/p>\n\n\n\n<ul class=\"wp-block-list\">\n<li>\u00c9conomie<\/li>\n\n\n\n<li>\u00c9conom\u00e9trie et Finances<\/li>\n\n\n\n<li>Commerce<\/li>\n\n\n\n<li>Gestion et Comptabilit\u00e9<\/li>\n<\/ul>\n\n\n\n<h2 class=\"wp-block-heading\">\ud83d\udcd6 Description du programme de recherche<\/h2>\n\n\n\n<p>L\u2019industrie constitue un levier fondamental de la croissance \u00e9conomique. Dans un contexte de mondialisation caract\u00e9ris\u00e9 par une intensification de la concurrence, les \u00e9conomies en d\u00e9veloppement sont appel\u00e9es \u00e0 repenser leurs strat\u00e9gies industrielles afin de renforcer leur comp\u00e9titivit\u00e9 et pr\u00e9server leurs parts de march\u00e9.<\/p>\n\n\n\n<p>L\u2019\u00e9quipe de recherche s\u2019int\u00e9resse \u00e0 l\u2019analyse de la strat\u00e9gie industrielle en Alg\u00e9rie, en s\u2019appuyant sur les fondements th\u00e9oriques de l\u2019\u00e9conomie industrielle et sur des \u00e9tudes comparatives internationales. Elle examine le cadre institutionnel, les politiques publiques mises en \u0153uvre, ainsi que leurs impacts sur la croissance, l\u2019investissement et la comp\u00e9titivit\u00e9.<\/p>\n\n\n\n<p>L\u2019objectif principal est d\u2019\u00e9valuer la coh\u00e9rence et l\u2019efficacit\u00e9 de la strat\u00e9gie industrielle nationale \u00e0 la lumi\u00e8re de l\u2019historique industriel du pays et des mutations \u00e9conomiques mondiales.<\/p>\n\n\n\n<hr class=\"wp-block-separator has-alpha-channel-opacity\" \/>\n\n\n\n<h2 class=\"wp-block-heading\">\ud83d\udcca Projets en cours<\/h2>\n\n\n\n<h3 class=\"wp-block-heading\">\ud83d\udd38 Projet 1 (Type E3 \u2013 Recherche D\u00e9veloppement)<\/h3>\n\n\n\n<p><strong>Titre :<\/strong><br>\u0633\u064a\u0627\u0633\u0627\u062a \u062f\u0639\u0645 \u0648\u062a\u0637\u0648\u064a\u0631 \u0627\u0644\u0634\u0639\u0628 \u0627\u0644\u0632\u0631\u0627\u0639\u064a\u0629 \u0627\u0644\u0627\u0633\u062a\u0631\u0627\u062a\u064a\u062c\u064a\u0629 \u0641\u064a \u0627\u0644\u062c\u0632\u0627\u0626\u0631 \u0628\u064a\u0646 \u0636\u0631\u0648\u0631\u064a\u0627\u062a \u062a\u062d\u0642\u064a\u0642 \u0627\u0644\u0623\u0645\u0646 \u0627\u0644\u063a\u0630\u0627\u0626\u064a \u0648\u0627\u0644\u062d\u062f \u0645\u0646 \u0648\u0627\u0631\u062f\u0627\u062a \u0627\u0644\u0645\u0646\u062a\u062c\u0627\u062a \u0627\u0644\u063a\u0630\u0627\u0626\u064a\u0629 \u0627\u0644\u0623\u0633\u0627\u0633\u064a\u0629<\/p>\n\n\n\n<p><strong>Porteur :<\/strong> Benharrat Hayet<br><strong>Membres :<\/strong> Ouddane Bouabdellah .<\/p>\n\n\n\n<hr class=\"wp-block-separator has-alpha-channel-opacity\" \/>\n\n\n\n<h3 class=\"wp-block-heading\">\ud83d\udd38 Projet 2 (Type E2 \u2013 Recherche Appliqu\u00e9e)<\/h3>\n\n\n\n<p><strong>Titre :<\/strong><br>\u0623\u062b\u0631 \u0627\u0633\u062a\u062e\u062f\u0627\u0645 \u062a\u0643\u0646\u0648\u0644\u0648\u062c\u064a\u0627 \u0627\u0644\u0645\u0639\u0644\u0648\u0645\u0627\u062a \u0648\u0627\u0644\u0627\u062a\u0635\u0627\u0644 \u0639\u0644\u0649 \u062c\u0648\u062f\u0629 \u0627\u0644\u0623\u062f\u0627\u0621 \u0627\u0644\u0648\u0638\u064a\u0641\u064a \u0644\u0644\u0639\u0627\u0645\u0644\u064a\u0646 \u0641\u064a \u0627\u0644\u0642\u0637\u0627\u0639 \u0627\u0644\u062e\u0627\u0635<\/p>\n\n\n\n<p><strong>Porteur :<\/strong> Mchikel Ilyes Abdelfatah<br><strong>Encadrement :<\/strong> Ouddane Bouabdellah<\/p>\n\n\n\n<p class=\"has-large-font-size\" style=\"font-size:13px\"><strong>\ud83d\udc65 Liste exhaustive des membres de l\u2019\u00e9quipe par grade<\/strong>s<\/p>\n\n\n\n<figure class=\"wp-block-table is-style-stripes\"><table class=\"has-black-color has-pale-cyan-blue-background-color has-text-color has-background has-link-color has-fixed-layout\"><thead><tr><th>Civilit\u00e9<\/th><th>Nom et Pr\u00e9nom<\/th><th>Grade<\/th><th>Domaine<\/th><th>Structure<\/th><th>Email<\/th><\/tr><\/thead><tbody><tr><td>Mr.<\/td><td><strong>Ouddane Bouabdellah<\/strong><\/td><td>Professeur<\/td><td>\u00c9conomie, \u00c9conom\u00e9trie et Finances<\/td><td>Univ. Mostaganem<\/td><td><a href=\"mailto:bouabdellah.ouddane@univ-mosta.dz\">bouabdellah.ouddane@univ-mosta.dz<\/a><\/td><\/tr><tr><td>Mr.<\/td><td><strong>Mokhefi Amine<\/strong><\/td><td>Professeur<\/td><td>\u00c9conomie, \u00c9conom\u00e9trie et Finances<\/td><td>Univ. Mostaganem<\/td><td><a href=\"mailto:amine.mokhefi@univ-mosta.dz\">amine.mokhefi@univ-mosta.dz<\/a><\/td><\/tr><tr><td>Mme<\/td><td><strong>Ahssen Djamila<\/strong><\/td><td>MCA<\/td><td>Commerce, Gestion et Comptabilit\u00e9<\/td><td>Univ. Mostaganem<\/td><td><a href=\"mailto:ahssendjamila@yahoo.com\">ahssendjamila@yahoo.com<\/a><\/td><\/tr><tr><td>Mr.<\/td><td><strong>Bekriti Boumediene<\/strong><\/td><td>MCA<\/td><td>\u00c9conomie, \u00c9conom\u00e9trie et Finances<\/td><td>Univ. Mostaganem<\/td><td><a href=\"mailto:boumediene.bakreti@univ-mosta.dz\">boumediene.bakreti@univ-mosta.dz<\/a><\/td><\/tr><tr><td>Mlle<\/td><td><strong>Bouhella Khedidja<\/strong><\/td><td>MAB<\/td><td>Commerce, Gestion et Comptabilit\u00e9<\/td><td>Univ. Mostaganem<\/td><td><a href=\"mailto:khadidja.bouhella@univ-mosta.dz\">khadidja.bouhella@univ-mosta.dz<\/a><\/td><\/tr><tr><td>Mr.<\/td><td><strong>Saimi Abdelkader Eloualid<\/strong><\/td><td>Doctorant<\/td><td>Commerce, Gestion et Comptabilit\u00e9<\/td><td>Univ. Mostaganem<\/td><td><a href=\"mailto:saimiwalid78@gmail.com\">saimiwalid78@gmail.com<\/a><\/td><\/tr><tr><td>Mlle<\/td><td><strong>Sadeg Hayet Nassima<\/strong><\/td><td>Doctorante<\/td><td>Commerce, Gestion et Comptabilit\u00e9<\/td><td>Univ. Mostaganem<\/td><td><a href=\"mailto:hayetnassima.sadeg@gmail.com\">hayetnassima.sadeg@gmail.com<\/a><\/td><\/tr><tr><td>Mlle<\/td><td><strong>Belaribi Yosra Setti<\/strong><\/td><td>Doctorante<\/td><td>\u00c9conomie, \u00c9conom\u00e9trie et Finances<\/td><td>Univ. Mostaganem<\/td><td><a href=\"mailto:belaribi.yosra@gmail.com\">belaribi.yosra@gmail.com<\/a><\/td><\/tr><tr><td>Mr.<\/td><td><strong>Mchikel Ilyes<\/strong><\/td><td>Doctorant<\/td><td><\/td><td><\/td><td><\/td><\/tr><\/tbody><\/table><\/figure>\n","protected":false},"excerpt":{"rendered":"<p>\ud83d\udd39 \u00c9quipe de Recherche Strat\u00e9gie Industrielle, Croissance et Comp\u00e9titivit\u00e9 \ud83d\udc64 Chef d\u2019\u00e9quipe Ouddane Bouabdellah\u0631\u0626\u064a\u0633 \u0641\u0631\u0642\u0629 \u0627\u0644\u0628\u062d\u062b \ud83c\udff7\ufe0f Classement th\u00e9matique Domaines : \u00c9conomie \u00c9conom\u00e9trie et Finances Commerce Gestion et Comptabilit\u00e9 \ud83d\udcd6 Description du programme de recherche L\u2019industrie constitue un levier fondamental de la croissance \u00e9conomique. Dans un contexte de mondialisation caract\u00e9ris\u00e9 par une intensification de la &hellip;<\/p>\n","protected":false},"author":10,"featured_media":0,"parent":0,"menu_order":0,"comment_status":"closed","ping_status":"closed","template":"","meta":{"_coblocks_attr":"","_coblocks_dimensions":"","_coblocks_responsive_height":"","_coblocks_accordion_ie_support":"","footnotes":""},"class_list":["post-40","page","type-page","status-publish","hentry"],"_links":{"self":[{"href":"https:\/\/laboratoire.univ-mosta.dz\/poidex\/wp-json\/wp\/v2\/pages\/40","targetHints":{"allow":["GET"]}}],"collection":[{"href":"https:\/\/laboratoire.univ-mosta.dz\/poidex\/wp-json\/wp\/v2\/pages"}],"about":[{"href":"https:\/\/laboratoire.univ-mosta.dz\/poidex\/wp-json\/wp\/v2\/types\/page"}],"author":[{"embeddable":true,"href":"https:\/\/laboratoire.univ-mosta.dz\/poidex\/wp-json\/wp\/v2\/users\/10"}],"replies":[{"embeddable":true,"href":"https:\/\/laboratoire.univ-mosta.dz\/poidex\/wp-json\/wp\/v2\/comments?post=40"}],"version-history":[{"count":9,"href":"https:\/\/laboratoire.univ-mosta.dz\/poidex\/wp-json\/wp\/v2\/pages\/40\/revisions"}],"predecessor-version":[{"id":94,"href":"https:\/\/laboratoire.univ-mosta.dz\/poidex\/wp-json\/wp\/v2\/pages\/40\/revisions\/94"}],"wp:attachment":[{"href":"https:\/\/laboratoire.univ-mosta.dz\/poidex\/wp-json\/wp\/v2\/media?parent=40"}],"curies":[{"name":"wp","href":"https:\/\/api.w.org\/{rel}","templated":true}]}}