{"id":20,"date":"2026-03-03T10:50:32","date_gmt":"2026-03-03T09:50:32","guid":{"rendered":"https:\/\/laboratoire.univ-mosta.dz\/poidex\/?page_id=20"},"modified":"2026-03-09T11:14:16","modified_gmt":"2026-03-09T10:14:16","slug":"presentation","status":"publish","type":"page","link":"https:\/\/laboratoire.univ-mosta.dz\/poidex\/presentation\/","title":{"rendered":"Pr\u00e9sentation"},"content":{"rendered":"\n<p>Le laboratoire : \u00abPOIDEX \u00bb Politique Industrielle et D\u00e9veloppement des \u00c9changes Ext\u00e9rieurs a \u00e9t\u00e9 cr\u00e9\u00e9 le 13 avril 2011par l\u2019arr\u00eat\u00e9 minist\u00e9riel n\u00b0324<br>. Il est rattach\u00e9 \u00e0 la Facult\u00e9 des Sciences \u00c9conomiques, Sciences de Gestion et Sciences Commerciales de l&rsquo; Universit\u00e9 Abdelhamid Ibn Badis de Mostaganem. Dirig\u00e9 par le professeur Youcefi Rachid, il compte aujourd\u2019hui trente deux chercheurs et vingts doctorants r\u00e9partis en six (06) \u00e9quipes qui visent les objectifs suivants:<br>-La formation des jeunes chercheurs (doctorants), la contribution \u00e0 la recherche dans les diff\u00e9rents domaines de la politique industrielle et du management international ainsi que la participation aux diff\u00e9rentes \u00e9tudes et manifestations acad\u00e9miques relatives \u00e0 l\u2019insertion de l\u2019\u00e9conomie alg\u00e9rienne dans l\u2019\u00e9conomie mondiale<\/p>\n\n\n\n<h1 class=\"wp-block-heading\">\ud83c\udfdb\ufe0f Laboratoire POIDEX<\/h1>\n\n\n\n<h2 class=\"wp-block-heading\">Politique Industrielle et D\u00e9veloppement des \u00c9changes Ext\u00e9rieurs<\/h2>\n\n\n\n<h2 class=\"wp-block-heading\">\ud83d\udd39 \u00c9tablissement de rattachement<\/h2>\n\n\n\n<p><strong>\u00c9tablissement :<\/strong> Universit\u00e9 de Mostaganem &#8211; Abdelhamid Ibn Badis<br><strong>Facult\u00e9 \/ Institut :<\/strong> SECG<br><strong>D\u00e9partement :<\/strong> Sciences Commerciales<\/p>\n\n\n\n<hr class=\"wp-block-separator has-alpha-channel-opacity\" \/>\n\n\n\n<h2 class=\"wp-block-heading\">\ud83d\udd39 Identification de l\u2019entit\u00e9 de recherche<\/h2>\n\n\n\n<p><strong>Intitul\u00e9 en langue nationale :<\/strong><br>\u0627\u0644\u0633\u064a\u0627\u0633\u0629 \u0627\u0644\u0635\u0646\u0627\u0639\u064a\u0629 \u0648 \u062a\u0646\u0645\u064a\u0629 \u0627\u0644\u0645\u0628\u0627\u062f\u0644\u0627\u062a \u0627\u0644\u062e\u0627\u0631\u062c\u064a\u0629<\/p>\n\n\n\n<p><strong>Intitul\u00e9 en fran\u00e7ais :<\/strong><br>Politique Industrielle et D\u00e9veloppement des \u00c9changes Ext\u00e9rieurs<\/p>\n\n\n\n<p><strong>Acronyme :<\/strong> POIDEX<br><strong>N\u00b0 d\u2019Arr\u00eat\u00e9 :<\/strong> 146<br><strong>Date de cr\u00e9ation :<\/strong> 16\/03\/2011<\/p>\n\n\n\n<hr class=\"wp-block-separator has-alpha-channel-opacity\" \/>\n\n\n\n<h2 class=\"wp-block-heading\">\ud83d\udd39 Direction du laboratoire<\/h2>\n\n\n\n<p><strong>Directeur :<\/strong> Youcefi Rachid (\u0644\u0642\u0628 \u0648\u0627\u0633\u0645 \u0645\u062f\u064a\u0631 \u0627\u0644\u0645\u062e\u0628\u0631)<br><strong>Date de nomination :<\/strong> 03\/01\/2024<\/p>\n\n\n\n<p><strong>Pr\u00e9c\u00e9dent Directeur :<\/strong> Youcefi Rachid (\u0644\u0642\u0628 \u0648\u0627\u0633\u0645 \u0627\u0644\u0645\u062f\u064a\u0631 \u0627\u0644\u0633\u0627\u0628\u0642 \u0644\u0644\u0645\u062e\u0628\u0631)<\/p>\n\n\n\n<hr class=\"wp-block-separator has-alpha-channel-opacity\" \/>\n\n\n\n<h2 class=\"wp-block-heading\">\ud83d\udd39 Effectif du laboratoire<\/h2>\n\n\n\n<h3 class=\"wp-block-heading\">\ud83d\udccc Structure<\/h3>\n\n\n\n<ul class=\"wp-block-list\">\n<li><strong>Nombre d\u2019\u00e9quipes :<\/strong> 6<\/li>\n\n\n\n<li><strong>Nombre total de chercheurs :<\/strong> 52<\/li>\n\n\n\n<li><strong>Personnel de soutien :<\/strong> 1<\/li>\n<\/ul>\n\n\n\n<h3 class=\"wp-block-heading\">\ud83d\udcca R\u00e9partition des chercheurs<\/h3>\n\n\n\n<h4 class=\"wp-block-heading\">\ud83d\udd39 Chercheurs de l\u2019\u00e9tablissement<\/h4>\n\n\n\n<ul class=\"wp-block-list\">\n<li>Professeurs : 6<\/li>\n\n\n\n<li>MCA : 13<\/li>\n\n\n\n<li>MCB : 6<\/li>\n\n\n\n<li>MAA : 4<\/li>\n\n\n\n<li>Doctorants : 20<\/li>\n\n\n\n<li><strong>Total : 49<\/strong><\/li>\n<\/ul>\n\n\n\n<h4 class=\"wp-block-heading\">\ud83d\udd39 Chercheurs hors \u00e9tablissement<\/h4>\n\n\n\n<ul class=\"wp-block-list\">\n<li>Professeurs : 1<\/li>\n\n\n\n<li>MCA : 2<\/li>\n\n\n\n<li><strong>Total : 3<\/strong><\/li>\n<\/ul>\n\n\n\n<p><strong>Nombre de chercheurs associ\u00e9s :<\/strong> \u2014<\/p>\n\n\n\n<hr class=\"wp-block-separator has-alpha-channel-opacity\" \/>\n\n\n\n<h2 class=\"wp-block-heading\">\ud83d\udd39 Classement th\u00e9matique<\/h2>\n\n\n\n<p><strong>Grand Domaine :<\/strong><br>GD8 \u2013 Sciences sociales<\/p>\n\n\n\n<p><strong>Domaines :<\/strong><\/p>\n\n\n\n<ul class=\"wp-block-list\">\n<li>\u00c9conomie, \u00c9conom\u00e9trie et Finances<\/li>\n\n\n\n<li>Commerce, Gestion et Comptabilit\u00e9<\/li>\n<\/ul>\n\n\n\n<hr class=\"wp-block-separator has-alpha-channel-opacity\" \/>\n\n\n\n<h2 class=\"wp-block-heading\">\ud83d\udd39 Coordonn\u00e9es<\/h2>\n\n\n\n<p>\ud83d\udce7 <strong>Email :<\/strong> <a>lab.poidex@gmail.com<\/a><br>\ud83c\udf10 <strong>Site Web :<\/strong> <a href=\"http:\/\/laboratoire.univ-mosta.dz\/poidex\">http:\/\/laboratoire.univ-mosta.dz\/poidex<\/a><br>\u260e <strong>T\u00e9l\u00e9phone :<\/strong> 045 41 68 31<br>\ud83d\udcf1 <strong>Mobile :<\/strong> 0773 64 30 86<br>\ud83d\udce0 <strong>Fax :<\/strong> \u2014<\/p>\n","protected":false},"excerpt":{"rendered":"<p>Le laboratoire : \u00abPOIDEX \u00bb Politique Industrielle et D\u00e9veloppement des \u00c9changes Ext\u00e9rieurs a \u00e9t\u00e9 cr\u00e9\u00e9 le 13 avril 2011par l\u2019arr\u00eat\u00e9 minist\u00e9riel n\u00b0324. Il est rattach\u00e9 \u00e0 la Facult\u00e9 des Sciences \u00c9conomiques, Sciences de Gestion et Sciences Commerciales de l&rsquo; Universit\u00e9 Abdelhamid Ibn Badis de Mostaganem. Dirig\u00e9 par le professeur Youcefi Rachid, il compte aujourd\u2019hui trente &hellip;<\/p>\n","protected":false},"author":10,"featured_media":0,"parent":0,"menu_order":0,"comment_status":"closed","ping_status":"closed","template":"","meta":{"_coblocks_attr":"","_coblocks_dimensions":"","_coblocks_responsive_height":"","_coblocks_accordion_ie_support":"","footnotes":""},"class_list":["post-20","page","type-page","status-publish","hentry"],"_links":{"self":[{"href":"https:\/\/laboratoire.univ-mosta.dz\/poidex\/wp-json\/wp\/v2\/pages\/20","targetHints":{"allow":["GET"]}}],"collection":[{"href":"https:\/\/laboratoire.univ-mosta.dz\/poidex\/wp-json\/wp\/v2\/pages"}],"about":[{"href":"https:\/\/laboratoire.univ-mosta.dz\/poidex\/wp-json\/wp\/v2\/types\/page"}],"author":[{"embeddable":true,"href":"https:\/\/laboratoire.univ-mosta.dz\/poidex\/wp-json\/wp\/v2\/users\/10"}],"replies":[{"embeddable":true,"href":"https:\/\/laboratoire.univ-mosta.dz\/poidex\/wp-json\/wp\/v2\/comments?post=20"}],"version-history":[{"count":2,"href":"https:\/\/laboratoire.univ-mosta.dz\/poidex\/wp-json\/wp\/v2\/pages\/20\/revisions"}],"predecessor-version":[{"id":35,"href":"https:\/\/laboratoire.univ-mosta.dz\/poidex\/wp-json\/wp\/v2\/pages\/20\/revisions\/35"}],"wp:attachment":[{"href":"https:\/\/laboratoire.univ-mosta.dz\/poidex\/wp-json\/wp\/v2\/media?parent=20"}],"curies":[{"name":"wp","href":"https:\/\/api.w.org\/{rel}","templated":true}]}}