{"id":82,"date":"2022-02-20T18:08:52","date_gmt":"2022-02-20T17:08:52","guid":{"rendered":"https:\/\/laboratoire.univ-mosta.dz\/ecp3m\/?page_id=82"},"modified":"2022-02-20T20:13:07","modified_gmt":"2022-02-20T19:13:07","slug":"equipe-5","status":"publish","type":"page","link":"https:\/\/laboratoire.univ-mosta.dz\/ecp3m\/equipes-de-recherche\/equipe-5\/","title":{"rendered":"\u00c9quipe 5"},"content":{"rendered":"\n<p style=\"font-size:38px\">Compos\u00e9s et Alliages Magn\u00e9tiques (CAM)<\/p>\n\n\n\n<div class=\"wp-block-image\"><figure class=\"alignright size-full\"><img loading=\"lazy\" decoding=\"async\" width=\"185\" height=\"272\" src=\"https:\/\/laboratoire.univ-mosta.dz\/ecp3m\/wp-content\/uploads\/sites\/3\/2022\/02\/images.jpg\" alt=\"\" class=\"wp-image-109\" \/><\/figure><\/div>\n\n\n\n<p style=\"font-size:21px\">Chef d&rsquo;\u00e9quipe : Dr. Hamza ABBASSA<\/p>\n\n\n\n<p>L&rsquo;activit\u00e9 de recherche de cette \u00e9quipe est bas\u00e9e essentiellement aux propri\u00e9t\u00e9s magn\u00e9tiques des alliages.<br>Cette \u00e9quipe a l\u2019ambition de promouvoir la formation des masters, et des doctorants. Les moyens mat\u00e9riels \u00e9quipements, PC, logiciels seront mis \u00e0 la disposition de ces post-graduant et \u00e0 la promotion de la recherche.<\/p>\n","protected":false},"excerpt":{"rendered":"<p>Compos\u00e9s et Alliages Magn\u00e9tiques (CAM) Chef d&rsquo;\u00e9quipe : Dr. Hamza ABBASSA L&rsquo;activit\u00e9 de recherche de cette \u00e9quipe est bas\u00e9e essentiellement<\/p>\n","protected":false},"author":3,"featured_media":0,"parent":51,"menu_order":5,"comment_status":"closed","ping_status":"closed","template":"","meta":{"colormag_page_container_layout":"no_sidebar_full_width","colormag_page_sidebar_layout":"no_sidebar","_eb_attr":"","_coblocks_attr":"","_coblocks_dimensions":"","_coblocks_responsive_height":"","_coblocks_accordion_ie_support":"","footnotes":""},"class_list":["post-82","page","type-page","status-publish","hentry"],"_links":{"self":[{"href":"https:\/\/laboratoire.univ-mosta.dz\/ecp3m\/wp-json\/wp\/v2\/pages\/82","targetHints":{"allow":["GET"]}}],"collection":[{"href":"https:\/\/laboratoire.univ-mosta.dz\/ecp3m\/wp-json\/wp\/v2\/pages"}],"about":[{"href":"https:\/\/laboratoire.univ-mosta.dz\/ecp3m\/wp-json\/wp\/v2\/types\/page"}],"author":[{"embeddable":true,"href":"https:\/\/laboratoire.univ-mosta.dz\/ecp3m\/wp-json\/wp\/v2\/users\/3"}],"replies":[{"embeddable":true,"href":"https:\/\/laboratoire.univ-mosta.dz\/ecp3m\/wp-json\/wp\/v2\/comments?post=82"}],"version-history":[{"count":2,"href":"https:\/\/laboratoire.univ-mosta.dz\/ecp3m\/wp-json\/wp\/v2\/pages\/82\/revisions"}],"predecessor-version":[{"id":119,"href":"https:\/\/laboratoire.univ-mosta.dz\/ecp3m\/wp-json\/wp\/v2\/pages\/82\/revisions\/119"}],"up":[{"embeddable":true,"href":"https:\/\/laboratoire.univ-mosta.dz\/ecp3m\/wp-json\/wp\/v2\/pages\/51"}],"wp:attachment":[{"href":"https:\/\/laboratoire.univ-mosta.dz\/ecp3m\/wp-json\/wp\/v2\/media?parent=82"}],"curies":[{"name":"wp","href":"https:\/\/api.w.org\/{rel}","templated":true}]}}