{"id":78,"date":"2022-02-20T18:08:00","date_gmt":"2022-02-20T17:08:00","guid":{"rendered":"https:\/\/laboratoire.univ-mosta.dz\/ecp3m\/?page_id=78"},"modified":"2022-02-20T20:04:35","modified_gmt":"2022-02-20T19:04:35","slug":"equipe-3","status":"publish","type":"page","link":"https:\/\/laboratoire.univ-mosta.dz\/ecp3m\/equipes-de-recherche\/equipe-3\/","title":{"rendered":"\u00c9quipe 3"},"content":{"rendered":"\n<p style=\"font-size:38px\">Elaboration et Caract\u00e9risation des Mat\u00e9riaux (ECM)<\/p>\n\n\n\n<div class=\"wp-block-image\"><figure class=\"alignright size-full\"><img loading=\"lazy\" decoding=\"async\" width=\"185\" height=\"272\" src=\"https:\/\/laboratoire.univ-mosta.dz\/ecp3m\/wp-content\/uploads\/sites\/3\/2022\/02\/images.jpg\" alt=\"\" class=\"wp-image-109\" \/><\/figure><\/div>\n\n\n\n<p style=\"font-size:21px\">Cef d&rsquo;\u00e9quipe : Dr. Cherf ABBES<\/p>\n\n\n\n<p>Cette \u00e9quipe a des comp\u00e9tences dans l&rsquo;\u00e9laboration de nouveaux mat\u00e9riaux granulaires, dans l&rsquo;analyse par microscopies et traitements d&rsquo;image, dans l&rsquo;am\u00e9lioration des performances physico \u2013 m\u00e9caniques des mat\u00e9riaux, dans l&rsquo;\u00e9tude et l&rsquo;analyse des mat\u00e9riaux par mod\u00e9lisation, dans l&rsquo;analyse par les m\u00e9thodes ATD, rayons X, microscopies optique et \u00e9lectronique.<\/p>\n","protected":false},"excerpt":{"rendered":"<p>Elaboration et Caract\u00e9risation des Mat\u00e9riaux (ECM) Cef d&rsquo;\u00e9quipe : Dr. Cherf ABBES Cette \u00e9quipe a des comp\u00e9tences dans l&rsquo;\u00e9laboration de<\/p>\n","protected":false},"author":3,"featured_media":0,"parent":51,"menu_order":3,"comment_status":"closed","ping_status":"closed","template":"","meta":{"colormag_page_container_layout":"default_layout","colormag_page_sidebar_layout":"default_layout","_eb_attr":"","_coblocks_attr":"","_coblocks_dimensions":"","_coblocks_responsive_height":"","_coblocks_accordion_ie_support":"","footnotes":""},"class_list":["post-78","page","type-page","status-publish","hentry"],"_links":{"self":[{"href":"https:\/\/laboratoire.univ-mosta.dz\/ecp3m\/wp-json\/wp\/v2\/pages\/78","targetHints":{"allow":["GET"]}}],"collection":[{"href":"https:\/\/laboratoire.univ-mosta.dz\/ecp3m\/wp-json\/wp\/v2\/pages"}],"about":[{"href":"https:\/\/laboratoire.univ-mosta.dz\/ecp3m\/wp-json\/wp\/v2\/types\/page"}],"author":[{"embeddable":true,"href":"https:\/\/laboratoire.univ-mosta.dz\/ecp3m\/wp-json\/wp\/v2\/users\/3"}],"replies":[{"embeddable":true,"href":"https:\/\/laboratoire.univ-mosta.dz\/ecp3m\/wp-json\/wp\/v2\/comments?post=78"}],"version-history":[{"count":2,"href":"https:\/\/laboratoire.univ-mosta.dz\/ecp3m\/wp-json\/wp\/v2\/pages\/78\/revisions"}],"predecessor-version":[{"id":114,"href":"https:\/\/laboratoire.univ-mosta.dz\/ecp3m\/wp-json\/wp\/v2\/pages\/78\/revisions\/114"}],"up":[{"embeddable":true,"href":"https:\/\/laboratoire.univ-mosta.dz\/ecp3m\/wp-json\/wp\/v2\/pages\/51"}],"wp:attachment":[{"href":"https:\/\/laboratoire.univ-mosta.dz\/ecp3m\/wp-json\/wp\/v2\/media?parent=78"}],"curies":[{"name":"wp","href":"https:\/\/api.w.org\/{rel}","templated":true}]}}