{"id":74,"date":"2022-02-20T18:05:23","date_gmt":"2022-02-20T17:05:23","guid":{"rendered":"https:\/\/laboratoire.univ-mosta.dz\/ecp3m\/?page_id=74"},"modified":"2022-02-20T20:41:33","modified_gmt":"2022-02-20T19:41:33","slug":"equipe-1","status":"publish","type":"page","link":"https:\/\/laboratoire.univ-mosta.dz\/ecp3m\/equipes-de-recherche\/equipe-1\/","title":{"rendered":"\u00c9quipe 1"},"content":{"rendered":"\n<p style=\"font-size:38px\">Simulation et Caract\u00e9risation des Alliages (SCA)<\/p>\n\n\n\n<p style=\"font-size:21px\">Chef d&rsquo;\u00e9quipe : Dr. Said MESKINE<\/p>\n\n\n\n<div class=\"wp-block-image\"><figure class=\"alignright size-large is-resized\"><img loading=\"lazy\" decoding=\"async\" src=\"https:\/\/laboratoire.univ-mosta.dz\/ecp3m\/wp-content\/uploads\/sites\/3\/2022\/02\/Photo-identite-815x1024.jpg\" alt=\"\" class=\"wp-image-100\" width=\"156\" height=\"196\" \/><\/figure><\/div>\n\n\n\n<p>L&rsquo;activit\u00e9 de recherche de cette \u00e9quipe r\u00e9pond aux pr\u00e9occupations des entreprises utilisatrices des mat\u00e9riaux tels que les alliages. Plusieurs th\u00e8mes de recherche sont en relation directes avec les processus de fabrication des alliages dans les entreprise. La simulation num\u00e9riques des alliages , la r\u00e9alisation et la caract\u00e9risation physique et m\u00e9canique des mat\u00e9riaux ont \u00e9t\u00e9 d\u00e9velopp\u00e9s. Des analyses au moyen de la spectroscopie, rayons X, microscopies optique et \u00e9lectronique seront effectu\u00e9es. L&rsquo;analyse et l&rsquo;am\u00e9lioration des propri\u00e9t\u00e9s de certaines alliages rel\u00e8vent \u00e9galement des comp\u00e9tences de cette \u00e9quipe.<br>Cette \u00e9quipe a l\u2019ambition de promouvoir la formation des masters, et des doctorants. Les moyens mat\u00e9riels \u00e9quipements lourds, logiciels seront mis \u00e0 la disposition de ces post-graduant et \u00e0 la promotion de la recherche.<\/p>\n","protected":false},"excerpt":{"rendered":"<p>Simulation et Caract\u00e9risation des Alliages (SCA) Chef d&rsquo;\u00e9quipe : Dr. Said MESKINE L&rsquo;activit\u00e9 de recherche de cette \u00e9quipe r\u00e9pond aux<\/p>\n","protected":false},"author":3,"featured_media":0,"parent":51,"menu_order":1,"comment_status":"closed","ping_status":"closed","template":"","meta":{"colormag_page_container_layout":"no_sidebar_full_width","colormag_page_sidebar_layout":"no_sidebar","_coblocks_attr":"","_coblocks_dimensions":"","_coblocks_responsive_height":"","_coblocks_accordion_ie_support":"","footnotes":""},"class_list":["post-74","page","type-page","status-publish","hentry"],"_links":{"self":[{"href":"https:\/\/laboratoire.univ-mosta.dz\/ecp3m\/wp-json\/wp\/v2\/pages\/74","targetHints":{"allow":["GET"]}}],"collection":[{"href":"https:\/\/laboratoire.univ-mosta.dz\/ecp3m\/wp-json\/wp\/v2\/pages"}],"about":[{"href":"https:\/\/laboratoire.univ-mosta.dz\/ecp3m\/wp-json\/wp\/v2\/types\/page"}],"author":[{"embeddable":true,"href":"https:\/\/laboratoire.univ-mosta.dz\/ecp3m\/wp-json\/wp\/v2\/users\/3"}],"replies":[{"embeddable":true,"href":"https:\/\/laboratoire.univ-mosta.dz\/ecp3m\/wp-json\/wp\/v2\/comments?post=74"}],"version-history":[{"count":14,"href":"https:\/\/laboratoire.univ-mosta.dz\/ecp3m\/wp-json\/wp\/v2\/pages\/74\/revisions"}],"predecessor-version":[{"id":128,"href":"https:\/\/laboratoire.univ-mosta.dz\/ecp3m\/wp-json\/wp\/v2\/pages\/74\/revisions\/128"}],"up":[{"embeddable":true,"href":"https:\/\/laboratoire.univ-mosta.dz\/ecp3m\/wp-json\/wp\/v2\/pages\/51"}],"wp:attachment":[{"href":"https:\/\/laboratoire.univ-mosta.dz\/ecp3m\/wp-json\/wp\/v2\/media?parent=74"}],"curies":[{"name":"wp","href":"https:\/\/api.w.org\/{rel}","templated":true}]}}