{"id":51,"date":"2021-12-16T23:59:57","date_gmt":"2021-12-16T22:59:57","guid":{"rendered":"https:\/\/laboratoire.univ-mosta.dz\/ecp3m\/?page_id=51"},"modified":"2022-02-20T18:36:20","modified_gmt":"2022-02-20T17:36:20","slug":"equipes-de-recherche","status":"publish","type":"page","link":"https:\/\/laboratoire.univ-mosta.dz\/ecp3m\/equipes-de-recherche\/","title":{"rendered":"Equipes de recherche"},"content":{"rendered":"\n<p>Notre laboratoire poss\u00e8de plusieurs axes de recherche et de ce fait il compte cinq \u00e9quipes. Chacune est sp\u00e9cialis\u00e9e dans un domaine pr\u00e9cis de la physique. &nbsp;&nbsp;&nbsp;&nbsp;<\/p>\n\n\n\n<ul class=\"wp-block-list\"><li><a href=\"https:\/\/laboratoire.univ-mosta.dz\/ecp3m\/equipes-de-recherche\/equipe-1\/\" data-type=\"page\" data-id=\"74\"><strong>Equipe 1 : Simulation et Caract\u00e9risation des Alliages<\/strong> <\/a><\/li><li><strong><a href=\"https:\/\/laboratoire.univ-mosta.dz\/ecp3m\/equipes-de-recherche\/equipe-2\/\" data-type=\"page\" data-id=\"76\">Equipe 2 : Comportement des Mat\u00e9riaux sous Chargement Cyclique et M\u00e9canique de Contact<\/a><\/strong><\/li><li><strong><a href=\"https:\/\/laboratoire.univ-mosta.dz\/ecp3m\/equipes-de-recherche\/equipe-3\/\" data-type=\"page\" data-id=\"78\">Equipe 3 : Elaboration et Caract\u00e9risation des Mat\u00e9riaux<\/a><\/strong><\/li><li><strong><a href=\"https:\/\/laboratoire.univ-mosta.dz\/ecp3m\/equipes-de-recherche\/equipe-4\/\" data-type=\"page\" data-id=\"80\">Equipe 4 : Simulation Mod\u00e9lisation en Physique des Mat\u00e9riaux Multi-Echelles<\/a><\/strong><\/li><li><strong><a href=\"https:\/\/laboratoire.univ-mosta.dz\/ecp3m\/equipes-de-recherche\/equipe-5\/\" data-type=\"page\" data-id=\"82\">Equipe 5 : Compos\u00e9s et Alliages Magn\u00e9tiques<\/a><\/strong><\/li><\/ul>\n\n\n\n<p><\/p>\n","protected":false},"excerpt":{"rendered":"<p>Notre laboratoire poss\u00e8de plusieurs axes de recherche et de ce fait il compte cinq \u00e9quipes. Chacune est sp\u00e9cialis\u00e9e dans un<\/p>\n","protected":false},"author":3,"featured_media":0,"parent":0,"menu_order":2,"comment_status":"closed","ping_status":"closed","template":"","meta":{"colormag_page_container_layout":"no_sidebar_content_centered","colormag_page_sidebar_layout":"no_sidebar","_eb_attr":"","_coblocks_attr":"","_coblocks_dimensions":"","_coblocks_responsive_height":"","_coblocks_accordion_ie_support":"","footnotes":""},"class_list":["post-51","page","type-page","status-publish","hentry"],"_links":{"self":[{"href":"https:\/\/laboratoire.univ-mosta.dz\/ecp3m\/wp-json\/wp\/v2\/pages\/51","targetHints":{"allow":["GET"]}}],"collection":[{"href":"https:\/\/laboratoire.univ-mosta.dz\/ecp3m\/wp-json\/wp\/v2\/pages"}],"about":[{"href":"https:\/\/laboratoire.univ-mosta.dz\/ecp3m\/wp-json\/wp\/v2\/types\/page"}],"author":[{"embeddable":true,"href":"https:\/\/laboratoire.univ-mosta.dz\/ecp3m\/wp-json\/wp\/v2\/users\/3"}],"replies":[{"embeddable":true,"href":"https:\/\/laboratoire.univ-mosta.dz\/ecp3m\/wp-json\/wp\/v2\/comments?post=51"}],"version-history":[{"count":5,"href":"https:\/\/laboratoire.univ-mosta.dz\/ecp3m\/wp-json\/wp\/v2\/pages\/51\/revisions"}],"predecessor-version":[{"id":90,"href":"https:\/\/laboratoire.univ-mosta.dz\/ecp3m\/wp-json\/wp\/v2\/pages\/51\/revisions\/90"}],"wp:attachment":[{"href":"https:\/\/laboratoire.univ-mosta.dz\/ecp3m\/wp-json\/wp\/v2\/media?parent=51"}],"curies":[{"name":"wp","href":"https:\/\/api.w.org\/{rel}","templated":true}]}}