{"id":49,"date":"2021-12-16T23:56:17","date_gmt":"2021-12-16T22:56:17","guid":{"rendered":"https:\/\/laboratoire.univ-mosta.dz\/ecp3m\/?page_id=49"},"modified":"2025-05-22T18:33:24","modified_gmt":"2025-05-22T17:33:24","slug":"le-laboratoire","status":"publish","type":"page","link":"https:\/\/laboratoire.univ-mosta.dz\/ecp3m\/","title":{"rendered":"LE LABORATOIRE"},"content":{"rendered":"\n<p><strong>Bienvenue sur le site du Laboratoire d&rsquo;\u00c9laboration et de Caract\u00e9risation Physico-M\u00e9canique et M\u00e9tallurgique des Mat\u00e9riaux (ECP3M)<\/strong> <\/p>\n\n\n\n<p>Cr\u00e9\u00e9 en 2010, le laboratoire <strong>ECP3M<\/strong> est un espace d\u00e9di\u00e9 \u00e0 la recherche scientifique, \u00e0 l\u2019innovation et \u00e0 l\u2019excellence acad\u00e9mique dans le domaine des mat\u00e9riaux. Notre mission est de d\u00e9velopper des approches avanc\u00e9es pour l\u2019\u00e9laboration, la caract\u00e9risation et l\u2019analyse des propri\u00e9t\u00e9s physico-m\u00e9caniques et m\u00e9tallurgiques des mat\u00e9riaux, dans le but de r\u00e9pondre aux d\u00e9fis technologiques actuels et futurs. Notre \u00e9quipe, compos\u00e9e de chercheurs, d\u2019enseignants-chercheurs, de doctorants et de partenaires industriels, \u0153uvre dans une dynamique pluridisciplinaire, en associant recherche fondamentale et appliqu\u00e9e. Le laboratoire ECP3M s\u2019engage \u00e9galement \u00e0 la formation de jeunes chercheurs et \u00e0 la valorisation des r\u00e9sultats de la recherche \u00e0 travers des publications scientifiques, des collaborations nationales et internationales, ainsi que des projets de d\u00e9veloppement technologique. Nous vous invitons \u00e0 explorer notre site pour d\u00e9couvrir nos axes de recherche, nos projets en cours, nos publications, ainsi que les diff\u00e9rentes plateformes exp\u00e9rimentales dont nous disposons. <\/p>\n\n\n\n<p><strong>Bienvenue dans l\u2019univers ECP3M, o\u00f9 science et innovation fa\u00e7onnent les mat\u00e9riaux de demain.<\/strong><\/p>\n\n\n\n<p class=\"has-text-align-right\">Directeur du Laboratoire <a href=\"https:\/\/drive.google.com\/file\/d\/1ehuQswYUJt9QJ2Vhe6oyhve5qxQj7Ylx\/view?usp=sharing\"><strong>Professeur BOUKORTT Abdelkader<\/strong><\/a><\/p>\n\n\n\n<div class=\"wp-block-group is-layout-flow wp-block-group-is-layout-flow\">\n<figure class=\"wp-block-gallery has-nested-images columns-default is-cropped coblocks-animate wp-block-gallery-1 is-layout-flex wp-block-gallery-is-layout-flex\" data-coblocks-animation=\"slideInLeft\">\n<figure class=\"wp-block-image size-large\"><img loading=\"lazy\" decoding=\"async\" width=\"575\" height=\"1024\" data-id=\"142\" src=\"https:\/\/laboratoire.univ-mosta.dz\/ecp3m\/wp-content\/uploads\/sites\/3\/2022\/02\/IMG_20190609_125444-575x1024.jpg\" alt=\"\" class=\"wp-image-142\" srcset=\"https:\/\/laboratoire.univ-mosta.dz\/ecp3m\/wp-content\/uploads\/sites\/3\/2022\/02\/IMG_20190609_125444-575x1024.jpg 575w, https:\/\/laboratoire.univ-mosta.dz\/ecp3m\/wp-content\/uploads\/sites\/3\/2022\/02\/IMG_20190609_125444-168x300.jpg 168w, https:\/\/laboratoire.univ-mosta.dz\/ecp3m\/wp-content\/uploads\/sites\/3\/2022\/02\/IMG_20190609_125444-768x1368.jpg 768w, https:\/\/laboratoire.univ-mosta.dz\/ecp3m\/wp-content\/uploads\/sites\/3\/2022\/02\/IMG_20190609_125444-863x1536.jpg 863w, https:\/\/laboratoire.univ-mosta.dz\/ecp3m\/wp-content\/uploads\/sites\/3\/2022\/02\/IMG_20190609_125444-1150x2048.jpg 1150w, https:\/\/laboratoire.univ-mosta.dz\/ecp3m\/wp-content\/uploads\/sites\/3\/2022\/02\/IMG_20190609_125444-scaled.jpg 1438w\" sizes=\"auto, (max-width: 575px) 100vw, 575px\" \/><\/figure>\n\n\n\n<figure class=\"wp-block-image size-large\"><img loading=\"lazy\" decoding=\"async\" width=\"575\" height=\"1024\" data-id=\"141\" src=\"https:\/\/laboratoire.univ-mosta.dz\/ecp3m\/wp-content\/uploads\/sites\/3\/2022\/02\/IMG_20190609_132805-575x1024.jpg\" alt=\"\" class=\"wp-image-141\" srcset=\"https:\/\/laboratoire.univ-mosta.dz\/ecp3m\/wp-content\/uploads\/sites\/3\/2022\/02\/IMG_20190609_132805-575x1024.jpg 575w, https:\/\/laboratoire.univ-mosta.dz\/ecp3m\/wp-content\/uploads\/sites\/3\/2022\/02\/IMG_20190609_132805-168x300.jpg 168w, https:\/\/laboratoire.univ-mosta.dz\/ecp3m\/wp-content\/uploads\/sites\/3\/2022\/02\/IMG_20190609_132805-768x1368.jpg 768w, https:\/\/laboratoire.univ-mosta.dz\/ecp3m\/wp-content\/uploads\/sites\/3\/2022\/02\/IMG_20190609_132805-863x1536.jpg 863w, https:\/\/laboratoire.univ-mosta.dz\/ecp3m\/wp-content\/uploads\/sites\/3\/2022\/02\/IMG_20190609_132805-1150x2048.jpg 1150w, https:\/\/laboratoire.univ-mosta.dz\/ecp3m\/wp-content\/uploads\/sites\/3\/2022\/02\/IMG_20190609_132805-scaled.jpg 1438w\" sizes=\"auto, (max-width: 575px) 100vw, 575px\" \/><\/figure>\n\n\n\n<figure class=\"wp-block-image size-large\"><img loading=\"lazy\" decoding=\"async\" width=\"575\" height=\"1024\" data-id=\"140\" src=\"https:\/\/laboratoire.univ-mosta.dz\/ecp3m\/wp-content\/uploads\/sites\/3\/2022\/02\/IMG_20190609_133139-575x1024.jpg\" alt=\"\" class=\"wp-image-140\" srcset=\"https:\/\/laboratoire.univ-mosta.dz\/ecp3m\/wp-content\/uploads\/sites\/3\/2022\/02\/IMG_20190609_133139-575x1024.jpg 575w, https:\/\/laboratoire.univ-mosta.dz\/ecp3m\/wp-content\/uploads\/sites\/3\/2022\/02\/IMG_20190609_133139-168x300.jpg 168w, https:\/\/laboratoire.univ-mosta.dz\/ecp3m\/wp-content\/uploads\/sites\/3\/2022\/02\/IMG_20190609_133139-768x1368.jpg 768w, https:\/\/laboratoire.univ-mosta.dz\/ecp3m\/wp-content\/uploads\/sites\/3\/2022\/02\/IMG_20190609_133139-863x1536.jpg 863w, https:\/\/laboratoire.univ-mosta.dz\/ecp3m\/wp-content\/uploads\/sites\/3\/2022\/02\/IMG_20190609_133139-1150x2048.jpg 1150w, https:\/\/laboratoire.univ-mosta.dz\/ecp3m\/wp-content\/uploads\/sites\/3\/2022\/02\/IMG_20190609_133139-scaled.jpg 1438w\" sizes=\"auto, (max-width: 575px) 100vw, 575px\" \/><\/figure>\n<\/figure>\n<\/div>\n\n\n\n<p><\/p>\n","protected":false},"excerpt":{"rendered":"<p>Bienvenue sur le site du Laboratoire d&rsquo;\u00c9laboration et de Caract\u00e9risation Physico-M\u00e9canique et M\u00e9tallurgique des Mat\u00e9riaux (ECP3M) Cr\u00e9\u00e9 en 2010, le<\/p>\n","protected":false},"author":3,"featured_media":0,"parent":0,"menu_order":1,"comment_status":"closed","ping_status":"closed","template":"","meta":{"colormag_page_container_layout":"no_sidebar_full_width","colormag_page_sidebar_layout":"no_sidebar","_coblocks_attr":"","_coblocks_dimensions":"","_coblocks_responsive_height":"","_coblocks_accordion_ie_support":"","footnotes":""},"class_list":["post-49","page","type-page","status-publish","hentry"],"_links":{"self":[{"href":"https:\/\/laboratoire.univ-mosta.dz\/ecp3m\/wp-json\/wp\/v2\/pages\/49","targetHints":{"allow":["GET"]}}],"collection":[{"href":"https:\/\/laboratoire.univ-mosta.dz\/ecp3m\/wp-json\/wp\/v2\/pages"}],"about":[{"href":"https:\/\/laboratoire.univ-mosta.dz\/ecp3m\/wp-json\/wp\/v2\/types\/page"}],"author":[{"embeddable":true,"href":"https:\/\/laboratoire.univ-mosta.dz\/ecp3m\/wp-json\/wp\/v2\/users\/3"}],"replies":[{"embeddable":true,"href":"https:\/\/laboratoire.univ-mosta.dz\/ecp3m\/wp-json\/wp\/v2\/comments?post=49"}],"version-history":[{"count":10,"href":"https:\/\/laboratoire.univ-mosta.dz\/ecp3m\/wp-json\/wp\/v2\/pages\/49\/revisions"}],"predecessor-version":[{"id":368,"href":"https:\/\/laboratoire.univ-mosta.dz\/ecp3m\/wp-json\/wp\/v2\/pages\/49\/revisions\/368"}],"wp:attachment":[{"href":"https:\/\/laboratoire.univ-mosta.dz\/ecp3m\/wp-json\/wp\/v2\/media?parent=49"}],"curies":[{"name":"wp","href":"https:\/\/api.w.org\/{rel}","templated":true}]}}