{"id":385,"date":"2021-09-27T15:38:54","date_gmt":"2021-09-27T13:38:54","guid":{"rendered":"https:\/\/laboratoire.univ-mosta.dz\/diacicult\/?page_id=385"},"modified":"2021-11-03T11:55:00","modified_gmt":"2021-11-03T10:55:00","slug":"equipe-adcdi","status":"publish","type":"page","link":"https:\/\/laboratoire.univ-mosta.dz\/diacicult\/equipe-adcdi\/","title":{"rendered":"Equipe ADCDI"},"content":{"rendered":"<p id=\"block-6d31db1e-0722-4153-8875-c1400185a9b2\" class=\"block-editor-rich-text__editable block-editor-block-list__block wp-block wp-block-paragraph rich-text\" role=\"group\" aria-label=\"Bloc paragraphe\" data-block=\"6d31db1e-0722-4153-8875-c1400185a9b2\" data-type=\"core\/paragraph\" data-title=\"Paragraphe\" data-empty=\"false\"><strong>Acculturation, diversit\u00e9 culturelle et dialogue interculturel<\/strong><\/p>\n<p id=\"block-a6b10b99-a675-450b-bf44-c1366190300c\" class=\"block-editor-rich-text__editable block-editor-block-list__block wp-block wp-block-paragraph rich-text\" role=\"group\" aria-label=\"Bloc paragraphe\" data-block=\"a6b10b99-a675-450b-bf44-c1366190300c\" data-type=\"core\/paragraph\" data-title=\"Paragraphe\" data-empty=\"false\"><strong>Chef \u00a0du \u00e9quipe: <\/strong>El Hadj Belhouari<\/p>\n<p id=\"block-81130714-8525-45d5-ab5e-82d0dc2c66d9\" class=\"block-editor-rich-text__editable block-editor-block-list__block wp-block wp-block-paragraph rich-text\" role=\"group\" aria-label=\"Bloc paragraphe\" data-block=\"81130714-8525-45d5-ab5e-82d0dc2c66d9\" data-type=\"core\/paragraph\" data-title=\"Paragraphe\" data-empty=\"false\"><strong>Les membres de l\u2019\u00e9quipe:<\/strong><\/p>\n<p id=\"block-c65e7e7c-7e2b-435d-ba37-34f3ce8e191d\" class=\"block-editor-rich-text__editable block-editor-block-list__block wp-block wp-block-paragraph rich-text\" role=\"group\" aria-label=\"Bloc paragraphe\" data-block=\"c65e7e7c-7e2b-435d-ba37-34f3ce8e191d\" data-type=\"core\/paragraph\" data-title=\"Paragraphe\" data-empty=\"false\"><strong><br data-rich-text-line-break=\"true\" \/>Description des objectifs, missions et activit\u00e9s de l\u2019\u00e9quipe:<\/strong><\/p>\n<figure id=\"block-2b24d5f3-fe1c-4c77-b00d-2646c505d2b3\" class=\"block-editor-block-list__block wp-block wp-block-table\" role=\"group\" aria-label=\"Bloc\u00a0: Tableau\" data-block=\"2b24d5f3-fe1c-4c77-b00d-2646c505d2b3\" data-type=\"core\/table\" data-title=\"Tableau\">\n<table style=\"width: 94.7423%\">\n<tbody>\n<tr>\n<td class=\"block-editor-rich-text__editable wp-block-table__cell-content rich-text\" style=\"width: 26.9531%\" role=\"textbox\" aria-label=\"Texte de la cellule du corps\"><strong>Nom &amp; Pr\u00e9nom<\/strong><\/td>\n<td class=\"block-editor-rich-text__editable wp-block-table__cell-content rich-text\" style=\"width: 10.7422%\" role=\"textbox\" aria-label=\"Texte de la cellule du corps\"><strong>Grade<\/strong><\/td>\n<td class=\"block-editor-rich-text__editable wp-block-table__cell-content rich-text\" style=\"width: 16.9922%\" role=\"textbox\" aria-label=\"Texte de la cellule du corps\"><strong>Sp\u00e9cialit\u00e9<\/strong><\/td>\n<td class=\"block-editor-rich-text__editable wp-block-table__cell-content rich-text\" style=\"width: 42.9688%\" role=\"textbox\" aria-label=\"Texte de la cellule du corps\"><strong>Structure de rattachement<\/strong><\/td>\n<\/tr>\n<tr>\n<td class=\"block-editor-rich-text__editable wp-block-table__cell-content rich-text\" style=\"width: 26.9531%\" role=\"textbox\" aria-label=\"Texte de la cellule du corps\">El Hadj Belhouari<\/td>\n<td class=\"block-editor-rich-text__editable wp-block-table__cell-content rich-text\" style=\"width: 10.7422%\" role=\"textbox\" aria-label=\"Texte de la cellule du corps\">\u00a0M.C<\/td>\n<td class=\"block-editor-rich-text__editable wp-block-table__cell-content rich-text\" style=\"width: 16.9922%\" role=\"textbox\" aria-label=\"Texte de la cellule du corps\">\u00a0Sociologie<\/td>\n<td class=\"block-editor-rich-text__editable wp-block-table__cell-content rich-text\" style=\"width: 42.9688%\" role=\"textbox\" aria-label=\"Texte de la cellule du corps\">Universit\u00e9 de Mostaganem<\/td>\n<\/tr>\n<tr>\n<td style=\"width: 26.9531%\">Bou Adda Hassina<\/td>\n<td style=\"width: 10.7422%\">\u00a0M.A<\/td>\n<td style=\"width: 16.9922%\">\u00a0Sociologie<\/td>\n<td style=\"width: 42.9688%\">Universit\u00e9 de Mostaganem<\/td>\n<\/tr>\n<tr>\n<td class=\"block-editor-rich-text__editable wp-block-table__cell-content rich-text\" style=\"width: 26.9531%\" role=\"textbox\" aria-label=\"Texte de la cellule du corps\">Arbadi hassen<\/td>\n<td class=\"block-editor-rich-text__editable wp-block-table__cell-content rich-text\" style=\"width: 10.7422%\" role=\"textbox\" aria-label=\"Texte de la cellule du corps\">\u00a0M.A<\/td>\n<td class=\"block-editor-rich-text__editable wp-block-table__cell-content rich-text\" style=\"width: 16.9922%\" role=\"textbox\" aria-label=\"Texte de la cellule du corps\">\u00a0 Sociologie<\/td>\n<td style=\"width: 42.9688%\">Universit\u00e9 de Mostaganem<\/td>\n<\/tr>\n<tr>\n<td style=\"width: 26.9531%\">Menad Samira<\/td>\n<td style=\"width: 10.7422%\">\u00a0M.A<\/td>\n<td style=\"width: 16.9922%\">\u00a0Sociologie<\/td>\n<td style=\"width: 42.9688%\">Universit\u00e9 de Mostaganem<\/td>\n<\/tr>\n<tr>\n<td class=\"block-editor-rich-text__editable wp-block-table__cell-content rich-text\" style=\"width: 26.9531%\" role=\"textbox\" aria-label=\"Texte de la cellule du corps\">Oukebdane Ghania<\/td>\n<td class=\"block-editor-rich-text__editable wp-block-table__cell-content rich-text\" style=\"width: 10.7422%\" role=\"textbox\" aria-label=\"Texte de la cellule du corps\">\u00a0M.A<\/td>\n<td class=\"block-editor-rich-text__editable wp-block-table__cell-content rich-text\" style=\"width: 16.9922%\" role=\"textbox\" aria-label=\"Texte de la cellule du corps\">\u00a0sociologie<\/td>\n<td style=\"width: 42.9688%\">Universit\u00e9 de Mostaganem<\/td>\n<\/tr>\n<\/tbody>\n<\/table><figcaption class=\"block-editor-rich-text__editable rich-text\" role=\"textbox\" aria-label=\"Texte de l\u00e9gende du tableau\"><\/figcaption><\/figure>\n<p id=\"block-6f5c1bc3-a425-45f4-b320-2265eee29ff0\" class=\"block-editor-rich-text__editable block-editor-block-list__block wp-block wp-block-paragraph rich-text\" role=\"group\" aria-label=\"Bloc paragraphe\" data-block=\"6f5c1bc3-a425-45f4-b320-2265eee29ff0\" data-type=\"core\/paragraph\" data-title=\"Paragraphe\" data-empty=\"false\"><strong>a- Objectifs d\u2019ensemble:<\/strong><\/p>\n<p id=\"block-bb79a706-a40b-427f-bb71-a72130229690\" class=\"block-editor-rich-text__editable block-editor-block-list__block wp-block wp-block-paragraph rich-text\" role=\"group\" aria-label=\"Bloc paragraphe\" data-block=\"bb79a706-a40b-427f-bb71-a72130229690\" data-type=\"core\/paragraph\" data-title=\"Paragraphe\" data-empty=\"false\">\u00a0 \u00a0 \u00a0L\u2019objectif principal de cette recherche consiste \u00e0 d\u00e9velopper et analyser sur la base des approches scientifiques et m\u00e9thodologiques tout ce qui est en \u00e9troite relation avec les\u00a0 notions d\u2019acculturation , de diversit\u00e9 culturelle et dialogue interculturel.<\/p>\n<p id=\"block-dc77b544-3747-483a-9829-cfa5482050f7\" class=\"block-editor-rich-text__editable block-editor-block-list__block wp-block wp-block-paragraph rich-text\" role=\"group\" aria-label=\"Bloc paragraphe\" data-block=\"dc77b544-3747-483a-9829-cfa5482050f7\" data-type=\"core\/paragraph\" data-title=\"Paragraphe\" data-empty=\"false\">\u00a0\u00a0\u00a0 La notion de culture est parmi les th\u00e8mes de recherche privil\u00e9gi\u00e9s par les sciences sociales et humaines. Elle est comprise dans le sens le plus large , qui renvoie aux modes de vie , de pens\u00e9e et comportements.<\/p>\n<p id=\"block-89437bf2-dd2d-4c51-946f-a527d9326049\" class=\"block-editor-rich-text__editable block-editor-block-list__block wp-block wp-block-paragraph rich-text\" role=\"group\" aria-label=\"Bloc paragraphe\" data-block=\"89437bf2-dd2d-4c51-946f-a527d9326049\" data-type=\"core\/paragraph\" data-title=\"Paragraphe\" data-empty=\"false\">\u00a0\u00a0\u00a0 Si la diversit\u00e9 culturelle renvoie, \u00e0 son tour \u00e0 la grande vari\u00e9t\u00e9 des modes d\u2019\u00eatre et d\u2019agir , l\u2019acculturation est consid\u00e9r\u00e9e comme un concept de base , signifiant les contacts entre les cultures et\u00a0 l\u2019inter culturalit\u00e9.<\/p>\n<p id=\"block-fbfe2338-8afa-49b1-b4cf-f843efcca357\" class=\"block-editor-rich-text__editable block-editor-block-list__block wp-block wp-block-paragraph rich-text\" role=\"group\" aria-label=\"Bloc paragraphe\" data-block=\"fbfe2338-8afa-49b1-b4cf-f843efcca357\" data-type=\"core\/paragraph\" data-title=\"Paragraphe\" data-empty=\"false\">\u00a0\u00a0\u00a0 La probl\u00e9matique de notre recherche est comme suit\u00a0:<\/p>\n<p id=\"block-1f75d703-79b8-4cb4-a4fb-9c6cfd3f0d0a\" class=\"block-editor-rich-text__editable block-editor-block-list__block wp-block wp-block-paragraph rich-text\" role=\"group\" aria-label=\"Bloc paragraphe\" data-block=\"1f75d703-79b8-4cb4-a4fb-9c6cfd3f0d0a\" data-type=\"core\/paragraph\" data-title=\"Paragraphe\" data-empty=\"false\">Entre la particularit\u00e9 et l\u2019universalit\u00e9 culturelles , peut-on parler de dialogue interculturel\u00a0?<\/p>\n<p id=\"block-341164dc-5285-4043-9895-ba6025243b43\" class=\"block-editor-rich-text__editable block-editor-block-list__block wp-block wp-block-paragraph rich-text\" role=\"group\" aria-label=\"Bloc paragraphe\" data-block=\"341164dc-5285-4043-9895-ba6025243b43\" data-type=\"core\/paragraph\" data-title=\"Paragraphe\" data-empty=\"false\">Comment peut-on mener un dialogue culturel , tout en sauvegardant notre identit\u00e9 et sp\u00e9cificit\u00e9 culturelle .<\/p>\n<p id=\"block-7c4e9963-ed1a-4972-9ac4-e1927866a3d2\" class=\"block-editor-rich-text__editable block-editor-block-list__block wp-block wp-block-paragraph rich-text\" role=\"group\" aria-label=\"Bloc paragraphe\" data-block=\"7c4e9963-ed1a-4972-9ac4-e1927866a3d2\" data-type=\"core\/paragraph\" data-title=\"Paragraphe\" data-empty=\"false\"><strong>\u00a0b<\/strong><strong>-Fondements Scientifiques \u00a0:<\/strong><\/p>\n<ul id=\"block-9a529f62-f0fe-4942-bc65-e436cd9a71b7\" class=\"block-editor-rich-text__editable block-editor-block-list__block wp-block wp-block-list rich-text\" role=\"group\" aria-label=\"Bloc\u00a0: Liste\" data-block=\"9a529f62-f0fe-4942-bc65-e436cd9a71b7\" data-type=\"core\/list\" data-title=\"Liste\">\n<li>Acculturation et mondialisation.<\/li>\n<li>Diversit\u00e9 culturelle et mondialisation.<\/li>\n<li>Culture et changement culturel.<\/li>\n<li>Identit\u00e9 et particularit\u00e9 culturelle.<\/li>\n<li>\u00a0Dialogue et chocs des civilisations.<strong>\u00a0<\/strong><\/li>\n<\/ul>\n<div class=\"block-list-appender\">\n<div class=\"block-editor-default-block-appender\" data-root-client-id=\"\"><\/div>\n<\/div>\n","protected":false},"excerpt":{"rendered":"<p>Acculturation, diversit\u00e9 culturelle et dialogue interculturel Chef \u00a0du \u00e9quipe: El Hadj Belhouari Les membres de l\u2019\u00e9quipe: Description des objectifs, missions<\/p>\n","protected":false},"author":4,"featured_media":0,"parent":0,"menu_order":0,"comment_status":"closed","ping_status":"closed","template":"","meta":{"colormag_page_container_layout":"default_layout","colormag_page_sidebar_layout":"default_layout","_eb_attr":"","_coblocks_attr":"","_coblocks_dimensions":"","_coblocks_responsive_height":"","_coblocks_accordion_ie_support":"","footnotes":""},"class_list":["post-385","page","type-page","status-publish","hentry"],"_links":{"self":[{"href":"https:\/\/laboratoire.univ-mosta.dz\/diacicult\/wp-json\/wp\/v2\/pages\/385","targetHints":{"allow":["GET"]}}],"collection":[{"href":"https:\/\/laboratoire.univ-mosta.dz\/diacicult\/wp-json\/wp\/v2\/pages"}],"about":[{"href":"https:\/\/laboratoire.univ-mosta.dz\/diacicult\/wp-json\/wp\/v2\/types\/page"}],"author":[{"embeddable":true,"href":"https:\/\/laboratoire.univ-mosta.dz\/diacicult\/wp-json\/wp\/v2\/users\/4"}],"replies":[{"embeddable":true,"href":"https:\/\/laboratoire.univ-mosta.dz\/diacicult\/wp-json\/wp\/v2\/comments?post=385"}],"version-history":[{"count":5,"href":"https:\/\/laboratoire.univ-mosta.dz\/diacicult\/wp-json\/wp\/v2\/pages\/385\/revisions"}],"predecessor-version":[{"id":992,"href":"https:\/\/laboratoire.univ-mosta.dz\/diacicult\/wp-json\/wp\/v2\/pages\/385\/revisions\/992"}],"wp:attachment":[{"href":"https:\/\/laboratoire.univ-mosta.dz\/diacicult\/wp-json\/wp\/v2\/media?parent=385"}],"curies":[{"name":"wp","href":"https:\/\/api.w.org\/{rel}","templated":true}]}}