{"id":377,"date":"2021-09-27T15:28:27","date_gmt":"2021-09-27T13:28:27","guid":{"rendered":"https:\/\/laboratoire.univ-mosta.dz\/diacicult\/?page_id=377"},"modified":"2021-12-08T15:25:53","modified_gmt":"2021-12-08T14:25:53","slug":"equipe-dc","status":"publish","type":"page","link":"https:\/\/laboratoire.univ-mosta.dz\/diacicult\/equipe-dc\/","title":{"rendered":"Equipe DC"},"content":{"rendered":"\n<p><strong>Dialogue des civilisations<\/strong><\/p>\n\n\n\n<p><strong>Chef d\u2019\u00e9quipe: <\/strong>Zarhouni Isaad Faiza<\/p>\n\n\n\n<p><strong>Les&nbsp;membres de l\u2019\u00e9quipe<\/strong><\/p>\n\n\n\n<figure class=\"wp-block-table\"><table><tbody><tr><td>Nom &amp; Pr\u00e9nom<\/td><td>Grade<\/td><td>Sp\u00e9cialit\u00e9<\/td><td>Structure de rattachement<\/td><\/tr><tr><td>Zarhouni Isaad Faiza<\/td><td>Pr<\/td><td>Sociologie <\/td><td>Universit\u00e9 de Mostaganem <\/td><\/tr><tr><td>Tayeb Ibrahim Ali<\/td><td>MCA<\/td><td><\/td><td>Universit\u00e9 de Mostaganem<\/td><\/tr><tr><td>Belabesse Nadia<\/td><td>MCA<\/td><td><\/td><td>Universit\u00e9 de Mostaganem<\/td><\/tr><tr><td>Hireche Berghdad Laila Amel<\/td><td>MCA<\/td><td>Sociologie  <\/td><td>Universit\u00e9 de Mostaganem<\/td><\/tr><tr><td>Belarbi Abdelkader<\/td><td>MCA<\/td><td><\/td><td>Universit\u00e9 de Mostaganem<\/td><\/tr><tr><td>Bekadouri Houria<\/td><td>MCB<\/td><td><\/td><td>Universit\u00e9 de Mostaganem<\/td><\/tr><\/tbody><\/table><\/figure>\n\n\n\n<p><strong>Description des objectifs, missions et activit\u00e9s de l\u2019\u00e9quipe<\/strong><\/p>\n\n\n\n<p>a-Objectifs d\u2019ensemble<\/p>\n\n\n\n<p>b-Fondements Scientifiques (D\u00e9cliner les grands th\u00e8mes de travail que l\u2019\u00e9quipe propose)&nbsp;<\/p>\n","protected":false},"excerpt":{"rendered":"<p>Dialogue des civilisations Chef d\u2019\u00e9quipe: Zarhouni Isaad Faiza Les&nbsp;membres de l\u2019\u00e9quipe Nom &amp; Pr\u00e9nom Grade Sp\u00e9cialit\u00e9 Structure de rattachement Zarhouni<\/p>\n","protected":false},"author":4,"featured_media":0,"parent":0,"menu_order":0,"comment_status":"closed","ping_status":"closed","template":"","meta":{"colormag_page_container_layout":"default_layout","colormag_page_sidebar_layout":"default_layout","_eb_attr":"","_coblocks_attr":"","_coblocks_dimensions":"","_coblocks_responsive_height":"","_coblocks_accordion_ie_support":"","footnotes":""},"class_list":["post-377","page","type-page","status-publish","hentry"],"_links":{"self":[{"href":"https:\/\/laboratoire.univ-mosta.dz\/diacicult\/wp-json\/wp\/v2\/pages\/377","targetHints":{"allow":["GET"]}}],"collection":[{"href":"https:\/\/laboratoire.univ-mosta.dz\/diacicult\/wp-json\/wp\/v2\/pages"}],"about":[{"href":"https:\/\/laboratoire.univ-mosta.dz\/diacicult\/wp-json\/wp\/v2\/types\/page"}],"author":[{"embeddable":true,"href":"https:\/\/laboratoire.univ-mosta.dz\/diacicult\/wp-json\/wp\/v2\/users\/4"}],"replies":[{"embeddable":true,"href":"https:\/\/laboratoire.univ-mosta.dz\/diacicult\/wp-json\/wp\/v2\/comments?post=377"}],"version-history":[{"count":13,"href":"https:\/\/laboratoire.univ-mosta.dz\/diacicult\/wp-json\/wp\/v2\/pages\/377\/revisions"}],"predecessor-version":[{"id":1349,"href":"https:\/\/laboratoire.univ-mosta.dz\/diacicult\/wp-json\/wp\/v2\/pages\/377\/revisions\/1349"}],"wp:attachment":[{"href":"https:\/\/laboratoire.univ-mosta.dz\/diacicult\/wp-json\/wp\/v2\/media?parent=377"}],"curies":[{"name":"wp","href":"https:\/\/api.w.org\/{rel}","templated":true}]}}