{"id":149,"date":"2021-09-22T12:03:47","date_gmt":"2021-09-22T10:03:47","guid":{"rendered":"https:\/\/laboratoire.univ-mosta.dz\/diacicult\/?page_id=149"},"modified":"2023-10-15T10:47:24","modified_gmt":"2023-10-15T08:47:24","slug":"presentation-de-lequipe","status":"publish","type":"page","link":"https:\/\/laboratoire.univ-mosta.dz\/diacicult\/presentation-de-lequipe\/","title":{"rendered":"Identification du laboratoire"},"content":{"rendered":"<table width=\"1384\">\n<tbody>\n<tr>\n<td width=\"288\"><em><strong>Facult\u00e9 :<\/strong><\/em><\/td>\n<td colspan=\"12\" width=\"1096\">Sciences sociales<\/td>\n<\/tr>\n<tr>\n<td><em><strong>D\u00e9partement :<\/strong><\/em><\/td>\n<td colspan=\"12\"><\/td>\n<\/tr>\n<tr>\n<td><em><strong>Intitul\u00e9 du laboratoire :\u00a0<\/strong><\/em><\/td>\n<td colspan=\"12\">Dialogues des civilisation et diversit\u00e9 culturelle et philosophie de la paix<\/td>\n<\/tr>\n<tr>\n<td><em><strong>Arr\u00eat\u00e9 N\u00b0 :<\/strong><\/em><\/td>\n<td colspan=\"2\"><\/td>\n<td>Date de cr\u00e9ation :<\/td>\n<td>1912<\/td>\n<td><\/td>\n<td><\/td>\n<td><\/td>\n<td><\/td>\n<td><\/td>\n<td><\/td>\n<td><\/td>\n<td><\/td>\n<\/tr>\n<tr>\n<td><em><strong>Directeur du Laboratoire :<\/strong><\/em><\/td>\n<td colspan=\"12\">MALFI\u00a0 ABDELKADER<\/td>\n<\/tr>\n<tr>\n<td><em><strong>Nombre d&rsquo;\u00e9quipes :<\/strong><\/em><\/td>\n<td>5<\/td>\n<td><\/td>\n<td><\/td>\n<td><\/td>\n<td><\/td>\n<td><\/td>\n<td><\/td>\n<td><\/td>\n<td><\/td>\n<td><\/td>\n<td><\/td>\n<td><\/td>\n<\/tr>\n<tr>\n<td><em><strong>Nombre de chercheurs de l&rsquo;\u00e9tablissement :<\/strong><\/em><\/td>\n<td>23<\/td>\n<td><\/td>\n<td><\/td>\n<td><\/td>\n<td><\/td>\n<td><\/td>\n<td><\/td>\n<td><\/td>\n<td><\/td>\n<td><\/td>\n<td><\/td>\n<td><\/td>\n<\/tr>\n<tr>\n<td><em><strong>Nombre de chercheurs hors \u00e9tablissement :<\/strong><\/em><\/td>\n<td>1<\/td>\n<td><\/td>\n<td><\/td>\n<td><\/td>\n<td><\/td>\n<td><\/td>\n<td><\/td>\n<td><\/td>\n<td><\/td>\n<td><\/td>\n<td><\/td>\n<td><\/td>\n<\/tr>\n<tr>\n<td><em><strong>Nombre de chercheurs associ\u00e9s :<\/strong><\/em><\/td>\n<td>0<\/td>\n<td><\/td>\n<td><\/td>\n<td><\/td>\n<td><\/td>\n<td><\/td>\n<td><\/td>\n<td><\/td>\n<td><\/td>\n<td><\/td>\n<td><\/td>\n<td><\/td>\n<\/tr>\n<tr>\n<td><em><strong>Nombre de doctorants :\u00a0<\/strong><\/em><\/td>\n<td>16<\/td>\n<td><\/td>\n<td><\/td>\n<td><\/td>\n<td><\/td>\n<td><\/td>\n<td><\/td>\n<td><\/td>\n<td><\/td>\n<td><\/td>\n<td><\/td>\n<td><\/td>\n<\/tr>\n<tr>\n<td><em><strong>Adresse mail Directeur\/Secr\u00e9taire :<\/strong><\/em><\/td>\n<td colspan=\"12\">abdelkader.malfi @univ-mosta.dz \/ diacicult@univ-mosta.dz<\/td>\n<\/tr>\n<tr>\n<td><em><strong>T\u00e9l\u00e9phone fix\/fax\/mobile :<\/strong><\/em><\/td>\n<td colspan=\"2\">775320201<\/td>\n<td><\/td>\n<td><\/td>\n<td><\/td>\n<td><\/td>\n<td><\/td>\n<td><\/td>\n<td><\/td>\n<td><\/td>\n<td><\/td>\n<td><\/td>\n<\/tr>\n<\/tbody>\n<\/table>\n","protected":false},"excerpt":{"rendered":"<p>Facult\u00e9 : Sciences sociales D\u00e9partement : Intitul\u00e9 du laboratoire :\u00a0 Dialogues des civilisation et diversit\u00e9 culturelle et philosophie de la<\/p>\n","protected":false},"author":4,"featured_media":0,"parent":0,"menu_order":0,"comment_status":"closed","ping_status":"closed","template":"","meta":{"colormag_page_container_layout":"default_layout","colormag_page_sidebar_layout":"default_layout","_eb_attr":"","_coblocks_attr":"","_coblocks_dimensions":"","_coblocks_responsive_height":"","_coblocks_accordion_ie_support":"","footnotes":""},"class_list":["post-149","page","type-page","status-publish","hentry"],"_links":{"self":[{"href":"https:\/\/laboratoire.univ-mosta.dz\/diacicult\/wp-json\/wp\/v2\/pages\/149","targetHints":{"allow":["GET"]}}],"collection":[{"href":"https:\/\/laboratoire.univ-mosta.dz\/diacicult\/wp-json\/wp\/v2\/pages"}],"about":[{"href":"https:\/\/laboratoire.univ-mosta.dz\/diacicult\/wp-json\/wp\/v2\/types\/page"}],"author":[{"embeddable":true,"href":"https:\/\/laboratoire.univ-mosta.dz\/diacicult\/wp-json\/wp\/v2\/users\/4"}],"replies":[{"embeddable":true,"href":"https:\/\/laboratoire.univ-mosta.dz\/diacicult\/wp-json\/wp\/v2\/comments?post=149"}],"version-history":[{"count":8,"href":"https:\/\/laboratoire.univ-mosta.dz\/diacicult\/wp-json\/wp\/v2\/pages\/149\/revisions"}],"predecessor-version":[{"id":1954,"href":"https:\/\/laboratoire.univ-mosta.dz\/diacicult\/wp-json\/wp\/v2\/pages\/149\/revisions\/1954"}],"wp:attachment":[{"href":"https:\/\/laboratoire.univ-mosta.dz\/diacicult\/wp-json\/wp\/v2\/media?parent=149"}],"curies":[{"name":"wp","href":"https:\/\/api.w.org\/{rel}","templated":true}]}}