{"id":141,"date":"2021-09-22T12:01:46","date_gmt":"2021-09-22T10:01:46","guid":{"rendered":"https:\/\/laboratoire.univ-mosta.dz\/diacicult\/?page_id=141"},"modified":"2021-10-26T10:53:45","modified_gmt":"2021-10-26T08:53:45","slug":"presentation-du-laboratoire","status":"publish","type":"page","link":"https:\/\/laboratoire.univ-mosta.dz\/diacicult\/presentation-du-laboratoire\/","title":{"rendered":"Pr\u00e9sentation du laboratoire"},"content":{"rendered":"\r\n<p><kbd> \u00a0<\/kbd><strong>\u00ab\u00a0Dialogue des civilisations, diversit\u00e9 culturelle et philosophie de la paix \u00a0\u00bb<\/strong>\u00a0c\u2019est essayer\u00a0 de revoir la probl\u00e9matique du dialogue et en m\u00eame temps v\u00e9rifier les conditions de ce dialogue au sein de la multitude et de la diversit\u00e9 culturelle afin d\u2019instaurer une nouvelle philosophie de la paix comme il s\u2019occupe d\u2019autres probl\u00e9matiques.<\/p>\r\n\r\n\r\n\r\n<div class=\"wp-block-image\">\r\n<figure class=\"aligncenter size-full\"><img loading=\"lazy\" decoding=\"async\" class=\"size-full wp-image-178 aligncenter\" src=\"https:\/\/laboratoire.univ-mosta.dz\/diacicult\/wp-content\/uploads\/sites\/4\/2021\/09\/images.jpg\" alt=\"\" width=\"254\" height=\"199\" \/><img decoding=\"async\" class=\"wp-image-728\" src=\"http:\/\/localhost\/diacicult\/wp-content\/uploads\/2021\/09\/images.jpg\" alt=\"\" \/><\/figure>\r\n<\/div>\r\n\r\n\r\n\r\n<p><kbd> \u00a0<\/kbd>Nous essayerons dans ce laboratoire\u00a0<strong>\u00ab\u00a0Dialogue des civilisations, diversit\u00e9 culturelle et philosophie de la paix\u00a0\u00bb\u00a0<\/strong>de revoir le sens\u00a0 du dialogue des civilisations, ses concepts et sa repr\u00e9sentation dans le pass\u00e9, le pr\u00e9sent et l\u2019avenir et quel est le r\u00f4le jou\u00e9 par les institutions \u00e9ducatives, sociales et scientifiques qui ont d\u00e9j\u00e0 trait\u00e9\u00a0 cette probl\u00e9matique du dialogue des civilisations.<\/p>\r\n\r\n\r\n\r\n<p class=\"has-text-align-left\"><kbd> \u00a0<\/kbd>C\u2019est pour cette raison que le laboratoire reprend l\u2019id\u00e9e du choc in\u00e9vitable\u00a0 des civilisations et travaille sur son analyse\u00a0 et c\u2019est ainsi qu\u2019il fournit un contexte\u00a0 utile \u00e0 l\u2019avancement de la coop\u00e9ration au conflit.<\/p>\r\n\r\n\r\n\r\n<div class=\"wp-block-image\">\r\n<figure class=\"aligncenter size-full\"><img loading=\"lazy\" decoding=\"async\" class=\"size-full wp-image-179 aligncenter\" src=\"https:\/\/laboratoire.univ-mosta.dz\/diacicult\/wp-content\/uploads\/sites\/4\/2021\/09\/telechargement-1.jpg\" alt=\"\" width=\"301\" height=\"167\" \/><img decoding=\"async\" class=\"wp-image-730\" src=\"http:\/\/localhost\/diacicult\/wp-content\/uploads\/2021\/09\/telechargement-1.jpg\" alt=\"\" \/><\/figure>\r\n<\/div>\r\n\r\n\r\n\r\n<p><kbd> \u00a0<\/kbd>Le laboratoire s\u2019occupera de\u00a0 rechercher des anciennes racines des cultures\u00a0 et des civilisations afin de les comprendre\u00a0 et de les analyser.<\/p>\r\n\r\n\r\n\r\n<p><kbd> \u00a0<\/kbd>Troisi\u00e8mement, le plus important de tout cela, le laboratoire est en mesure\u00a0 de distinguer\u00a0 le r\u00f4le de la culture et de la civilisation dans les conflits contemporains et la recherche des voies de paix.<\/p>\r\n","protected":false},"excerpt":{"rendered":"<p>\u00a0\u00ab\u00a0Dialogue des civilisations, diversit\u00e9 culturelle et philosophie de la paix \u00a0\u00bb\u00a0c\u2019est essayer\u00a0 de revoir la probl\u00e9matique du dialogue et en<\/p>\n","protected":false},"author":4,"featured_media":0,"parent":0,"menu_order":0,"comment_status":"closed","ping_status":"closed","template":"","meta":{"colormag_page_container_layout":"default_layout","colormag_page_sidebar_layout":"default_layout","_eb_attr":"","_coblocks_attr":"","_coblocks_dimensions":"","_coblocks_responsive_height":"","_coblocks_accordion_ie_support":"","footnotes":""},"class_list":["post-141","page","type-page","status-publish","hentry"],"_links":{"self":[{"href":"https:\/\/laboratoire.univ-mosta.dz\/diacicult\/wp-json\/wp\/v2\/pages\/141","targetHints":{"allow":["GET"]}}],"collection":[{"href":"https:\/\/laboratoire.univ-mosta.dz\/diacicult\/wp-json\/wp\/v2\/pages"}],"about":[{"href":"https:\/\/laboratoire.univ-mosta.dz\/diacicult\/wp-json\/wp\/v2\/types\/page"}],"author":[{"embeddable":true,"href":"https:\/\/laboratoire.univ-mosta.dz\/diacicult\/wp-json\/wp\/v2\/users\/4"}],"replies":[{"embeddable":true,"href":"https:\/\/laboratoire.univ-mosta.dz\/diacicult\/wp-json\/wp\/v2\/comments?post=141"}],"version-history":[{"count":3,"href":"https:\/\/laboratoire.univ-mosta.dz\/diacicult\/wp-json\/wp\/v2\/pages\/141\/revisions"}],"predecessor-version":[{"id":831,"href":"https:\/\/laboratoire.univ-mosta.dz\/diacicult\/wp-json\/wp\/v2\/pages\/141\/revisions\/831"}],"wp:attachment":[{"href":"https:\/\/laboratoire.univ-mosta.dz\/diacicult\/wp-json\/wp\/v2\/media?parent=141"}],"curies":[{"name":"wp","href":"https:\/\/api.w.org\/{rel}","templated":true}]}}