{"id":1274,"date":"2021-11-28T11:27:22","date_gmt":"2021-11-28T10:27:22","guid":{"rendered":"https:\/\/laboratoire.univ-mosta.dz\/diacicult\/?page_id=1274"},"modified":"2021-12-18T15:27:25","modified_gmt":"2021-12-18T14:27:25","slug":"doctorants","status":"publish","type":"page","link":"https:\/\/laboratoire.univ-mosta.dz\/diacicult\/doctorants\/","title":{"rendered":"Doctorants"},"content":{"rendered":"\n<p class=\"has-text-align-center has-vivid-cyan-blue-color has-text-color has-medium-font-size\"><strong>\u00c9tudiants en philosophie<\/strong><\/p>\n\n\n\n<figure class=\"wp-block-table\"><table><tbody><tr><td><strong>N\u00b0<\/strong><\/td><td><strong>Nom &amp; pr\u00e9nom du doctorant<\/strong><\/td><td><strong>Intitul\u00e9 du sujet de th\u00e8se<\/strong><\/td><\/tr><tr><td><strong>01<\/strong><\/td><td>Massoudi Hisham<\/td><td>Soufisme et dialogue interreligieux chez Roger Garaudy &nbsp;<\/td><\/tr><tr><td><strong>02<\/strong><\/td><td>Kedider&nbsp; &nbsp;Malika<\/td><td>Le probl\u00e8me du bonheur dans le discours soufi chez Al-Ghazali et Ibn Arabi &nbsp;<\/td><\/tr><tr><td><strong>03<\/strong><\/td><td>Boulares Jabbari<\/td><td>Lecture de l&rsquo;h\u00e9ritage de Hocine Marwa : discours soufi<\/td><\/tr><tr><td><strong>04<\/strong><\/td><td>Sahebat Malika<\/td><td>La pens\u00e9e po\u00e9tique et la fin de la m\u00e9taphysique : une approche ontologique de l&rsquo;essence de la pens\u00e9e<\/td><\/tr><tr><td><strong>05<\/strong><\/td><td>Ayat Fayza<\/td><td>\u00a0L&rsquo;interpr\u00e9tation des effets\u00a0 artistique dans la pens\u00e9e contemporaine chez Martin Heidegger<\/td><\/tr><tr><td><strong>06<\/strong><\/td><td>Ben Arousa Na\u00efma<\/td><td>Po\u00e9sie et question de l&rsquo;existence dans la pens\u00e9e arabe contemporaine chez Adonis &nbsp;<\/td><\/tr><tr><td><strong>07<\/strong><\/td><td>Werda &nbsp;Abaidellah<\/td><td>La question de la religion dans la philosophie analytique chez Bertrand Russell &nbsp;<\/td><\/tr><tr><td><strong>08<\/strong><\/td><td>Merin Ahmed<\/td><td>La perception philosophique de la langue du roman : Une lecture analytique de la sc\u00e8ne philosophique chez Naguib Mahfouz<\/td><\/tr><tr><td><strong>09<\/strong><\/td><td>Bouchefa Miloud<\/td><td>Le langage et l&rsquo;interpr\u00e9tation du texte religieux dans le discours islamique contemporain chez Muhammad Shahrour et Muhammad Arkoun &nbsp;<\/td><\/tr><\/tbody><\/table><\/figure>\n","protected":false},"excerpt":{"rendered":"<p>\u00c9tudiants en philosophie N\u00b0 Nom &amp; pr\u00e9nom du doctorant Intitul\u00e9 du sujet de th\u00e8se 01 Massoudi Hisham Soufisme et dialogue<\/p>\n","protected":false},"author":4,"featured_media":0,"parent":0,"menu_order":0,"comment_status":"closed","ping_status":"closed","template":"","meta":{"colormag_page_container_layout":"default_layout","colormag_page_sidebar_layout":"default_layout","_eb_attr":"","_coblocks_attr":"","_coblocks_dimensions":"","_coblocks_responsive_height":"","_coblocks_accordion_ie_support":"","footnotes":""},"class_list":["post-1274","page","type-page","status-publish","hentry"],"_links":{"self":[{"href":"https:\/\/laboratoire.univ-mosta.dz\/diacicult\/wp-json\/wp\/v2\/pages\/1274","targetHints":{"allow":["GET"]}}],"collection":[{"href":"https:\/\/laboratoire.univ-mosta.dz\/diacicult\/wp-json\/wp\/v2\/pages"}],"about":[{"href":"https:\/\/laboratoire.univ-mosta.dz\/diacicult\/wp-json\/wp\/v2\/types\/page"}],"author":[{"embeddable":true,"href":"https:\/\/laboratoire.univ-mosta.dz\/diacicult\/wp-json\/wp\/v2\/users\/4"}],"replies":[{"embeddable":true,"href":"https:\/\/laboratoire.univ-mosta.dz\/diacicult\/wp-json\/wp\/v2\/comments?post=1274"}],"version-history":[{"count":2,"href":"https:\/\/laboratoire.univ-mosta.dz\/diacicult\/wp-json\/wp\/v2\/pages\/1274\/revisions"}],"predecessor-version":[{"id":1369,"href":"https:\/\/laboratoire.univ-mosta.dz\/diacicult\/wp-json\/wp\/v2\/pages\/1274\/revisions\/1369"}],"wp:attachment":[{"href":"https:\/\/laboratoire.univ-mosta.dz\/diacicult\/wp-json\/wp\/v2\/media?parent=1274"}],"curies":[{"name":"wp","href":"https:\/\/api.w.org\/{rel}","templated":true}]}}