{"id":125,"date":"2021-09-22T11:35:26","date_gmt":"2021-09-22T09:35:26","guid":{"rendered":"https:\/\/laboratoire.univ-mosta.dz\/diacicult\/?page_id=125"},"modified":"2021-10-28T14:35:12","modified_gmt":"2021-10-28T12:35:12","slug":"el-hiouare-el-takafi-le-dialogue-culturel","status":"publish","type":"page","link":"https:\/\/laboratoire.univ-mosta.dz\/diacicult\/el-hiouare-el-takafi-le-dialogue-culturel\/","title":{"rendered":"El-Hiouare El-Takafi \u00ab\u00a0Le dialogue culturel\u00a0\u00bb"},"content":{"rendered":"\r\n<p><kbd> \u00a0<\/kbd>El-Hiouare El-Takafi \u00ab\u00a0Le dialogue culturel \u00a0\u00bb est revue scientifique des \u00e9tudes contemporaines en sciences humaines et sociales.\u00a0 \u00a0 La revue p\u00e9riodique acad\u00e9mique r\u00e9glement\u00e9e sp\u00e9cialis\u00e9e Prend en charge des recherches scientifiques en sciences humaines et sociales. Dont voici les \u00e9ditions :<\/p>\r\n\r\n\r\n\r\n<ul class=\"wp-block-list\">\r\n<li><a href=\"https:\/\/laboratoire.univ-mosta.dz\/diacicult\/wp-content\/uploads\/sites\/4\/2021\/10\/n01-fr.pdf\">Edition Printemps &#8211; \u00e9t\u00e9 2012<\/a>\u00a0 \u00a0 \u00a0 \u00a0 \u00a0 \u00a0 \u00a0 \u00a0 \u00a0 \u00a0 \u00a0 \u00a0 \u00a0 \u00a0\u00a0<\/li>\r\n<li><a href=\"https:\/\/laboratoire.univ-mosta.dz\/diacicult\/wp-content\/uploads\/sites\/4\/2021\/10\/n02-fr.pdf\">Edition Automne Et Hiver 2013<\/a>\u00a0 \u00a0 \u00a0 \u00a0 \u00a0 \u00a0 \u00a0 \u00a0 \u00a0 \u00a0 \u00a0\u00a0<\/li>\r\n<li><a href=\"https:\/\/laboratoire.univ-mosta.dz\/diacicult\/wp-content\/uploads\/sites\/4\/2021\/10\/n03-fr.pdf\">Edition printemps et \u00e9t\u00e9 2013<\/a>\u00a0 \u00a0 \u00a0 \u00a0 \u00a0 \u00a0 \u00a0 \u00a0 \u00a0 \u00a0\u00a0<\/li>\r\n<li><a href=\"https:\/\/laboratoire.univ-mosta.dz\/diacicult\/wp-content\/uploads\/sites\/4\/2021\/10\/n04-fr.pdf\">Edition automne et hiver 2014<\/a>\u00a0 \u00a0 \u00a0 \u00a0 \u00a0 \u00a0 \u00a0 \u00a0 \u00a0 \u00a0 \u00a0 \u00a0 \u00a0\u00a0<\/li>\r\n<li><a href=\"https:\/\/laboratoire.univ-mosta.dz\/diacicult\/wp-content\/uploads\/sites\/4\/2021\/10\/n05-arab.pdf\">Edition Printemps \u2010 Et\u00e9 2014<\/a>\u00a0 \u00a0 \u00a0 \u00a0 \u00a0 \u00a0 \u00a0 \u00a0 \u00a0 \u00a0 \u00a0 \u00a0 \u00a0 \u00a0 \u00a0<\/li>\r\n<li><a href=\"https:\/\/laboratoire.univ-mosta.dz\/diacicult\/wp-content\/uploads\/sites\/4\/2021\/10\/edition2015fr.pdf\">Edition automne et hiver 2015<\/a>\u00a0 \u00a0 \u00a0 \u00a0 \u00a0 \u00a0 \u00a0 \u00a0 \u00a0 \u00a0 \u00a0 \u00a0 \u00a0\u00a0<\/li>\r\n<li><a href=\"https:\/\/laboratoire.univ-mosta.dz\/diacicult\/wp-content\/uploads\/sites\/4\/2021\/10\/revue_ete_fr2015.pdf\">Edition Printemps \u2010 Et\u00e9 2015<\/a>\u00a0 \u00a0 \u00a0 \u00a0 \u00a0 \u00a0 \u00a0 \u00a0 \u00a0 \u00a0 \u00a0 \u00a0 \u00a0 \u00a0 \u00a0\u00a0<\/li>\r\n<li><a href=\"https:\/\/laboratoire.univ-mosta.dz\/diacicult\/wp-content\/uploads\/sites\/4\/2021\/10\/revue9fr.pdf\">Edition Printemps \u2010 Et\u00e9 2016<\/a>\u00a0 \u00a0 \u00a0 \u00a0 \u00a0 \u00a0 \u00a0 \u00a0 \u00a0 \u00a0 \u00a0 \u00a0 \u00a0 \u00a0 \u00a0\u00a0<\/li>\r\n<li><a href=\"https:\/\/laboratoire.univ-mosta.dz\/diacicult\/wp-content\/uploads\/sites\/4\/2021\/10\/revue820-03-2016fr.pdf\">Edition automne &#8211; hiver 2016<\/a>\u00a0 \u00a0 \u00a0 \u00a0 \u00a0 \u00a0 \u00a0 \u00a0 \u00a0 \u00a0 \u00a0 \u00a0<\/li>\r\n<\/ul>\r\n","protected":false},"excerpt":{"rendered":"<p>\u00a0El-Hiouare El-Takafi \u00ab\u00a0Le dialogue culturel \u00a0\u00bb est revue scientifique des \u00e9tudes contemporaines en sciences humaines et sociales.\u00a0 \u00a0 La revue<\/p>\n","protected":false},"author":4,"featured_media":0,"parent":0,"menu_order":0,"comment_status":"closed","ping_status":"closed","template":"","meta":{"colormag_page_container_layout":"default_layout","colormag_page_sidebar_layout":"default_layout","_eb_attr":"","_coblocks_attr":"","_coblocks_dimensions":"","_coblocks_responsive_height":"","_coblocks_accordion_ie_support":"","footnotes":""},"class_list":["post-125","page","type-page","status-publish","hentry"],"_links":{"self":[{"href":"https:\/\/laboratoire.univ-mosta.dz\/diacicult\/wp-json\/wp\/v2\/pages\/125","targetHints":{"allow":["GET"]}}],"collection":[{"href":"https:\/\/laboratoire.univ-mosta.dz\/diacicult\/wp-json\/wp\/v2\/pages"}],"about":[{"href":"https:\/\/laboratoire.univ-mosta.dz\/diacicult\/wp-json\/wp\/v2\/types\/page"}],"author":[{"embeddable":true,"href":"https:\/\/laboratoire.univ-mosta.dz\/diacicult\/wp-json\/wp\/v2\/users\/4"}],"replies":[{"embeddable":true,"href":"https:\/\/laboratoire.univ-mosta.dz\/diacicult\/wp-json\/wp\/v2\/comments?post=125"}],"version-history":[{"count":10,"href":"https:\/\/laboratoire.univ-mosta.dz\/diacicult\/wp-json\/wp\/v2\/pages\/125\/revisions"}],"predecessor-version":[{"id":907,"href":"https:\/\/laboratoire.univ-mosta.dz\/diacicult\/wp-json\/wp\/v2\/pages\/125\/revisions\/907"}],"wp:attachment":[{"href":"https:\/\/laboratoire.univ-mosta.dz\/diacicult\/wp-json\/wp\/v2\/media?parent=125"}],"curies":[{"name":"wp","href":"https:\/\/api.w.org\/{rel}","templated":true}]}}