{"id":119,"date":"2021-09-22T11:27:17","date_gmt":"2021-09-22T09:27:17","guid":{"rendered":"https:\/\/laboratoire.univ-mosta.dz\/diacicult\/?page_id=119"},"modified":"2021-09-22T11:27:17","modified_gmt":"2021-09-22T09:27:17","slug":"le-laboratoire-vise-a","status":"publish","type":"page","link":"https:\/\/laboratoire.univ-mosta.dz\/diacicult\/le-laboratoire-vise-a\/","title":{"rendered":"Le laboratoire vise \u00e0 :"},"content":{"rendered":"\r\n<ul class=\"wp-block-list\">\r\n \t<li>R\u00e9investir les moyens de communication sur un plus large secteur au service de l\u2019\u00e9tablissement de la politesse du dialogue, et clarifier les concepts propres \u00e0 chaque nation\u00a0 et\u00a0 tout ce qui\u00a0 \u00e0 pour\u00a0 but\u00a0 de contribuer\u00a0 dans la c\u0153xistence pacifique\u00a0 et\u00a0 la coop\u00e9ration humanitaire.<\/li>\r\n<\/ul>\r\n \r\n<ul class=\"wp-block-list\">\r\n \t<li>Renforcer la coop\u00e9ration et la coordination entre les universit\u00e9s et les institutions scientifiques\u00a0 dans le nord et le sud afin de construire des ponts de dialogues et de communication entre les professeurs,\u00a0 les chercheurs ,les intellectuels ,les penseurs ,les journalistes et les autres secteurs de la soci\u00e9t\u00e9 ainsi qu\u2019 intensifier la publication des \u00e9tudes , les publications et les traductions concern\u00e9es par le dialogue et la compr\u00e9hension mutuelle sur\u00a0 la base de l\u2019objectivit\u00e9 scientifique et l\u2019honn\u00eatet\u00e9 id\u00e9ologique arrivant \u00e0 un fondement de l\u2019harmonie et de\u00a0 la compr\u00e9hension commune.<\/li>\r\n<\/ul>\r\n \r\n<ul class=\"wp-block-list\">\r\n \t<li>Renforcer la coop\u00e9ration dans les institutions scientifiques et les universit\u00e9s dans le monde islamique dans le domaine du dialogue entre les religions, les cultures\u00a0 et les civilisations, travailler sur plus d\u2019ouverture aux institutions de la soci\u00e9t\u00e9 civile\u00a0 et actualiser la recherche\u00a0 et l\u2019\u00e9tude pour r\u00e9pondre aux probl\u00e8mes de la soci\u00e9t\u00e9 et ses changements, r\u00e9pondre aux besoins r\u00e9els dans les domaines de la connaissance et la recherche scientifique.<\/li>\r\n<\/ul>\r\n","protected":false},"excerpt":{"rendered":"<p>R\u00e9investir les moyens de communication sur un plus large secteur au service de l\u2019\u00e9tablissement de la politesse du dialogue, et<\/p>\n","protected":false},"author":4,"featured_media":0,"parent":0,"menu_order":0,"comment_status":"closed","ping_status":"closed","template":"","meta":{"colormag_page_container_layout":"default_layout","colormag_page_sidebar_layout":"default_layout","_eb_attr":"","_coblocks_attr":"","_coblocks_dimensions":"","_coblocks_responsive_height":"","_coblocks_accordion_ie_support":"","footnotes":""},"class_list":["post-119","page","type-page","status-publish","hentry"],"_links":{"self":[{"href":"https:\/\/laboratoire.univ-mosta.dz\/diacicult\/wp-json\/wp\/v2\/pages\/119","targetHints":{"allow":["GET"]}}],"collection":[{"href":"https:\/\/laboratoire.univ-mosta.dz\/diacicult\/wp-json\/wp\/v2\/pages"}],"about":[{"href":"https:\/\/laboratoire.univ-mosta.dz\/diacicult\/wp-json\/wp\/v2\/types\/page"}],"author":[{"embeddable":true,"href":"https:\/\/laboratoire.univ-mosta.dz\/diacicult\/wp-json\/wp\/v2\/users\/4"}],"replies":[{"embeddable":true,"href":"https:\/\/laboratoire.univ-mosta.dz\/diacicult\/wp-json\/wp\/v2\/comments?post=119"}],"version-history":[{"count":1,"href":"https:\/\/laboratoire.univ-mosta.dz\/diacicult\/wp-json\/wp\/v2\/pages\/119\/revisions"}],"predecessor-version":[{"id":121,"href":"https:\/\/laboratoire.univ-mosta.dz\/diacicult\/wp-json\/wp\/v2\/pages\/119\/revisions\/121"}],"wp:attachment":[{"href":"https:\/\/laboratoire.univ-mosta.dz\/diacicult\/wp-json\/wp\/v2\/media?parent=119"}],"curies":[{"name":"wp","href":"https:\/\/api.w.org\/{rel}","templated":true}]}}