{"id":649,"date":"2026-04-25T18:38:51","date_gmt":"2026-04-25T16:38:51","guid":{"rendered":"https:\/\/laboratoire.univ-mosta.dz\/cstl\/?page_id=649"},"modified":"2026-04-25T18:39:58","modified_gmt":"2026-04-25T16:39:58","slug":"csnt2026-computer-science-and-new-technologies","status":"publish","type":"page","link":"https:\/\/laboratoire.univ-mosta.dz\/cstl\/csnt2026-computer-science-and-new-technologies\/","title":{"rendered":"CSNT2026"},"content":{"rendered":"\n<h2 class=\"wp-block-heading has-text-align-center\">Deuxi\u00e8me \u00e9dition de la conf\u00e9rence nationale CSNT 2026<\/h2>\n\n\n\n<h2 class=\"wp-block-heading has-text-align-center\">Computer Science and New Technologies<\/h2>\n\n\n\n<p><\/p>\n","protected":false},"excerpt":{"rendered":"<p>Deuxi\u00e8me \u00e9dition de la conf\u00e9rence nationale CSNT 2026 Computer Science and New Technologies<\/p>\n","protected":false},"author":12,"featured_media":0,"parent":0,"menu_order":0,"comment_status":"closed","ping_status":"closed","template":"","meta":{"colormag_page_container_layout":"default_layout","colormag_page_sidebar_layout":"default_layout","_eb_attr":"","_coblocks_attr":"","_coblocks_dimensions":"","_coblocks_responsive_height":"","_coblocks_accordion_ie_support":"","footnotes":""},"class_list":["post-649","page","type-page","status-publish","hentry"],"_links":{"self":[{"href":"https:\/\/laboratoire.univ-mosta.dz\/cstl\/wp-json\/wp\/v2\/pages\/649","targetHints":{"allow":["GET"]}}],"collection":[{"href":"https:\/\/laboratoire.univ-mosta.dz\/cstl\/wp-json\/wp\/v2\/pages"}],"about":[{"href":"https:\/\/laboratoire.univ-mosta.dz\/cstl\/wp-json\/wp\/v2\/types\/page"}],"author":[{"embeddable":true,"href":"https:\/\/laboratoire.univ-mosta.dz\/cstl\/wp-json\/wp\/v2\/users\/12"}],"replies":[{"embeddable":true,"href":"https:\/\/laboratoire.univ-mosta.dz\/cstl\/wp-json\/wp\/v2\/comments?post=649"}],"version-history":[{"count":3,"href":"https:\/\/laboratoire.univ-mosta.dz\/cstl\/wp-json\/wp\/v2\/pages\/649\/revisions"}],"predecessor-version":[{"id":652,"href":"https:\/\/laboratoire.univ-mosta.dz\/cstl\/wp-json\/wp\/v2\/pages\/649\/revisions\/652"}],"wp:attachment":[{"href":"https:\/\/laboratoire.univ-mosta.dz\/cstl\/wp-json\/wp\/v2\/media?parent=649"}],"curies":[{"name":"wp","href":"https:\/\/api.w.org\/{rel}","templated":true}]}}