{"id":393,"date":"2025-11-28T16:44:39","date_gmt":"2025-11-28T15:44:39","guid":{"rendered":"https:\/\/laboratoire.univ-mosta.dz\/cstl\/?page_id=393"},"modified":"2026-03-04T11:12:32","modified_gmt":"2026-03-04T10:12:32","slug":"csnt2025-computer-science-and-new-technologies","status":"publish","type":"page","link":"https:\/\/laboratoire.univ-mosta.dz\/cstl\/csnt2025-computer-science-and-new-technologies\/","title":{"rendered":"CSNT2025"},"content":{"rendered":"\n<h2 class=\"wp-block-heading has-text-align-center\">Deuxi\u00e8me \u00e9dition de la conf\u00e9rence nationale CSNT 2025<\/h2>\n\n\n\n<h2 class=\"wp-block-heading has-text-align-center\">Computer Science and New Technologies<\/h2>\n\n\n\n<div class=\"wp-block-columns is-layout-flex wp-container-core-columns-is-layout-28f84493 wp-block-columns-is-layout-flex\">\n<div class=\"wp-block-column is-layout-flow wp-block-column-is-layout-flow\">\n<ul class=\"wp-block-list\">\n<li><a href=\"#actes\">Actes<\/a><\/li>\n\n\n\n<li><a href=\"#program\">Program<\/a><\/li>\n\n\n\n<li><a href=\"#cfp\">Call for Papers<\/a><\/li>\n\n\n\n<li><a href=\"#dates\">Dates<\/a><\/li>\n\n\n\n<li><a href=\"#submission\">Submission<\/a><\/li>\n<\/ul>\n<\/div>\n\n\n\n<div class=\"wp-block-column is-layout-flow wp-block-column-is-layout-flow\">\n<h6 class=\"wp-block-heading\"><strong>Committee Chairs<\/strong><\/h6>\n\n\n\n<ul>\n<li><strong>PC chairs<\/strong> :\u00a0 Karim Sehaba &amp; Baghdad Atmani\u00a0<\/li>\n<li><strong>OC chairs<\/strong> :\u00a0 Fouad Henni &amp; R\u00e9dha Djebbara<\/li>\n<li><a href=\"#OC\">Organizing Committe<\/a><\/li>\n<li><a href=\"#PC\">Program Committee<\/a><\/li>\n<\/ul>\n<p>\u00a0<\/p>\n<\/div>\n<\/div>\n\n\n\n\n\n<h2 class=\"wp-block-heading\" id=\"actes\">Actes<\/h2>\n\n\n\n<p><a href=\"https:\/\/laboratoire.univ-mosta.dz\/cstl\/wp-content\/uploads\/sites\/12\/2025\/12\/CSNT2025_Proceedings.pdf\">The conference proceedings will be available by clicking here.<\/a><\/p>\n\n\n\n<h2 class=\"wp-block-heading\" id=\"program\">Program<\/h2>\n\n\n\n<p><a href=\"https:\/\/laboratoire.univ-mosta.dz\/cstl\/wp-content\/uploads\/sites\/12\/2025\/12\/CSNT25_Program_finale.pdf\">The conference programme is available via this link<\/a>.<\/p>\n<p>Keynote \u00ab\u00a0<a href=\"https:\/\/laboratoire.univ-mosta.dz\/cstl\/wp-content\/uploads\/sites\/12\/2025\/12\/Keynote-Hamamache.pdf\">Challenges Around Real Knowledge Graphs<\/a>\u00a0\u00bb &#8211; Pr Hamamache Khddouci. Lyon 1, LIRIS CNRS.<\/p>\n<p>&nbsp;<\/p>\n\n\n\n<h2 class=\"wp-block-heading\" id=\"cfp\">Call for Papers for the Scientific Conference<\/h2>\n\n\n\n<p>The CSNT\u20192025 conference is part of the National Artificial Intelligence Plan 2020-2030. Initiated by the CSTL laboratory at the University of Mostaganem, the aim of this event is to stimulate research, innovation and development in artificial intelligence (AI) in Algeria, and to help consolidate the efforts of a dynamic and committed community in this field.<\/p>\n<p>Based on the National Reference Framework of Research Priorities, the specific objective of this edition is to present the latest advances in AI research in relation to the country\u2019s socio-economic objectives. The aim is to bring together experts, researchers, professionals, students and anyone interested in the field of artificial intelligence to discuss, present and exchange ideas, discoveries, technological advances, challenges and opportunities.<\/p>\n<p>All scientific, technological or methodological contributions, whether under development or completed, are likely to be presented, in particular, and in a non-exhaustive manner, on the themes of machine learning and deep learning, data science, massive data, knowledge representation and management, the Internet of Things, etc. The fields of application may relate to, in particular, health and well-being, industry and agriculture, etc.<\/p>\n<p>This workshop will allow you to:<\/p>\n<ul>\n<li>Confront your new ideas with other researchers<\/li>\n<li>Get feedback on your work from the scientific community.<\/li>\n<li>Initiate or encourage collaborations and partnerships between researchers.<\/li>\n<li>Set up consortia on related or complementary topics with a view to setting up large-scale national or international projects (NRP, Erasmus, etc.).<\/li>\n<li>Produce a national map of skills in computer science. This mapping could be used to set up thesis defense juries, appraise and set up projects, etc.<\/li>\n<\/ul>\n<p>&nbsp;<\/p>\n\n\n\n<h2 class=\"wp-block-heading\" id=\"dates\">Dates<\/h2>\n\n\n\n<ul>\n<li>Deadline for submission: 4 October<\/li>\n<li>Notification to authors: 25 October<\/li>\n<li>Final texts returned by authors: 8 November<\/li>\n<li>Workshop in Mostaganem: 7-8 December 2025<\/li>\n<\/ul>\n<p>&nbsp;<\/p>\n\n\n\n<h2 class=\"wp-block-heading\" id=\"submission\">Submission<\/h2>\n\n\n\n<p>Authors are invited to submit an article of 4 to 8 pages maximum in Springer LNCS format (LaTex and MS Word templates can be downloaded from the Springer website). The paper must be submitted in PDF format via easyChair : <a href=\"https:\/\/easychair.org\/conferences\/?conf=csnt2025\">https:\/\/easychair.org\/conferences\/?conf=csnt2025<\/a><\/p>\n<p>Accepted submissions may lead, depending on their quality, to oral presentations with support or a poster presentation.<\/p>\n<p>&nbsp;<\/p>\n\n\n\n<h2 class=\"wp-block-heading\" id=\"OC\">Organizing Committee<\/h2>\n\n\n\n<ul>\n<li>Amir Abdessamad, Dean of the FSEI<\/li>\n<li>Benameur Abdelkader, Vice-Dean of Pedagogy &#8211; FSEI<\/li>\n<li>Mohamed Ali Bekkouche, SG &#8211; FSEI.&nbsp;&nbsp;<\/li>\n<li>Fouad HENNI, CSTL \u2013 University of Mostaganem<\/li>\n<li>Mohamed R\u00e9dha DJEBBARA, CSTL \u2013 University of Mostaganem<\/li>\n<li>Karim SEHABA, CSTL \u2013 University of Mostaganem<\/li>\n<li>Baghdad ATMANI, CSTL \u2013 University of Mostaganem<\/li>\n<li>Nadia HOCINE, CSTL \u2013 University of Mostaganem<\/li>\n<li>Dalila HAMAMI, CSTL \u2013 University of Mostaganem<\/li>\n<li>Bochra KAID-SLIMANE TRIQUI, CSTL \u2013 University of Mostaganem<\/li>\n<li>Moulay Driss MECHAOUI, CSTL \u2013 University of Mostaganem<\/li>\n<li>Mohamed Adnane LAREDJ, CSTL \u2013 University of Mostaganem<\/li>\n<li>Mohammed MIDOUN, CSTL \u2013 University of Mostaganem<\/li>\n<li>Baroudi ROUBA, CSTL \u2013 University of Mostaganem<\/li>\n<li>Mohammed El Amine MOUMENE, CSTL \u2013 University of Mostaganem<\/li>\n<li>Abdallah BENSALLOUA CHAREF, CSTL \u2013 University of Mostaganem<\/li>\n<li>Saliha BENKERDAGH, CSTL \u2013 University of Mostaganem<\/li>\n<li>Most\u00e9fa MOKADDEM, CSTL \u2013 University of Mostaganem<\/li>\n<li>Fatima Zohra FILALI, CSTL \u2013 University of Mostaganem<\/li>\n<li>Karim BESSAOUD, CSTL \u2013 University of Mostaganem<\/li>\n<li>M\u00e9riem ABID, CSTL \u2013 University of Mostaganem<\/li>\n<li>Chahinez BENTAOUZA, CSTL \u2013 University of Mostaganem<\/li>\n<li>Abdellah BELMEHDI, CSTL \u2013 University of Mostaganem<\/li>\n<li>Zina BOUATTOU, CSTL \u2013 University of Mostaganem<\/li>\n<li>Redouane BELBACHIR, CSTL \u2013 ENPO<\/li>\n<li>Mohamed MOUSSA \u2013 University of Mostaganem<\/li>\n<li>Mohammed el Mustapha MIROUD \u2013 University of Mostaganem<\/li>\n<li>Fatiha Betouati \u2013 University of Mostaganem<\/li>\n<\/ul>\n<p>&nbsp;<\/p>\n\n\n\n<h2 class=\"wp-block-heading\" id=\"PC\">Program Committee<\/h2>\n\n\n\n<ul>\n<li>M\u00e9riem ABID, CSTL \u2013 University of Mostaganem<\/li>\n<li>Djamel Amar Bensaber, ESI of Sidi Bel Abbes<\/li>\n<li>Baghdad Atmani, CSTL \u2013 University of Mostaganem<\/li>\n<li>Mohamed Chawki Babahenini, University of Biskra<\/li>\n<li>Ali Bahloul, University of Batna 2<\/li>\n<li>Fatiha Barigou, University of Oran 1<\/li>\n<li>Sidi Mohammed Benslimane, ESI of Sidi Bel Abbes<\/li>\n<li>Chahinez Bentaouza, CSTL \u2013 University of Mostaganem<\/li>\n<li>Ghanem Belalem, University of Oran 1<\/li>\n<li>Fatima Zohra Benidris, CSTL \u2013 University of Mostaganem<\/li>\n<li>Charef Abdallah Bensalloua, CSTL \u2013 University of Mostaganem<\/li>\n<li>Karim Bessaoud, CSTL \u2013 University of Mostaganem<\/li>\n<li>Salim Chikhi &#8211; University of Constantine 2\u00a0<\/li>\n<li>Larbi Guezouli, University of Batna 2<\/li>\n<li>Mohamed Habib Zahmani, CSTL \u2013 University of Mostaganem<\/li>\n<li>Reda Mohamed Hamou, University of Sa\u00efda<\/li>\n<li>Fouad HENNI, CSTL \u2013 University of Mostaganem<\/li>\n<li>Mohammed El Amine MOUMENE, CSTL \u2013 University of Mostaganem<\/li>\n<li>Nadia Hocine, CSTL \u2013 University of Mostaganem<\/li>\n<li>Bochra Kaid-Slimane, CSTL \u2013 University of Mostaganem<\/li>\n<li>Mohamed Nadjib Kouahla, University of Guelma<\/li>\n<li>Maliki Fouad, university of Tlemcen<\/li>\n<li>Bakhta Meroufel, University of Sidi Bel Abbes<\/li>\n<li>Malki Mimoun, ESI of Sidi Bel Abbes<\/li>\n<li>Mohammed El Mustapha Miroud, CSTL \u2013 University of Mostaganem<\/li>\n<li>Yacine Lafifi, university of Guelma<\/li>\n<li>Mohammed Adnane Laredj, CSTL \u2013 University of Mostaganem<\/li>\n<li>Moulay Driss Mechaoui, CSTL \u2013 University of Mostaganem<\/li>\n<li>Mohammed Midoun, CSTL \u2013 University of Mostaganem<\/li>\n<li>Abdelouaheb Moussaoui, University of S\u00e9tif 1<\/li>\n<li>Baroudi Rouba, CSTL \u2013 University of Mostaganem<\/li>\n<li>Asma Saighi, University of Oum El Bouaghi<\/li>\n<li>Karim Sehaba, CSTL \u2013 University of Mostaganem<\/li>\n<li>Mohammed Tadlaoui, University of Tlemcen<\/li>\n<li>Elberrichi Zakaria, University of Sidi Belabbes<\/li>\n<\/ul>\n\n\n\n<p><\/p>\n","protected":false},"excerpt":{"rendered":"<p>Deuxi\u00e8me \u00e9dition de la conf\u00e9rence nationale CSNT 2025 Computer Science and New Technologies Committee Chairs PC chairs :\u00a0 Karim Sehaba<\/p>\n","protected":false},"author":12,"featured_media":0,"parent":0,"menu_order":0,"comment_status":"closed","ping_status":"closed","template":"","meta":{"colormag_page_container_layout":"default_layout","colormag_page_sidebar_layout":"default_layout","_eb_attr":"","_coblocks_attr":"","_coblocks_dimensions":"","_coblocks_responsive_height":"","_coblocks_accordion_ie_support":"","footnotes":""},"class_list":["post-393","page","type-page","status-publish","hentry"],"_links":{"self":[{"href":"https:\/\/laboratoire.univ-mosta.dz\/cstl\/wp-json\/wp\/v2\/pages\/393","targetHints":{"allow":["GET"]}}],"collection":[{"href":"https:\/\/laboratoire.univ-mosta.dz\/cstl\/wp-json\/wp\/v2\/pages"}],"about":[{"href":"https:\/\/laboratoire.univ-mosta.dz\/cstl\/wp-json\/wp\/v2\/types\/page"}],"author":[{"embeddable":true,"href":"https:\/\/laboratoire.univ-mosta.dz\/cstl\/wp-json\/wp\/v2\/users\/12"}],"replies":[{"embeddable":true,"href":"https:\/\/laboratoire.univ-mosta.dz\/cstl\/wp-json\/wp\/v2\/comments?post=393"}],"version-history":[{"count":32,"href":"https:\/\/laboratoire.univ-mosta.dz\/cstl\/wp-json\/wp\/v2\/pages\/393\/revisions"}],"predecessor-version":[{"id":612,"href":"https:\/\/laboratoire.univ-mosta.dz\/cstl\/wp-json\/wp\/v2\/pages\/393\/revisions\/612"}],"wp:attachment":[{"href":"https:\/\/laboratoire.univ-mosta.dz\/cstl\/wp-json\/wp\/v2\/media?parent=393"}],"curies":[{"name":"wp","href":"https:\/\/api.w.org\/{rel}","templated":true}]}}