{"id":151,"date":"2025-11-19T23:29:10","date_gmt":"2025-11-19T22:29:10","guid":{"rendered":"https:\/\/laboratoire.univ-mosta.dz\/cstl\/?page_id=151"},"modified":"2025-11-29T16:32:26","modified_gmt":"2025-11-29T15:32:26","slug":"gtuc-sc-geospatial-technologies-and-urban-computing-for-smart-cities","status":"publish","type":"page","link":"https:\/\/laboratoire.univ-mosta.dz\/cstl\/gtuc-sc-geospatial-technologies-and-urban-computing-for-smart-cities\/","title":{"rendered":"GTUC-SC &#8211; Geospatial Technologies and Urban Computing for Smart Cities"},"content":{"rendered":"\n<h1 class=\"wp-block-heading\"><strong>\u00c9quipe GTUC-SC : Geospatial Technologies and Urban Computing for Smart Cities<\/strong><\/h1>\n\n\n\n<h3 class=\"wp-block-heading\"><strong>Responsable<\/strong> : Mohammed Midoun<\/h3>\n\n\n\n<div class=\"wp-block-uagb-separator uagb-block-7e2fe2b7\"><div class=\"wp-block-uagb-separator__inner\" style=\"--my-background-image:\"><\/div><\/div>\n\n\n\n<h2 style=\"text-align: center\"><strong>[<a href=\"#presentation\">Pr\u00e9sentation<\/a>] \u2022 [<a href=\"#membres\">Membres<\/a>] \u2022 \u00a0[<a href=\"#publications\">Publications<\/a>]<\/strong><\/h2>\n\n\n\n<div class=\"wp-block-uagb-separator uagb-block-f67ffb4a\"><div class=\"wp-block-uagb-separator__inner\" style=\"--my-background-image:\"><\/div><\/div>\n\n\n\n<h1 class=\"wp-block-heading\" id=\"presentation\">Pr\u00e9sentation de l&rsquo;\u00e9quipe<\/h1>\n\n\n\n<h2 class=\"wp-block-heading\">Fondement scientifique<\/h2>\n\n\n\n<h2 class=\"wp-block-heading\" style=\"padding-top:0;padding-right:0;padding-bottom:0;padding-left:0\">Objectifs<\/h2>\n\n\n\n<p><span style=\"color: #000000\">Les travaux de recherche de l\u2019\u00e9quipe visent \u00e0 utiliser les technologies g\u00e9ospatiales (SIG, t\u00e9l\u00e9d\u00e9tection, g\u00e9olocalisation, LIDAR\u2026) et informatiques (IA, IoT, R\u00e9seaux informatique\u2026) pour \u00e9tudier des approches et d\u00e9velopper des syst\u00e8mes intelligents pour les Smart Cities.<\/span><br \/><span style=\"color: #000000\">Les travaux de recherche de l\u2019\u00e9quipe portent sur ces principales th\u00e9matiques :<\/span><\/p>\n\n\n\n<ul>\n<li><span style=\"color: #000000\">Application des technologies g\u00e9ospatiales et informatiques pour la planification, le d\u00e9veloppement et la gestion de villes intelligentes.<\/span><\/li>\n<\/ul>\n\n\n\n<ul>\n<li><span style=\"color: #000000\">La recherche et le d\u00e9veloppement de nouvelles solutions et de nouvelles m\u00e9thodes pour collecter et analyser des donn\u00e9es g\u00e9ospatiales afin de mieux comprendre les tendances urbaines et les mod\u00e8les de comportement des citoyens et am\u00e9liorer ainsi la gestion urbaine.<\/span><\/li>\n<\/ul>\n\n\n\n<ul>\n<li><span style=\"color: #000000\">La collecte de donn\u00e9es en utilisant des technologies telles que les drones, le LIDAR, les syst\u00e8mes de positionnement et les capteurs IoT.<\/span><\/li>\n<\/ul>\n\n\n\n<ul>\n<li><span style=\"color: #000000\">L&rsquo;analyse de donn\u00e9es massives en utilisant l\u2019analyse spatiale et l\u2019IA pour la prise de d\u00e9cision, la cartographie et la visualisation des donn\u00e9es.<\/span><\/li>\n<\/ul>\n\n\n\n<p><\/p>\n\n\n\n<h2 class=\"wp-block-heading\">Mots cl\u00e9s<\/h2>\n\n\n\n<p><span style=\"color: #000000\">Geospatial, IA, Smart City, IoT, SIG, GeoAI, Digital Twins, GeoViz<\/span><\/p>\n\n\n\n<h1 class=\"wp-block-heading\" id=\"membres\">Membres de l&rsquo;\u00e9quipe<\/h1>\n\n\n\n<table style=\"border-collapse: collapse;width: 100%;height: 418px\">\n<tbody>\n<tr style=\"height: 33px\">\n<td style=\"width: 25%;height: 33px;background-color: #1a1f26\"><span style=\"color: #ffffff\"><strong>Nom<\/strong><\/span><\/td>\n<td style=\"width: 25%;height: 33px;background-color: #1a1f26\"><span style=\"color: #ffffff\"><strong>Pr\u00e9nom<\/strong><\/span><\/td>\n<td style=\"width: 27.1053%;height: 33px;background-color: #1a1f26\"><span style=\"color: #ffffff\"><strong>Statut<\/strong><\/span><\/td>\n<td style=\"width: 22.8947%;height: 33px;background-color: #1a1f26\"><span style=\"color: #ffffff\"><strong>\u00c9tablissement<\/strong><\/span><\/td>\n<\/tr>\n<tr style=\"height: 54px\">\n<td style=\"width: 25%;height: 54px\" width=\"96\"><span style=\"background-color: #ffffff;color: #000000\">Midoun<\/span><\/td>\n<td style=\"width: 25%;height: 54px\" width=\"131\"><span style=\"background-color: #ffffff;color: #000000\">Mohammed<\/span><\/td>\n<td style=\"width: 27.1053%;height: 54px\" width=\"220\"><span style=\"background-color: #ffffff;color: #000000\">Maitre de conf\u00e9rence A<\/span><\/td>\n<td style=\"width: 22.8947%;height: 54px\" width=\"220\"><span style=\"background-color: #ffffff;color: #000000\">UMAB<\/span><\/td>\n<\/tr>\n<tr style=\"height: 54px\">\n<td style=\"width: 25%;height: 54px\"><span style=\"background-color: #ffffff;color: #000000\">Abdellah<\/span><\/td>\n<td style=\"width: 25%;height: 54px\"><span style=\"background-color: #ffffff;color: #000000\">Bensalloua Charef<\/span><\/td>\n<td style=\"width: 27.1053%;height: 54px\"><span style=\"background-color: #ffffff;color: #000000\">Maitre de conf\u00e9rence A<\/span><\/td>\n<td style=\"width: 22.8947%;height: 54px\"><span style=\"background-color: #ffffff;color: #000000\">UMAB<\/span><\/td>\n<\/tr>\n<tr style=\"height: 54px\">\n<td style=\"width: 25%;height: 54px\"><span style=\"background-color: #ffffff;color: #000000\">Bahnes<\/span><\/td>\n<td style=\"width: 25%;height: 54px\"><span style=\"background-color: #ffffff;color: #000000\">Nac\u00e9ra<\/span><\/td>\n<td style=\"width: 27.1053%;height: 54px\"><span style=\"background-color: #ffffff;color: #000000\">Maitre de conf\u00e9rence B<\/span><\/td>\n<td style=\"width: 22.8947%;height: 54px\"><span style=\"background-color: #ffffff;color: #000000\">UMAB<\/span><\/td>\n<\/tr>\n<tr style=\"height: 54px\">\n<td style=\"width: 25%;height: 54px\"><span style=\"background-color: #ffffff;color: #000000\">Belbachir<\/span><\/td>\n<td style=\"width: 25%;height: 54px\"><span style=\"background-color: #ffffff;color: #000000\">Redouane<\/span><\/td>\n<td style=\"width: 27.1053%;height: 54px\"><span style=\"background-color: #ffffff;color: #000000\">Maitre de conf\u00e9rence A<\/span><\/td>\n<td style=\"width: 22.8947%;height: 54px\"><span style=\"background-color: #ffffff;color: #000000\">IPO Oran<\/span><\/td>\n<\/tr>\n<tr style=\"height: 54px\">\n<td style=\"width: 25%;height: 54px\"><span style=\"background-color: #ffffff;color: #000000\">Hassoune<\/span><\/td>\n<td style=\"width: 25%;height: 54px\"><span style=\"background-color: #ffffff;color: #000000\">Mustafa Ali<\/span><\/td>\n<td style=\"width: 27.1053%;height: 54px\"><span style=\"background-color: #ffffff;color: #000000\">Maitre de conf\u00e9rence B<\/span><\/td>\n<td style=\"width: 22.8947%;height: 54px\">\u00a0<\/td>\n<\/tr>\n<tr style=\"height: 33px\">\n<td style=\"width: 25%;height: 33px\"><span style=\"background-color: #ffffff;color: #000000\">Benkedadra<\/span><\/td>\n<td style=\"width: 25%;height: 33px\"><span style=\"background-color: #ffffff;color: #000000\">Fatima Zohra<\/span><\/td>\n<td style=\"width: 27.1053%;height: 33px\"><span style=\"background-color: #ffffff;color: #000000\">Doctorante<\/span><\/td>\n<td style=\"width: 22.8947%;height: 33px\"><span style=\"background-color: #ffffff;color: #000000\">UMAB<\/span><\/td>\n<\/tr>\n<tr style=\"height: 33px\">\n<td style=\"width: 25%;height: 33px\"><span style=\"background-color: #ffffff;color: #000000\">Ferhi<\/span><\/td>\n<td style=\"width: 25%;height: 33px\"><span style=\"background-color: #ffffff;color: #000000\">Asmaa<\/span><\/td>\n<td style=\"width: 27.1053%;height: 33px\"><span style=\"background-color: #ffffff;color: #000000\">Doctorante<\/span><\/td>\n<td style=\"width: 22.8947%;height: 33px\"><span style=\"background-color: #ffffff;color: #000000\">UMAB<\/span><\/td>\n<\/tr>\n<tr style=\"height: 33px\">\n<td style=\"width: 25%;height: 33px\"><span style=\"background-color: #ffffff;color: #000000\">Hammadi<\/span><\/td>\n<td style=\"width: 25%;height: 33px\"><span style=\"background-color: #ffffff;color: #000000\">Mahmoud<\/span><\/td>\n<td style=\"width: 27.1053%;height: 33px\"><span style=\"background-color: #ffffff;color: #000000\">Doctorant<\/span><\/td>\n<td style=\"width: 22.8947%;height: 33px\"><span style=\"background-color: #ffffff;color: #000000\">UMAB<\/span><\/td>\n<\/tr>\n<tr style=\"height: 16.0pt\">\n<td style=\"height: 16px;width: 25%\" align=\"left\" height=\"21\">\u00a0<\/td>\n<td style=\"width: 25%;height: 16px\" align=\"left\">\u00a0<\/td>\n<td style=\"width: 27.1053%;height: 16px\" align=\"left\">\u00a0<\/td>\n<td style=\"width: 22.8947%;height: 16px\" align=\"left\">\u00a0<\/td>\n<\/tr>\n<\/tbody>\n<\/table>\n\n\n\n<h1 class=\"wp-block-heading\" id=\"publications\">Publications<\/h1>\n\n\n\n<h2 class=\"wp-block-heading\">Publications dans des revues internationales<\/h2>\n\n\n\n<ul>\n<li>Khiat, A., Haddadi, M. &amp; Bahnes, N. Genetic-Based Algorithm for Task Scheduling in Fog\u2013Cloud Environment. J Netw Syst Manage 32, 3 (2024). https:\/\/doi.org\/10.1007\/s10922-023-09774-9<\/li>\n<li>Mohamed, H., Ouldmohamed, Y., &amp; Nacera, B. (2021). A SINGLE-PACKET IP TRACEBACK: COMBATING DOS-DDOS ATTACKS. EDPACS, 66(4), 1\u201312. https:\/\/doi.org\/10.1080\/07366981.2021.1999800<\/li>\n<li>Bahnes, N., Kechar, B. &amp; Haffaf, H. (2022). Reliable and Seamless Communications of Networked IAV in Container Terminal Using UAV Technology. Transport and Telecommunication Journal, 23(1), 2022. 33-47. https:\/\/doi.org\/10.2478\/ttj-2022-0004<\/li>\n<li>Nacera Bahnes, Bouabdellah Kechar, Hafid Haffaf. Cooperation between Intelligent Autonomous Vehicles to enhance container terminal operations. Journal of Innovation in Digital Ecosystems. Volume 3, Issue 1, 2016Pages 22-29. ISSN 2352-6645. https:\/\/doi.org\/10.1016\/j.jides.2016.05.002.\u00a0\u00bb<\/li>\n<li>Saiah Bekkar Djelloul Saiah, Elhabib Bensikaddour, Ali Kaddouri, Redouane Belbachir, Boualem Nasri, and Djamel Eddine Baba Hamed. 2021. Analysis of the communication links between the AlSat\u20101b satellite and the ground station: The impact of the Auto Tracking system on antenna pointing accuracy. Int. J. Satell. Commun. Netw. 39, 5 (September\/October 2021), 486\u2013499. https:\/\/doi.org\/10.1002\/sat.1396<\/li>\n<li>Belbachir, R., Kies, A., Benbouzid, A. et al. Towards Deep Simulations of LEO Satellite Links Based-on Saratoga. Wireless Pers Commun 119, 1387\u20131404 (2021). https:\/\/doi.org\/10.1007\/s11277-021-08286-6<\/li>\n<li>Amal Boumedjout, C\u00e9dric Gueguen, Zoulikha Mekkakia Maaza, Redouane Belbachir &amp; Bernard Cousin. Routing Protocol Based on Neighbor Interference Level for Mobile Wireless Networks. Wireless Pers Commun 115, 483\u2013497 (2020). https:\/\/doi.org\/10.1007\/s11277-020-07582-x<\/li>\n<li>MIDOUN, Mohammed; AMRANI-MIDOUN, Asma. Analysis of Spatiotemporal Pattern for COVID\u201019 in Algeria Using Space\u2010Time-Cubes. International Review on Modelling and Simulations (IREMOS), [S.l.], v. 15, n. 1, p. 27-35, feb. 2022. ISSN 2533-1701. https:\/\/doi.org\/10.15866\/iremos.v15i1.21282<\/li>\n<li>Mohammed Midoun and Hafida Belbachir. 2022. A new process for mining spatial databases: combining spatial data mining and visual data mining. Int. J. Bus. Inf. Syst. 39, 1 (2022), 17\u201351. https:\/\/doi.org\/10.1504\/ijbis.2022.120366<\/li>\n<li>MIDOUN, Mohammed; BELBACHIR, Hafida. New Approach for Spatiotemporal Data Mining: Combining Spatiotemporal and Visual Data Mining for Traffic Analysis. International Review of Aerospace Engineering (IREASE), [S.l.], v. 12, n. 5, p. 205-215, oct. 2019. ISSN 2533-2279. https:\/\/doi.org\/10.15866\/irease.v12i5.16949<\/li>\n<li>M Midoun, H Belbachir. A BAYESIAN NETWORK APPROACH TO MINE SPATIAL DATA CUBE.. Journal of Theoretical &amp; Applied Information Technology 96 (4). 2018<\/li>\n<li>C Abdallah Bensalloua, D Hamdadou. Users Integrity Constraints in SOLAP Systems. Application in Agroforestry.. International Journal of Interactive Multimedia &amp; Artificial Intelligence 5 (1). 2018<\/li>\n<li>Djamila Hamdadou and Charef Abdallah Bensalloua. 2018. Spatial OLAP and Multicriteria Integrated Approach for Decision Support System: Application in Agroforestry Management. Int. J. Decis Support Syst. Technol. 10, 3 (July 2018), 1\u201326. https:\/\/doi.org\/10.4018\/IJDSST.2018070101<\/li>\n<li>C Abdallah Bensalloua, A Benameur. Towards NoSQL-based Data Warehouse Solution integrating ECDIS for Maritime Navigation Decision Support System. Informatica . 2021<\/li>\n<\/ul>\n<p>\u00a0<\/p>\n\n\n\n<h2 class=\"wp-block-heading\">Publications dans des conf\u00e9rences internationales<\/h2>\n\n\n\n<ul>\n<li>Bahnes N, Haddadi M. . Artificial Intelligence in Digital Marketing. D1st International Conference ADM-2024, , Boumerdes \u2013 Algeria.. December 3, 2024<\/li>\n<li>M. Haddadi, A. Khiat and N. Bahnes, \u00ab\u00a0Intrusion Detection Systems using Data Mining Techniques: A comparative study,\u00a0\u00bb 2021 International Conference on Information Systems and Advanced Technologies (ICISAT), IEEE.. 2021. Tebessa, Algeria, 2021, pp. 1-3, doi: 10.1109\/ICISAT54145.2021.9678485.<\/li>\n<li>M. Haddadi and N. Bahnes, \u00ab\u00a0Well-known Open-Source Cloud Computing Platforms,\u00a0\u00bb 2021 International Conference on Information Systems and Advanced Technologies (ICISAT), Tebessa, Algeria, 2021, pp. 1-4, IEEE.&nbsp; doi: 10.1109\/ICISAT54145.2021.9678405.<\/li>\n<li>Nacera Bahnes, Bouabdellah Kechar, Hafid Haffaf. Cooperation between Intelligent Autonomous Vehicles to enhance container terminal operations, Journal of Innovation in Digital Ecosystems. Volume 3, Issue 1. 2016. Pages 22-29. ISSN 2352-6645. https:\/\/doi.org\/10.1016\/j.jides.2016.05.002.<\/li>\n<li>M Midoun, H Benmekki. Geodesign et Mod\u00e9lisation 3D d\u2019une Smart City avec Cityengine : Etude appliqu\u00e9e \u00e0 la ville de Mostaganem. La Conf\u00e9rence Francophone Esri. 2019<\/li>\n<\/ul>\n<p>&nbsp;<\/p>\n\n\n\n<h2 class=\"wp-block-heading\">Publications dans des conf\u00e9rences nationales<\/h2>\n\n\n\n<ul>\n<li>Bahnes N, Haddadi M. . Artificial Intelligence in Digital Marketing. D1st International Conference ADM-2024, , Boumerdes \u2013 Algeria.. December 3, 2024<\/li>\n<li>M. Haddadi, A. Khiat and N. Bahnes, \u00ab\u00a0Intrusion Detection Systems using Data Mining Techniques: A comparative study,\u00a0\u00bb 2021 International Conference on Information Systems and Advanced Technologies (ICISAT), IEEE.. 2021. Tebessa, Algeria, 2021, pp. 1-3, doi: 10.1109\/ICISAT54145.2021.9678485.<\/li>\n<li>M. Haddadi and N. Bahnes, \u00ab\u00a0Well-known Open-Source Cloud Computing Platforms,\u00a0\u00bb 2021 International Conference on Information Systems and Advanced Technologies (ICISAT), Tebessa, Algeria, 2021, pp. 1-4, IEEE.\u00a0 doi: 10.1109\/ICISAT54145.2021.9678405.<\/li>\n<li>Nacera Bahnes, Bouabdellah Kechar, Hafid Haffaf. Cooperation between Intelligent Autonomous Vehicles to enhance container terminal operations, Journal of Innovation in Digital Ecosystems. Volume 3, Issue 1. 2016. Pages 22-29. ISSN 2352-6645. https:\/\/doi.org\/10.1016\/j.jides.2016.05.002.<\/li>\n<li>M Midoun, H Benmekki. Geodesign et Mod\u00e9lisation 3D d\u2019une Smart City avec Cityengine : Etude appliqu\u00e9e \u00e0 la ville de Mostaganem. La Conf\u00e9rence Francophone Esri. 2019<\/li>\n<\/ul>\n\n\n\n<p><\/p>\n","protected":false},"excerpt":{"rendered":"<p>\u00c9quipe GTUC-SC : Geospatial Technologies and Urban Computing for Smart Cities Responsable : Mohammed Midoun [Pr\u00e9sentation] \u2022 [Membres] \u2022 \u00a0[Publications]<\/p>\n","protected":false},"author":12,"featured_media":0,"parent":0,"menu_order":0,"comment_status":"closed","ping_status":"closed","template":"","meta":{"colormag_page_container_layout":"default_layout","colormag_page_sidebar_layout":"default_layout","_eb_attr":"","_coblocks_attr":"","_coblocks_dimensions":"","_coblocks_responsive_height":"","_coblocks_accordion_ie_support":"","footnotes":""},"class_list":["post-151","page","type-page","status-publish","hentry"],"_links":{"self":[{"href":"https:\/\/laboratoire.univ-mosta.dz\/cstl\/wp-json\/wp\/v2\/pages\/151","targetHints":{"allow":["GET"]}}],"collection":[{"href":"https:\/\/laboratoire.univ-mosta.dz\/cstl\/wp-json\/wp\/v2\/pages"}],"about":[{"href":"https:\/\/laboratoire.univ-mosta.dz\/cstl\/wp-json\/wp\/v2\/types\/page"}],"author":[{"embeddable":true,"href":"https:\/\/laboratoire.univ-mosta.dz\/cstl\/wp-json\/wp\/v2\/users\/12"}],"replies":[{"embeddable":true,"href":"https:\/\/laboratoire.univ-mosta.dz\/cstl\/wp-json\/wp\/v2\/comments?post=151"}],"version-history":[{"count":10,"href":"https:\/\/laboratoire.univ-mosta.dz\/cstl\/wp-json\/wp\/v2\/pages\/151\/revisions"}],"predecessor-version":[{"id":470,"href":"https:\/\/laboratoire.univ-mosta.dz\/cstl\/wp-json\/wp\/v2\/pages\/151\/revisions\/470"}],"wp:attachment":[{"href":"https:\/\/laboratoire.univ-mosta.dz\/cstl\/wp-json\/wp\/v2\/media?parent=151"}],"curies":[{"name":"wp","href":"https:\/\/api.w.org\/{rel}","templated":true}]}}