{"id":148,"date":"2025-11-19T23:28:59","date_gmt":"2025-11-19T22:28:59","guid":{"rendered":"https:\/\/laboratoire.univ-mosta.dz\/cstl\/?page_id=148"},"modified":"2025-11-29T16:42:15","modified_gmt":"2025-11-29T15:42:15","slug":"air-nt-artificial-intelligence-reasoning-and-new-technologies","status":"publish","type":"page","link":"https:\/\/laboratoire.univ-mosta.dz\/cstl\/air-nt-artificial-intelligence-reasoning-and-new-technologies\/","title":{"rendered":"AIR-NT &#8211; Artificial Intelligence, Reasoning and New Technologies"},"content":{"rendered":"\n<h1 class=\"wp-block-heading\"><strong>\u00c9quipe AIR-NT : Artificial Intelligence, Reasoning and New Technologies<\/strong><\/h1>\n\n\n\n<h3 class=\"wp-block-heading\"><strong>Responsable<\/strong> : Atmani Baghdad<\/h3>\n\n\n\n<div class=\"wp-block-uagb-separator uagb-block-3544f368\"><div class=\"wp-block-uagb-separator__inner\" style=\"--my-background-image:\"><\/div><\/div>\n\n\n\n<h2 style=\"text-align: center\"><strong>[<a href=\"#presentation\">Pr\u00e9sentation<\/a>] \u2022 [<a href=\"#membres\">Membres<\/a>] \u2022 \u00a0[<a href=\"#publications\">Publications<\/a>]<\/strong><\/h2>\n\n\n\n<h1 class=\"wp-block-heading\" id=\"presentation\">Pr\u00e9sentation de l&rsquo;\u00e9quipe<\/h1>\n\n\n\n<h2 class=\"wp-block-heading\">Fondement scientifique<\/h2>\n\n\n\n<h2 class=\"wp-block-heading\" style=\"padding-top:0;padding-bottom:0\">Objectifs<\/h2>\n\n\n\n<p><span style=\"color: #000000\">L&rsquo;objectif principal de notre \u00e9quipe de recherche est de repousser les fronti\u00e8res de l&rsquo;IA en explorant comment la convergence de l&rsquo;IA g\u00e9n\u00e9rative, des donn\u00e9es massives et du raisonnement avanc\u00e9 peut r\u00e9volutionner de nombreux domaines d&rsquo;application. Notre ambition, qui s\u2019inscrit dans le cadre du plan National de l\u2019Intelligence Artificielle 2020-2030, se traduit par le d\u00e9veloppement de mod\u00e8les plus intelligents, plus cr\u00e9atifs et plus interpr\u00e9tables, tout en relevant des d\u00e9fis cruciaux li\u00e9s \u00e0 la qualit\u00e9 des donn\u00e9es, \u00e0 la compr\u00e9hension des syst\u00e8mes d&rsquo;IA g\u00e9n\u00e9rative et \u00e0 la fiabilit\u00e9 des mod\u00e8les de raisonnement. Nous focalisons nos efforts sur l&rsquo;application pratique de ces avanc\u00e9es dans les secteurs directement li\u00e9s \u00e0 la vie quotidienne du citoyen, cherchant ainsi \u00e0 apporter des contributions significatives \u00e0 ces domaines critiques. Nos recherches sont aliment\u00e9s, orient\u00e9s et \u00e9valu\u00e9s gr\u00e2ce \u00e0 diverses applications dans plusieurs domaines tels que l\u2019IoT, la m\u00e9decine, la finance, la s\u00e9curit\u00e9, la t\u00e9l\u00e9communication, le transport, etc.<\/span><\/p>\n\n\n\n\n\n<h2 class=\"wp-block-heading\">Mots cl\u00e9s<\/h2>\n\n\n\n<p><span style=\"color: #000000\">Artificial Intelligence, Advanced Reasoning, New Technologies, Machine Learning, Natural Language Processing (NLP), Neural Networks, Formal Logic, Advanced Robotics, Cognitive Computing, Data Analytics, Internet of Things (IoT), Image Processing, Deep Learning, Cybersecurity.<\/span><\/p>\n\n\n\n<h1 class=\"wp-block-heading\" id=\"membres\">Membres de l&rsquo;\u00e9quipe<\/h1>\n\n\n\n<table style=\"height: 731px;width: 100%;border-collapse: collapse\" border=\"1\">\n<tbody>\n<tr style=\"height: 33px\">\n<td style=\"width: 25%;height: 33px;background-color: #1a1f26\"><span style=\"color: #ffffff\"><strong>Nom<\/strong><\/span><\/td>\n<td style=\"width: 25%;height: 33px;background-color: #1a1f26\"><span style=\"color: #ffffff\"><strong>Pr\u00e9nom<\/strong><\/span><\/td>\n<td style=\"width: 25%;height: 33px;background-color: #1a1f26\"><span style=\"color: #ffffff\"><strong>Statut<\/strong><\/span><\/td>\n<td style=\"width: 25%;height: 33px;background-color: #1a1f26\"><span style=\"color: #ffffff\"><strong>\u00c9tablissement<\/strong><\/span><\/td>\n<\/tr>\n<tr style=\"height: 39px\">\n<td style=\"width: 25%;height: 39px\" width=\"96\"><span style=\"color: #000000\">Atmani<\/span><\/td>\n<td style=\"width: 25%;height: 39px\" width=\"131\"><span style=\"color: #000000\">Baghdad<\/span><\/td>\n<td style=\"width: 25%;height: 39px\" width=\"220\"><span style=\"color: #000000\">Professeur<\/span><\/td>\n<td style=\"width: 25%;height: 39px\" width=\"87\"><span style=\"color: #000000\">UMAB<\/span><\/td>\n<\/tr>\n<tr style=\"height: 64px\">\n<td style=\"width: 25%;height: 64px\"><span style=\"color: #000000\">Henni<\/span><\/td>\n<td style=\"width: 25%;height: 64px\"><span style=\"color: #000000\">Fouad<\/span><\/td>\n<td style=\"width: 25%;height: 64px\"><span style=\"color: #000000\">Maitre de conf\u00e9rence A<\/span><\/td>\n<td style=\"width: 25%;height: 64px\"><span style=\"color: #000000\">UMAB<\/span><\/td>\n<\/tr>\n<tr style=\"height: 64px\">\n<td style=\"width: 25%;height: 64px\"><span style=\"color: #000000\">Benkerdagh<\/span><\/td>\n<td style=\"width: 25%;height: 64px\"><span style=\"color: #000000\">Saliha<\/span><\/td>\n<td style=\"width: 25%;height: 64px\"><span style=\"color: #000000\">Maitre de conf\u00e9rence B<\/span><\/td>\n<td style=\"width: 25%;height: 64px\"><span style=\"color: #000000\">UMAB<\/span><\/td>\n<\/tr>\n<tr style=\"height: 64px\">\n<td style=\"width: 25%;height: 64px\"><span style=\"color: #000000\">Hafsa<\/span><\/td>\n<td style=\"width: 25%;height: 64px\"><span style=\"color: #000000\">Lattar<\/span><\/td>\n<td style=\"width: 25%;height: 64px\"><span style=\"color: #000000\">Maitre de conf\u00e9rence B<\/span><\/td>\n<td style=\"width: 25%;height: 64px\"><span style=\"color: #000000\">UMAB<\/span><\/td>\n<\/tr>\n<tr style=\"height: 64px\">\n<td style=\"width: 25%;height: 64px\"><span style=\"color: #000000\">Mokaddem<\/span><\/td>\n<td style=\"width: 25%;height: 64px\"><span style=\"color: #000000\">Most\u00e9fa<\/span><\/td>\n<td style=\"width: 25%;height: 64px\"><span style=\"color: #000000\">Maitre de conf\u00e9rence B<\/span><\/td>\n<td style=\"width: 25%;height: 64px\"><span style=\"color: #000000\">UMAB<\/span><\/td>\n<\/tr>\n<tr style=\"height: 64px\">\n<td style=\"width: 25%;height: 64px\"><span style=\"color: #000000\">Lazeb<\/span><\/td>\n<td style=\"width: 25%;height: 64px\"><span style=\"color: #000000\">Abdenour<\/span><\/td>\n<td style=\"width: 25%;height: 64px\"><span style=\"color: #000000\">Maitre de conf\u00e9rence B &#8211; Associ\u00e9<\/span><\/td>\n<td style=\"width: 25%;height: 64px\"><span style=\"color: #000000\">UMAB<\/span><\/td>\n<\/tr>\n<tr style=\"height: 64px\">\n<td style=\"width: 25%;height: 64px\"><span style=\"color: #000000\">Zeboudj<\/span><\/td>\n<td style=\"width: 25%;height: 64px\"><span style=\"color: #000000\">Meriem<\/span><\/td>\n<td style=\"width: 25%;height: 64px\"><span style=\"color: #000000\">Maitre de conf\u00e9rence B &#8211; Associ\u00e9<\/span><\/td>\n<td style=\"width: 25%;height: 64px\"><span style=\"color: #000000\">UMAB<\/span><\/td>\n<\/tr>\n<tr style=\"height: 64px\">\n<td style=\"width: 25%;height: 64px\"><span style=\"color: #000000\">Khatir<\/span><\/td>\n<td style=\"width: 25%;height: 64px\"><span style=\"color: #000000\">Mohamed Rachid<\/span><\/td>\n<td style=\"width: 25%;height: 64px\"><span style=\"color: #000000\">Maitre de conf\u00e9rence B &#8211; Associ\u00e9<\/span><\/td>\n<td style=\"width: 25%;height: 64px\"><span style=\"color: #000000\">Oran 1<\/span><\/td>\n<\/tr>\n<tr style=\"height: 39px\">\n<td style=\"width: 25%;height: 39px\"><span style=\"color: #000000\">Benmehidi<\/span><\/td>\n<td style=\"width: 25%;height: 39px\"><span style=\"color: #000000\">Dehbi<\/span><\/td>\n<td style=\"width: 25%;height: 39px\"><span style=\"color: #000000\">Doctorant<\/span><\/td>\n<td style=\"width: 25%;height: 39px\"><span style=\"color: #000000\">UMAB<\/span><\/td>\n<\/tr>\n<tr style=\"height: 39px\">\n<td style=\"width: 25%;height: 39px\"><span style=\"color: #000000\">Mellah Ali<\/span><\/td>\n<td style=\"width: 25%;height: 39px\"><span style=\"color: #000000\">Ala Eddine<\/span><\/td>\n<td style=\"width: 25%;height: 39px\"><span style=\"color: #000000\">Doctorant<\/span><\/td>\n<td style=\"width: 25%;height: 39px\"><span style=\"color: #000000\">UMAB<\/span><\/td>\n<\/tr>\n<tr style=\"height: 39px\">\n<td style=\"width: 25%;height: 39px\"><span style=\"color: #000000\">Nebah<\/span><\/td>\n<td style=\"width: 25%;height: 39px\"><span style=\"color: #000000\">Mourad<\/span><\/td>\n<td style=\"width: 25%;height: 39px\"><span style=\"color: #000000\">Doctorant<\/span><\/td>\n<td style=\"width: 25%;height: 39px\"><span style=\"color: #000000\">UMAB<\/span><\/td>\n<\/tr>\n<tr style=\"height: 39px\">\n<td style=\"width: 25%;height: 39px\"><span style=\"color: #000000\">Rouam Serik<\/span><\/td>\n<td style=\"width: 25%;height: 39px\"><span style=\"color: #000000\">Hadjer Fatima<\/span><\/td>\n<td style=\"width: 25%;height: 39px\"><span style=\"color: #000000\">Doctorante<\/span><\/td>\n<td style=\"width: 25%;height: 39px\"><span style=\"color: #000000\">UMAB<\/span><\/td>\n<\/tr>\n<tr style=\"height: 39px\">\n<td style=\"width: 25%;height: 39px\"><span style=\"color: #000000\">Saiad<\/span><\/td>\n<td style=\"width: 25%;height: 39px\"><span style=\"color: #000000\">Zeyd<\/span><\/td>\n<td style=\"width: 25%;height: 39px\"><span style=\"color: #000000\">Doctorant<\/span><\/td>\n<td style=\"width: 25%;height: 39px\"><span style=\"color: #000000\">UMAB<\/span><\/td>\n<\/tr>\n<tr style=\"height: 16px\">\n<td style=\"height: 16px;width: 25%\" align=\"left\" height=\"21\">\u00a0<\/td>\n<td style=\"width: 25%;height: 16px\" align=\"left\">\u00a0<\/td>\n<td style=\"width: 25%;height: 16px\" align=\"left\">\u00a0<\/td>\n<td style=\"width: 25%;height: 16px\" align=\"left\">\u00a0<\/td>\n<\/tr>\n<\/tbody>\n<\/table>\n\n\n\n<p><\/p>\n\n\n\n<h1 class=\"wp-block-heading\" id=\"publications\">Publications<\/h1>\n\n\n\n<p><\/p>\n\n\n\n<p><\/p>\n","protected":false},"excerpt":{"rendered":"<p>\u00c9quipe AIR-NT : Artificial Intelligence, Reasoning and New Technologies Responsable : Atmani Baghdad [Pr\u00e9sentation] \u2022 [Membres] \u2022 \u00a0[Publications] Pr\u00e9sentation de<\/p>\n","protected":false},"author":12,"featured_media":0,"parent":0,"menu_order":0,"comment_status":"closed","ping_status":"closed","template":"","meta":{"colormag_page_container_layout":"default_layout","colormag_page_sidebar_layout":"default_layout","_eb_attr":"","_coblocks_attr":"","_coblocks_dimensions":"","_coblocks_responsive_height":"","_coblocks_accordion_ie_support":"","footnotes":""},"class_list":["post-148","page","type-page","status-publish","hentry"],"_links":{"self":[{"href":"https:\/\/laboratoire.univ-mosta.dz\/cstl\/wp-json\/wp\/v2\/pages\/148","targetHints":{"allow":["GET"]}}],"collection":[{"href":"https:\/\/laboratoire.univ-mosta.dz\/cstl\/wp-json\/wp\/v2\/pages"}],"about":[{"href":"https:\/\/laboratoire.univ-mosta.dz\/cstl\/wp-json\/wp\/v2\/types\/page"}],"author":[{"embeddable":true,"href":"https:\/\/laboratoire.univ-mosta.dz\/cstl\/wp-json\/wp\/v2\/users\/12"}],"replies":[{"embeddable":true,"href":"https:\/\/laboratoire.univ-mosta.dz\/cstl\/wp-json\/wp\/v2\/comments?post=148"}],"version-history":[{"count":10,"href":"https:\/\/laboratoire.univ-mosta.dz\/cstl\/wp-json\/wp\/v2\/pages\/148\/revisions"}],"predecessor-version":[{"id":481,"href":"https:\/\/laboratoire.univ-mosta.dz\/cstl\/wp-json\/wp\/v2\/pages\/148\/revisions\/481"}],"wp:attachment":[{"href":"https:\/\/laboratoire.univ-mosta.dz\/cstl\/wp-json\/wp\/v2\/media?parent=148"}],"curies":[{"name":"wp","href":"https:\/\/api.w.org\/{rel}","templated":true}]}}