{"id":106,"date":"2022-06-26T17:52:30","date_gmt":"2022-06-26T15:52:30","guid":{"rendered":"https:\/\/laboratoire.univ-mosta.dz\/aqqdpsb\/?page_id=106"},"modified":"2022-06-26T17:54:21","modified_gmt":"2022-06-26T15:54:21","slug":"revew","status":"publish","type":"page","link":"https:\/\/laboratoire.univ-mosta.dz\/aqqdpsb\/revew\/","title":{"rendered":"VOL 1 -2014"},"content":{"rendered":"<h6>Volume 1\u00a0\u00a0 \u00a0\u00a0\u00a0\u00a0\u00a0 \u00a0\u00a0\u00a0\u00a0\u00a0 \u00a0\u00a0 2014<\/h6>\n<div class=\"opened-for-codepen\">\n<h6>Num\u00e9ro 1\u00a0\u00a0 \u00a0\u00a0\u00a0\u00a0\u00a0 2014-06-23<\/h6>\n<div>\n<h6><a href=\"https:\/\/www.asjp.cerist.dz\/en\/article\/40790\">\u0639\u0644\u0627\u0642\u0629 \u0627\u0644\u0636\u063a\u0648\u0637 \u0627\u0644\u0646\u0641\u0633\u064a\u0629 \u0644\u062f\u0649 \u0623\u0633\u0631 \u0627\u0644\u0645\u0639\u0627\u0642\u064a\u0646 \u0628\u0627\u0644\u0639\u0644\u0627\u0642\u0627\u062a \u0627\u0644\u0623\u0633\u0631\u064a\u0629<\/a><\/h6>\n<h6>\u0639\u0628\u062f \u0627\u0644\u062d\u0642 \u0645\u0646\u0635\u0648\u0631\u064a ,\u00a0 \u0635\u0628\u0627\u062d \u0639\u0627\u064a\u0634 ,<\/h6>\n<h6><a class=\"dateart\">\u00a0\u00a0\u00a0<b>\u062a\u0627\u0631\u064a\u062e \u0627\u0644\u0646\u0634\u0631:\u00a0<\/b>23-06-2014<span class=\"btnText pull-left\">\u00a0\u00a0 \u0635 \u00a08-27. \u00a0\u00a0<\/span><\/a><\/h6>\n<hr \/>\n<h6><a href=\"https:\/\/www.asjp.cerist.dz\/en\/article\/40791\">\u0627\u0644\u062a\u062d\u0644\u064a\u0644 \u0627\u0644\u0627\u0633\u062a\u0642\u0631\u0627\u0626\u064a \u0644\u0644\u0628\u064a\u0627\u0646\u0627\u062a \u0627\u0644\u0643\u064a\u0641\u064a\u0629 \u0644\u0645\u0642\u0627\u0628\u0644\u0629 \u0628\u062d\u062b\u064a\u0629<\/a><\/h6>\n<h6>\u0645\u0635\u0637\u0641\u0649 \u062d\u0644\u0648\u0634 ,<\/h6>\n<h6><a class=\"dateart\">\u00a0\u00a0\u00a0<b>\u062a\u0627\u0631\u064a\u062e \u0627\u0644\u0646\u0634\u0631:\u00a0<\/b>23-06-2014<span class=\"btnText pull-left\">\u00a0\u00a0 \u0635 \u00a028-37. \u00a0\u00a0<\/span><\/a><\/h6>\n<hr \/>\n<h6><a href=\"https:\/\/www.asjp.cerist.dz\/en\/article\/40792\">\u062f\u0631\u0627\u0633\u0629 \u0645\u0642\u0627\u0631\u0646\u0629 \u0628\u064a\u0646 \u0627\u0644\u062a\u0642\u062f\u064a\u0631 \u0627\u0644\u0643\u0645\u064a \u0648 \u0627\u0644\u062a\u0642\u062f\u064a\u0631 \u0627\u0644\u0643\u064a\u0641\u064a \u0644\u0644\u0627\u062d\u0640\u0640\u062a\u0631\u0627\u0642 \u0627\u0644\u0646\u0641\u0633\u064a \u0644\u062f\u0649 \u0623\u0639\u0640\u0640\u0640\u0648\u0627\u0646 \u0627\u0644\u062d\u0645\u0627\u064a\u0629 \u0627\u0644\u0645\u062f\u0646\u064a\u0629 \u0648 \u0639\u0644\u0627\u0642\u062a\u0647 \u0628\u0633\u0646\u0648\u0627\u062a \u0627\u0644\u0623\u0642\u062f\u0645\u064a\u0629 \u0627\u0644\u0645\u0647\u0646\u064a\u0629<\/a><\/h6>\n<h6>\u0645\u062d\u0645\u062f \u0628\u0644\u0643\u0631\u062f ,<\/h6>\n<h6><a class=\"dateart\">\u00a0\u00a0\u00a0<b>\u062a\u0627\u0631\u064a\u062e \u0627\u0644\u0646\u0634\u0631:\u00a0<\/b>23-06-2014<span class=\"btnText pull-left\">\u00a0\u00a0 \u0635 \u00a039-52. \u00a0\u00a0<\/span><\/a><\/h6>\n<hr \/>\n<h6><a href=\"https:\/\/www.asjp.cerist.dz\/en\/article\/40793\">\u0625\u062f\u0631\u0627\u0643 \u0645\u0641\u0647\u0648\u0645 \u0627\u0644\u0632\u0645\u0627\u0646 \u0648\u062a\u0623\u062b\u064a\u0631\u0647 \u0639\u0644\u0649 \u0627\u0643\u062a\u0633\u0627\u0628 \u0627\u0644\u0644\u063a\u0629 \u0639\u0646\u062f \u0627\u0644\u0637\u0641\u0644<\/a><\/h6>\n<h6>\u0639\u0627\u0645\u0631 \u0628\u0631\u0627\u0628\u062d ,<\/h6>\n<h6><a class=\"dateart\">\u00a0\u00a0\u00a0<b>\u062a\u0627\u0631\u064a\u062e \u0627\u0644\u0646\u0634\u0631:\u00a0<\/b>23-06-2014<span class=\"btnText pull-left\">\u00a0\u00a0 \u0635 \u00a039-52. \u00a0\u00a0<\/span><\/a><\/h6>\n<hr \/>\n<h6><a href=\"https:\/\/www.asjp.cerist.dz\/en\/article\/40794\">\u0645\u0635\u062f\u0631 \u0627\u0644\u0636\u0628\u0637 \u0644\u0631\u0648\u062a\u0631 \u0648\u0639\u0644\u0627\u0642\u062a\u0647 \u0628\u0627\u0644\u062a\u0648\u0627\u0641\u0642 \u0627\u0644\u0646\u0641\u0633\u064a.<\/a><\/h6>\n<h6>\u0645\u062d\u0645\u062f \u0645\u0643\u0640\u0640\u0640\u064a ,\u00a0 \u0639\u0628\u062f \u0627\u0644\u0644\u0647 \u0645\u0633\u0643\u064a\u0640\u0640\u0640\u0646 ,<\/h6>\n<h6><a class=\"dateart\">\u00a0\u00a0\u00a0<b>\u062a\u0627\u0631\u064a\u062e \u0627\u0644\u0646\u0634\u0631:\u00a0<\/b>23-06-2014<span class=\"btnText pull-left\">\u00a0\u00a0 \u0635 \u00a039-62. \u00a0\u00a0<\/span><\/a><\/h6>\n<hr \/>\n<h6><a href=\"https:\/\/www.asjp.cerist.dz\/en\/article\/40795\">\u062f\u0631\u062c\u0629 \u0627\u0633\u062a\u062e\u062f\u0627\u0645 \u0623\u0633\u0627\u062a\u0630\u0629 \u0627\u0644\u062a\u0639\u0644\u064a\u0645 \u0627\u0644\u062b\u0627\u0646\u0648\u064a \u0644\u062a\u0643\u0646\u0648\u0644\u0648\u062c\u064a\u0627 \u0627\u0644\u0645\u0639\u0644\u0648\u0645\u0627\u062a \u0648\u0645\u0639\u0648\u0642\u0627\u062a \u0627\u0633\u062a\u062e\u062f\u0627\u0645\u0647\u0627 \u062f\u0631\u0627\u0633\u0629 \u0645\u064a\u062f\u0627\u0646\u064a\u0629 \u0639\u0644\u0649 \u0639\u064a\u0646\u0629 \u0645\u0646 \u0623\u0633\u0627\u062a\u0630\u0629 \u0627\u0644\u062a\u0639\u0644\u064a\u0645 \u0627\u0644\u062b\u0627\u0646\u0648\u064a \u0628\u0648\u0644\u0627\u064a\u0629 \u0633\u064a\u062f\u064a \u0628\u0644\u0639\u0628\u0627\u0633<\/a><\/h6>\n<h6>\u0623\u062d\u0645\u062f \u0641\u0644\u0627\u062d ,<\/h6>\n<h6><a class=\"dateart\">\u00a0\u00a0\u00a0<b>\u062a\u0627\u0631\u064a\u062e \u0627\u0644\u0646\u0634\u0631:\u00a0<\/b>23-06-2014<span class=\"btnText pull-left\">\u00a0\u00a0 \u0635 \u00a063-84. \u00a0\u00a0<\/span><\/a><\/h6>\n<hr \/>\n<h6><a href=\"https:\/\/www.asjp.cerist.dz\/en\/article\/40796\">\u0627\u0633\u062a\u062e\u062f\u0627\u0645 \u062a\u062d\u0644\u064a\u0644 \u0627\u0644\u062a\u0628\u0627\u064a\u0646 \u0627\u0644\u0623\u062d\u0627\u062f\u064a \u0641\u064a \u0627\u0644\u0643\u0634\u0641 \u0639\u0646 \u0627\u0644\u0641\u0631\u0648\u0642 \u0628\u064a\u0646 \u0645\u062c\u0645\u0648\u0639\u0627\u062a \u0645\u0633\u062a\u0642\u0644\u0629<\/a><\/h6>\n<h6>\u0639\u0641\u064a\u0641 \u0645\u0631\u0646\u064a\u0632 ,\u00a0 \u0648\u0627\u0641\u064a\u0629 \u0628\u0646 \u0639\u0631\u0648\u0645 ,<\/h6>\n<h6><a class=\"dateart\">\u00a0\u00a0\u00a0<b>\u062a\u0627\u0631\u064a\u062e \u0627\u0644\u0646\u0634\u0631:\u00a0<\/b>23-06-2014<span class=\"btnText pull-left\">\u00a0\u00a0 \u0635 \u00a085-108. \u00a0\u00a0<\/span><\/a><\/h6>\n<hr \/>\n<h6><a href=\"https:\/\/www.asjp.cerist.dz\/en\/article\/40797\">Prise en charge des adolescents vivant dans la rue par les professionnels du travail social au Cameroun : le point de vue subjectif des jeunes<\/a><\/h6>\n<h6>Leonard Nguimfack ,<\/h6>\n<h6><a class=\"dateart\">\u00a0\u00a0\u00a0<b>Date de publication:\u00a0<\/b>23-06-2014<span class=\"btnText pull-right\">\u00a0\u00a0 pages \u00a0109-127. \u00a0\u00a0<\/span><\/a><\/h6>\n<hr \/>\n<h6><a href=\"https:\/\/www.asjp.cerist.dz\/en\/article\/40798\">Positionnement de la m\u00e9thodologie en sciences sociales produite en milieu occidental par rapport \u00e0 la r\u00e9alit\u00e9 sociale dans des milieux culturellement diff\u00e9re.<\/a><\/h6>\n<h6>Ali Tadjine ,<\/h6>\n<h6><a class=\"dateart\">\u00a0\u00a0\u00a0<b>Date de publication:\u00a0<\/b>23-06-2014<span class=\"btnText pull-right\">\u00a0\u00a0 pages \u00a0128-134. \u00a0\u00a0<\/span><\/a><\/h6>\n<hr \/>\n<h6><a href=\"https:\/\/www.asjp.cerist.dz\/en\/article\/40799\">\u0623\u062b\u0631 \u0627\u062e\u062a\u0644\u0627\u0641 \u062a\u0642\u062f\u064a\u0631\u0627\u062a \u0644\u064a\u0643\u0631\u062a \u0639\u0644\u0649 \u0627\u0644\u062e\u0635\u0627\u0626\u0635 \u0627\u0644\u0633\u064a\u0643\u0648\u0645\u062a\u0631\u064a\u0629 \u0644\u0644\u0625\u0633\u062a\u0628\u064a\u0627\u0646.<\/a><\/h6>\n<h6>\u0639\u0628\u062f \u0627\u0644\u0631\u062d\u0645\u0646 \u0628\u0646 \u0635\u0627\u0641\u064a ,<\/h6>\n<h6><a class=\"dateart\">\u00a0\u00a0\u00a0<b>\u062a\u0627\u0631\u064a\u062e \u0627\u0644\u0646\u0634\u0631:\u00a0<\/b>23-06-2014<span class=\"btnText pull-left\">\u00a0\u00a0 \u0635 \u00a0135-159. \u00a0\u00a0<\/span><\/a><\/h6>\n<\/div>\n<\/div>\n<div class=\"opened-for-codepen\"><\/div>\n","protected":false},"excerpt":{"rendered":"<p>Volume 1\u00a0\u00a0 \u00a0\u00a0\u00a0\u00a0\u00a0 \u00a0\u00a0\u00a0\u00a0\u00a0 \u00a0\u00a0 2014 Num\u00e9ro 1\u00a0\u00a0 \u00a0\u00a0\u00a0\u00a0\u00a0 2014-06-23 \u0639\u0644\u0627\u0642\u0629 \u0627\u0644\u0636\u063a\u0648\u0637 \u0627\u0644\u0646\u0641\u0633\u064a\u0629 \u0644\u062f\u0649 \u0623\u0633\u0631 \u0627\u0644\u0645\u0639\u0627\u0642\u064a\u0646 \u0628\u0627\u0644\u0639\u0644\u0627\u0642\u0627\u062a \u0627\u0644\u0623\u0633\u0631\u064a\u0629 \u0639\u0628\u062f \u0627\u0644\u062d\u0642<\/p>\n","protected":false},"author":7,"featured_media":0,"parent":0,"menu_order":0,"comment_status":"closed","ping_status":"closed","template":"","meta":{"colormag_page_container_layout":"default_layout","colormag_page_sidebar_layout":"default_layout","_eb_attr":"","_coblocks_attr":"","_coblocks_dimensions":"","_coblocks_responsive_height":"","_coblocks_accordion_ie_support":"","footnotes":""},"class_list":["post-106","page","type-page","status-publish","hentry"],"_links":{"self":[{"href":"https:\/\/laboratoire.univ-mosta.dz\/aqqdpsb\/wp-json\/wp\/v2\/pages\/106","targetHints":{"allow":["GET"]}}],"collection":[{"href":"https:\/\/laboratoire.univ-mosta.dz\/aqqdpsb\/wp-json\/wp\/v2\/pages"}],"about":[{"href":"https:\/\/laboratoire.univ-mosta.dz\/aqqdpsb\/wp-json\/wp\/v2\/types\/page"}],"author":[{"embeddable":true,"href":"https:\/\/laboratoire.univ-mosta.dz\/aqqdpsb\/wp-json\/wp\/v2\/users\/7"}],"replies":[{"embeddable":true,"href":"https:\/\/laboratoire.univ-mosta.dz\/aqqdpsb\/wp-json\/wp\/v2\/comments?post=106"}],"version-history":[{"count":3,"href":"https:\/\/laboratoire.univ-mosta.dz\/aqqdpsb\/wp-json\/wp\/v2\/pages\/106\/revisions"}],"predecessor-version":[{"id":109,"href":"https:\/\/laboratoire.univ-mosta.dz\/aqqdpsb\/wp-json\/wp\/v2\/pages\/106\/revisions\/109"}],"wp:attachment":[{"href":"https:\/\/laboratoire.univ-mosta.dz\/aqqdpsb\/wp-json\/wp\/v2\/media?parent=106"}],"curies":[{"name":"wp","href":"https:\/\/api.w.org\/{rel}","templated":true}]}}