{"id":102,"date":"2022-06-26T17:51:17","date_gmt":"2022-06-26T15:51:17","guid":{"rendered":"https:\/\/laboratoire.univ-mosta.dz\/aqqdpsb\/?page_id=102"},"modified":"2022-06-26T17:51:17","modified_gmt":"2022-06-26T15:51:17","slug":"pead-team","status":"publish","type":"page","link":"https:\/\/laboratoire.univ-mosta.dz\/aqqdpsb\/pead-team\/","title":{"rendered":"PEAD Team"},"content":{"rendered":"<table width=\"100%\">\n<tbody>\n<tr>\n<td width=\"47%\">Identification de l&rsquo;\u00e9quipe<\/td>\n<td width=\"52%\">\u0627\u0644\u062a\u0639\u0631\u064a\u0641 \u0628\u0627\u0644\u0641\u0631\u0642\u0629:<\/td>\n<\/tr>\n<tr>\n<td width=\"47%\">Intitul\u00e9 de l&rsquo;\u00e9quipe\u00a0:<\/p>\n<p><strong>Psychom\u00e9trie, \u00e9ducative et analyse des donn\u00e9es<\/strong><\/td>\n<td width=\"52%\">\u0639\u0646\u0648\u0627\u0646 \u0641\u0631\u0642\u0629 \u0627\u0644\u0628\u062d\u062b\u00a0 :<\/p>\n<p><strong>\u0627\u0644\u0642\u064a\u0627\u0633 \u0627\u0644\u0646\u0641\u0633<\/strong><strong>\u064a\u060c <\/strong><strong>\u0627\u0644\u062a\u0631\u0628\u0648\u064a \u00a0<\/strong><strong>\u0648\u062a\u062d\u0644\u064a\u0644 \u0627\u0644\u0645\u0639\u0637\u064a\u0627\u062a<\/strong><\/td>\n<\/tr>\n<tr>\n<td width=\"47%\">Acronyme de l&rsquo;\u00e9quipe<\/td>\n<td width=\"52%\"><strong>PEAD<\/strong><\/td>\n<\/tr>\n<tr>\n<td width=\"47%\">Site Web de l&rsquo;\u00e9quipe<\/td>\n<td width=\"52%\">http:\/\/ladqqcps.univ-mosta.dz\/index.php\/2016-02-27-21-24-18\/2016-04-13-18-55-7<\/td>\n<\/tr>\n<tr>\n<td width=\"47%\">Chef d&rsquo;\u00e9quipe<\/td>\n<td width=\"52%\"><strong>GUEMARI Mohamed<\/strong><\/p>\n<p><strong>\u0642\u0645\u0627\u0631\u064a \u0645\u062d\u0645\u062f<\/strong><\/td>\n<\/tr>\n<tr>\n<td width=\"47%\">Classement th\u00e9matique de l&rsquo;\u00e9quipe<\/td>\n<td width=\"52%\">Domaine(s)<strong>:<\/strong>Sciences Sociales \/ Psychologies<\/td>\n<\/tr>\n<tr>\n<td width=\"47%\"><\/td>\n<td width=\"52%\"><strong>\u0627\u0644\u0642\u064a\u0627\u0633 \u0627\u0644\u0646\u0641\u0633\u064a\u061b \u0627\u0644\u062a\u0631\u0628\u0648\u064a\u061b \u062a\u062d\u0644\u064a\u0644\u061b \u0627\u0644\u0645\u0639\u0637\u064a\u0627\u062a\u061b \u0627\u0644\u0645\u0642\u0627\u064a\u064a\u0633 \u0627\u0644\u0646\u0641\u0633\u064a\u0629<\/strong><strong>.<\/strong><\/td>\n<\/tr>\n<tr>\n<td width=\"47%\">&nbsp;<\/p>\n<p>&nbsp;<\/p>\n<p>&nbsp;<\/p>\n<p>Description scientifique du programme de recherche de l\u2019\u00e9quipe (150 et 200 mots)<\/p>\n<p>&nbsp;<\/td>\n<td width=\"52%\">1.\u00a0\u00a0\u00a0\u00a0\u00a0 \u062a\u0647\u062f\u0641 \u0641\u0631\u0642\u0629 \u0627\u0644\u0628\u062d\u062b \u0641\u064a \u0627\u0644\u0642\u064a\u0627\u0633 \u0627\u0644\u0646\u0641\u0633\u064a \u0648\u0627\u0644\u062a\u0631\u0628\u0648\u064a \u00a0\u0648\u062a\u062d\u0644\u064a\u0644 \u0627\u0644\u0645\u0639\u0637\u064a\u0627\u062a \u0625\u0644\u0649\u00a0 \u0627\u0644\u0643\u0634\u0641 \u0639\u0646 \u0645\u062e\u062a\u0644\u0641 \u0627\u0644\u0645\u0633\u0627\u0626\u0644 \u0627\u0644\u0645\u062a\u0639\u0644\u0642\u0629\u00a0 \u0628\u0627\u0644\u0642\u064a\u0627\u0633\u00a0 \u0627\u0644\u0646\u0641\u0633\u064a \u0648\u0627\u0644\u062a\u0631\u0628\u0648\u064a\u00a0 \u0648\u062a\u062d\u0644\u064a\u0644 \u0627\u0644\u0645\u0639\u0637\u064a\u0627\u062a \u0627\u0644\u0643\u0645\u064a\u0629 \u0648 \u0627\u0644\u0643\u064a\u0641\u064a\u0629 \u060c \u0648 \u0645\u0627 \u064a\u062a\u0639\u0644\u0642 \u0628\u0627\u0644\u0645\u0648\u0636\u0648\u0639\u00a0\u00a0 \u0645\u0646 \u0623\u0637\u0631 \u0646\u0638\u0631\u064a\u0629\u00a0 \u0648\u0645\u0641\u0627\u0647\u064a\u0645 \u060c \u0648 \u062a\u062d\u062f\u064a\u062f \u0627\u0644\u0645\u0635\u0637\u0644\u062d\u0627\u062a\u00a0 \u0627\u0644\u062a\u064a \u062a\u062a\u0637\u0631\u0642\u00a0 \u0625\u0644\u0649 \u0643\u0644 \u0645\u0627 \u0647\u0648 \u0645\u0633\u062a\u062d\u062f\u062b\u00a0 \u0648 \u062d\u062f\u064a\u062b\u00a0 \u0641\u064a \u0627\u0644\u0645\u0648\u0636\u0648\u0639\u00a0 \u060c\u00a0 \u0648 \u0633\u0646\u0631\u0643\u0632 \u0639\u0644\u0649\u00a0 : \u0637\u0631\u0642\u00a0 \u062a\u0643\u064a\u064a\u0641 \u0648 \u062a\u0642\u0646\u064a\u0646 \u0648\u0628\u0646\u0627\u0621\u00a0 \u0623\u062f\u0648\u0627\u062a \u0642\u064a\u0627\u0633\u00a0 \u0627\u0644\u0633\u0644\u0648\u0643 \u0627\u0644\u0628\u0634\u0631\u064a\u060c \u0645\u0646 \u0642\u062f\u0631\u0627 \u0648 \u0633\u0645\u0627\u062a \u0648 \u0623\u0647\u062a\u0645\u0627\u0645\u0627\u062a &#8230;..\u0648 \u0643\u0630\u0627 \u0627\u0644\u062a\u0623\u0643\u062f\u00a0 \u0645\u0646 \u0635\u0644\u0627\u062d\u064a\u0629 \u0623\u062f\u0648\u0627\u062a \u0627\u0644\u0628\u062d\u062b \u0645\u0646 \u0635\u062f\u0642 \u0648\u062b\u0628\u0627\u062a \u060c \u0648 \u0637\u0631\u0642 \u0627\u0633\u062a\u062e\u0631\u0627\u062c\u00a0 \u0627\u0644\u062e\u0635\u0627\u0626\u0635 \u0627\u0644\u062c\u064a\u062f\u0629 \u0644\u0623\u062f\u0648\u0627\u062a \u0627\u0644\u0642\u064a\u0627\u0633\u00a0 \u0648\u0634\u0631\u0648\u0637\u0647\u0627 \u060c \u062b\u0645 \u0627\u0644\u062a\u0631\u0643\u064a\u0632\u00a0 \u0639\u0644\u0649\u00a0 \u062a\u0642\u0646\u064a\u0627\u062a \u0648 \u0623\u0633\u0627\u0644\u064a\u0628 \u0627\u0644\u062a\u062d\u0644\u064a\u0644 \u0627\u0644\u0643\u0645\u064a\u00a0 \u0644\u0644\u0645\u0639\u0637\u064a\u0627\u062a\u00a0 \u0641\u064a \u0645\u062c\u0627\u0644 \u0627\u0644\u0639\u0644\u0648\u0645 \u0627\u0644\u0633\u0644\u0648\u0643\u064a\u0629 \u0648 \u0627\u0644\u062a\u0631\u0628\u0648\u064a\u0629 \u060c \u0645\u0639 \u0627\u0644\u062a\u0631\u0643\u064a\u0632 \u0639\u0644\u0649 \u0627\u0633\u0627\u0644\u064a\u0628 \u0627\u0644\u0646\u0645\u0630\u062c\u0629\u00a0 \u0627\u0644\u062d\u062f\u064a\u062b\u0629 . \u0643\u0645\u0627 \u0646\u0631\u0643\u0632 \u0639\u0644\u0649\u00a0 \u0645\u062e\u062a\u0644\u0641 \u0627\u0644\u0637\u0631\u0642 \u0648 \u0627\u0644\u062a\u0642\u0646\u064a\u0627\u062a\u00a0 \u0627\u0644\u0645\u0633\u062a\u0639\u0645\u0644\u0629 \u0641\u064a \u0627\u0644\u0642\u064a\u0627\u0633\u00a0 \u0627\u0644\u0643\u064a\u0641\u064a\u00a0 \u0644\u0644\u0645\u0639\u0637\u064a\u0627\u062a .<\/p>\n<p>2.\u00a0\u00a0\u00a0\u00a0\u00a0 \u0625\u0628\u0631\u0627\u0632 \u0627\u0644\u062c\u0648\u0627\u0646\u0628\u00a0 \u0627\u0644\u0639\u0644\u0645\u064a\u0629 \u0648 \u0627\u0644\u0639\u0645\u0644\u064a\u0629 \u0648 \u0627\u0644\u062a\u0642\u0646\u064a\u0629 \u0641\u064a \u0645\u062c\u0627\u0644 \u062a\u062d\u0644\u064a\u0644 \u0627\u0644\u0645\u0639\u0637\u064a\u0627\u062a.<\/p>\n<p>3.\u00a0\u00a0\u00a0\u00a0\u00a0 \u0631\u0628\u0637 \u0627\u0644\u062c\u0627\u0645\u0639\u0629 \u0628\u0627\u0644\u0645\u062c\u062a\u0645\u0639 \u0641\u064a \u0645\u062c\u0627\u0644 \u062a\u0642\u064a\u064a\u0645 \u0627\u0644\u062c\u0648\u0627\u0646\u0628 \u0627\u0644\u0646\u0641\u0633\u064a\u0629 \u0648\u0627\u0644\u062a\u0631\u0628\u0648\u064a\u0629 \u0648\u0627\u0644\u0633\u0644\u0648\u0643\u064a\u0629..<\/p>\n<p>4.\u00a0\u00a0\u00a0\u00a0\u00a0 \u060c \u0627\u0633\u062a\u062e\u062f\u0627\u0645 \u0627\u0644\u062a\u0642\u0646\u064a\u0627\u062a \u0627\u0644\u062d\u062f\u064a\u062b\u0629 \u0641\u064a \u062a\u062d\u0644\u064a\u0644 \u0627\u0644\u0645\u0639\u0637\u064a\u0627\u062a \u0628\u0646\u0648\u0639\u064a\u0647\u0627 \u0627\u0644\u0643\u0645\u064a \u0648\u0627\u0644\u0643\u064a\u0641\u064a.<\/p>\n<p>5.\u00a0\u00a0\u00a0\u00a0\u00a0 \u0627\u0633\u062a\u062e\u062f\u0627\u0645 \u0627\u0644\u0628\u0631\u0627\u0645\u062c \u0627\u0644\u0627\u0644\u0643\u062a\u0631\u0648\u0646\u064a\u0629 \u0643\u0623\u062f\u0648\u0627\u062a \u0645\u0633\u0627\u0639\u062f\u0629 \u0644\u0644\u0628\u0627\u062d\u062b \u0641\u064a \u062a\u0646\u0641\u064a\u0630 \u0627\u0633\u062a\u0631\u0627\u062a\u064a\u062c\u064a\u0627\u062a \u062a\u062d\u0644\u064a\u0644 \u0627\u0644\u0645\u0639\u0637\u064a\u0627\u062a \u0627\u0644\u0643\u0645\u064a\u0629 \u0648 \u0627\u0644\u0643\u064a\u0641\u064a\u0629.<\/p>\n<p>6.\u00a0\u00a0\u00a0\u00a0\u00a0 \u0627\u0644\u0645\u0633\u0627\u0647\u0645\u0629 \u0641\u064a \u062a\u0643\u0648\u064a\u0646 \u0648\u062a\u0623\u0637\u064a\u0631 \u0637\u0644\u0628\u0629 \u0627\u0644\u0645\u0627\u0633\u062a\u0631 \u0648\u0627\u0644\u062f\u0643\u062a\u0648\u0631\u0627\u0647 \u0641\u064a \u0627\u0644\u0645\u0648\u0627\u0636\u064a\u0639 \u0627\u0644\u062a\u064a \u062a\u062e\u062f\u0645 \u062a\u0648\u062c\u0647\u0627\u062a \u0641\u0631\u0642\u0629 \u0627\u0644\u0628\u062d\u062b \u0648\u0627\u0644\u0645\u062e\u0628\u0631.<\/p>\n<p>7.\u00a0\u00a0\u00a0\u00a0\u00a0 \u0627\u0646\u062c\u0627\u0632 \u0627\u0628\u062d\u0627\u062b \u0645\u064a\u062f\u0627\u0646\u064a\u0629 \u062d\u0648\u0644 . \u0627\u0644\u0630\u0643\u0627\u0621\u0627\u062a \u0627\u0644\u0645\u062a\u0639\u062f\u062f\u0629 \u0648\u0627\u0644\u0647\u064a\u0645\u0646\u0629 \u0627\u0644\u062f\u0645\u0627\u063a\u064a\u0629 \u060c\u00a0 \u0648\u062a\u0631\u0643\u0632\u062a \u0623\u0628\u062d\u0627\u062b \u0623\u062e\u0631\u0649\u00a0 \u062d\u0648\u0644\u00a0 \u0642\u064a\u0627\u0633 \u0627\u0644\u0633\u0645\u0627\u062a \u0627\u0644\u0634\u062e\u0635\u064a\u0629\u00a0 \u0648 \u0627\u0644\u0625\u0647\u062a\u0645\u0627\u0645\u0627\u062a \u0644\u062f\u0649 \u0639\u064a\u0646\u0627\u062a\u00a0 \u0645\u062e\u062a\u0644\u0641\u0629\u00a0\u00a0 \u0641\u064a \u0627\u0644\u0645\u062c\u062a\u0645\u0639 \u0627\u0644\u062c\u0632\u0627\u0626\u0631\u064a .<\/p>\n<p>8.\u00a0\u00a0\u00a0\u00a0\u00a0 \u0627\u0644\u0645\u0633\u0627\u0647\u0645\u0629 \u0641\u064a \u0628\u0646\u0627\u0621 \u0648 \u0648\u062a\u0643\u064a\u064a\u0641 \u0648 \u062a\u0637\u0648\u064a\u0631 \u00a0\u0627\u0644\u0627\u062e\u062a\u0628\u0627\u0631\u0627\u062a \u0627\u0644\u0646\u0641\u0633\u064a\u0629 \u0648\u0627\u0644\u062a\u0631\u0628\u0648\u064a\u0629 .<\/p>\n<p><strong>\u00a0<\/strong><\/td>\n<\/tr>\n<\/tbody>\n<\/table>\n<p>&nbsp;<\/p>\n<p><strong>Liste exhaustive des membres de l\u2019\u00e9quipe par grades<\/strong><\/p>\n<p>&nbsp;<\/p>\n<table width=\"737\">\n<tbody>\n<tr>\n<td width=\"47\">M.\/<br \/>\nMme<\/td>\n<td width=\"123\">Nom et Pr\u00e9nom<\/td>\n<td width=\"57\">\u0627\u0644\u0644\u0642\u0628 \u0648\u0627\u0644\u0625\u0633\u0645<\/td>\n<td width=\"79\">Date de Nais.<\/td>\n<td width=\"78\">Dernier dipl\u00f4me<\/td>\n<td width=\"42\">Grade<\/p>\n<p>&nbsp;<\/td>\n<td width=\"95\">Domaine<\/td>\n<td width=\"85\">&nbsp;<\/p>\n<p>Structure de rattachement<\/td>\n<td width=\"132\">Email actif<\/td>\n<\/tr>\n<tr>\n<td width=\"47\">Mr.<\/td>\n<td width=\"123\"><strong>GUEMARI Mohamed<\/strong><\/td>\n<td width=\"57\"><strong>\u0642\u0645\u0627\u0631\u064a \u0645\u062d\u0645\u062f<\/strong><\/td>\n<td width=\"79\">01\/01\/1963<\/td>\n<td width=\"78\">Habilitation<\/td>\n<td width=\"42\">Pr.<\/td>\n<td width=\"95\">Psychologies<\/td>\n<td width=\"85\">U. Mostaganem<\/td>\n<td width=\"132\">guemarimohamed@yahoo.fr<\/td>\n<\/tr>\n<tr>\n<td width=\"47\">Melle<\/td>\n<td width=\"123\">ALILLECHE Fella<\/td>\n<td width=\"57\">\u0639\u0644\u064a\u0644\u0634 \u0641\u0644\u0629<\/td>\n<td width=\"79\">28\/10\/1984<\/td>\n<td width=\"78\">Habilitation<\/td>\n<td width=\"42\">MCA<\/td>\n<td width=\"95\">Psychologies<\/td>\n<td width=\"85\">U. Mostaganem<\/td>\n<td width=\"132\">falileche@yahoo.fr<\/td>\n<\/tr>\n<tr>\n<td width=\"47\">Mr.<\/td>\n<td width=\"123\">BELAKRED Mohamed<\/td>\n<td width=\"57\">\u0628\u0644\u0643\u0631\u062f \u0645\u062d\u0645\u062f<\/td>\n<td width=\"79\">04\/12\/1976<\/td>\n<td width=\"78\">Habilitation<\/td>\n<td width=\"42\">MCA<\/td>\n<td width=\"95\">Psychologies<\/td>\n<td width=\"85\">U. Mostaganem<\/td>\n<td width=\"132\">belakredmed@hotmail.fr<\/td>\n<\/tr>\n<tr>\n<td width=\"47\">Mr.<\/td>\n<td width=\"123\">BOURZEG Youssef<\/td>\n<td width=\"57\">\u0628\u0648\u0631\u0632\u0642 \u064a\u0648\u0633\u0641<\/td>\n<td width=\"79\">22\/06\/1987<\/td>\n<td width=\"78\">Doctorat<\/td>\n<td width=\"42\">MCB<\/td>\n<td width=\"95\">Psychologies<\/td>\n<td width=\"85\">U. Mostaganem<\/td>\n<td width=\"132\">youssefbourzeg@yahoo.fr<\/td>\n<\/tr>\n<tr>\n<td width=\"47\">Mme<\/td>\n<td width=\"123\">GOUAICH Maghnia<\/td>\n<td width=\"57\">\u0642\u0648\u0639\u064a\u0634 \u0645\u063a\u0646\u064a\u0629<\/td>\n<td width=\"79\">23\/12\/1979<\/td>\n<td width=\"78\">Habilitation<\/td>\n<td width=\"42\">MCA<\/td>\n<td width=\"95\">Psychologies<\/td>\n<td width=\"85\">U. Mostaganem<\/td>\n<td width=\"132\">gouaich_maghnia@yahoo.com<\/td>\n<\/tr>\n<tr>\n<td width=\"47\"><\/td>\n<td width=\"123\"><\/td>\n<td width=\"57\"><\/td>\n<td width=\"79\"><\/td>\n<td width=\"78\"><\/td>\n<td width=\"42\"><\/td>\n<td width=\"95\"><\/td>\n<td width=\"85\"><\/td>\n<td width=\"132\"><\/td>\n<\/tr>\n<tr>\n<td width=\"47\"><\/td>\n<td width=\"123\"><\/td>\n<td width=\"57\"><\/td>\n<td width=\"79\"><\/td>\n<td width=\"78\"><\/td>\n<td width=\"42\"><\/td>\n<td width=\"95\"><\/td>\n<td width=\"85\"><\/td>\n<td width=\"132\"><\/td>\n<\/tr>\n<tr>\n<td width=\"47\"><\/td>\n<td width=\"123\"><\/td>\n<td width=\"57\"><\/td>\n<td width=\"79\"><\/td>\n<td width=\"78\"><\/td>\n<td width=\"42\"><\/td>\n<td width=\"95\"><\/td>\n<td width=\"85\"><\/td>\n<td width=\"132\"><\/td>\n<\/tr>\n<tr>\n<td width=\"47\"><\/td>\n<td width=\"123\"><\/td>\n<td width=\"57\"><\/td>\n<td width=\"79\"><\/td>\n<td width=\"78\"><\/td>\n<td width=\"42\"><\/td>\n<td width=\"95\"><\/td>\n<td width=\"85\"><\/td>\n<td width=\"132\"><\/td>\n<\/tr>\n<\/tbody>\n<\/table>\n","protected":false},"excerpt":{"rendered":"<p>Identification de l&rsquo;\u00e9quipe \u0627\u0644\u062a\u0639\u0631\u064a\u0641 \u0628\u0627\u0644\u0641\u0631\u0642\u0629: Intitul\u00e9 de l&rsquo;\u00e9quipe\u00a0: Psychom\u00e9trie, \u00e9ducative et analyse des donn\u00e9es \u0639\u0646\u0648\u0627\u0646 \u0641\u0631\u0642\u0629 \u0627\u0644\u0628\u062d\u062b\u00a0 : \u0627\u0644\u0642\u064a\u0627\u0633 \u0627\u0644\u0646\u0641\u0633\u064a\u060c<\/p>\n","protected":false},"author":7,"featured_media":0,"parent":0,"menu_order":0,"comment_status":"closed","ping_status":"closed","template":"","meta":{"colormag_page_container_layout":"default_layout","colormag_page_sidebar_layout":"default_layout","_eb_attr":"","_coblocks_attr":"","_coblocks_dimensions":"","_coblocks_responsive_height":"","_coblocks_accordion_ie_support":"","footnotes":""},"class_list":["post-102","page","type-page","status-publish","hentry"],"_links":{"self":[{"href":"https:\/\/laboratoire.univ-mosta.dz\/aqqdpsb\/wp-json\/wp\/v2\/pages\/102","targetHints":{"allow":["GET"]}}],"collection":[{"href":"https:\/\/laboratoire.univ-mosta.dz\/aqqdpsb\/wp-json\/wp\/v2\/pages"}],"about":[{"href":"https:\/\/laboratoire.univ-mosta.dz\/aqqdpsb\/wp-json\/wp\/v2\/types\/page"}],"author":[{"embeddable":true,"href":"https:\/\/laboratoire.univ-mosta.dz\/aqqdpsb\/wp-json\/wp\/v2\/users\/7"}],"replies":[{"embeddable":true,"href":"https:\/\/laboratoire.univ-mosta.dz\/aqqdpsb\/wp-json\/wp\/v2\/comments?post=102"}],"version-history":[{"count":1,"href":"https:\/\/laboratoire.univ-mosta.dz\/aqqdpsb\/wp-json\/wp\/v2\/pages\/102\/revisions"}],"predecessor-version":[{"id":103,"href":"https:\/\/laboratoire.univ-mosta.dz\/aqqdpsb\/wp-json\/wp\/v2\/pages\/102\/revisions\/103"}],"wp:attachment":[{"href":"https:\/\/laboratoire.univ-mosta.dz\/aqqdpsb\/wp-json\/wp\/v2\/media?parent=102"}],"curies":[{"name":"wp","href":"https:\/\/api.w.org\/{rel}","templated":true}]}}