{"id":36,"date":"2026-02-22T11:40:33","date_gmt":"2026-02-22T10:40:33","guid":{"rendered":"https:\/\/laboratoire.univ-mosta.dz\/abrgm\/?page_id=36"},"modified":"2026-03-05T13:00:31","modified_gmt":"2026-03-05T12:00:31","slug":"equipe-4","status":"publish","type":"page","link":"https:\/\/laboratoire.univ-mosta.dz\/abrgm\/equipe-4\/","title":{"rendered":"\u00c9quipe 4"},"content":{"rendered":"\n<p class=\"has-text-align-center has-background\" style=\"background:linear-gradient(135deg,rgb(252,185,0) 76%,rgb(255,105,0) 100%)\"><strong>Intitul\u00e9 de l&rsquo;\u00e9quipe<\/strong> : \u00a0\u00bb Biotechnologie v\u00e9g\u00e9tale et adaptation des plantes agricoles \u00ab\u00a0<\/p>\n\n\n\n<p class=\"has-text-align-center has-background\" style=\"background:linear-gradient(135deg,rgb(252,185,0) 62%,rgb(255,105,0) 100%)\"><strong>Chef d&rsquo;\u00e9quipe<\/strong> : Dr. HANNIA Aicha<\/p>\n\n\n\n<p class=\"has-text-align-center has-background\" style=\"background:linear-gradient(135deg,rgb(252,185,0) 38%,rgb(255,105,0) 100%)\"><strong>&nbsp; Description scientifique du programme de recherche de l\u2019\u00e9quipe <\/strong><\/p>\n\n\n\n<p class=\"has-text-align-left has-background\" style=\"background:linear-gradient(135deg,rgb(252,185,0) 57%,rgb(255,105,0) 100%)\">De nombreuses m\u00e9thodes issues des math\u00e9matiques appliqu\u00e9es deviennent plus accessibles gr\u00e2ce \u00e0 l\u2019augmentation de la puissance de calcul des ordinateurs, mais aussi \u00e0 la diffusion de certains algorithmes facilitant le d\u00e9veloppement de mod\u00e8les pr\u00e9dictifs et la visualisation de donn\u00e9es massives. Le secteur de l\u2019agriculture et de l\u2019agroalimentaire a pour d\u00e9fi de s\u2019approprier et d\u2019\u00e9valuer la pertinence de ces m\u00e9thodes.<br>Durant les trois premi\u00e8res ann\u00e9es, les th\u00e9matiques abord\u00e9es par l\u2019\u00e9quipe seront en rapport effectif avec les enjeux du d\u00e9veloppement agricole et agroalimentaire en Alg\u00e9rie. Ces pr\u00e9occupations scientifiques concernent notamment les applications de la mod\u00e9lisation, et les outils issue de l\u2019intelligence artificielle pour mieux comprendre le fonctionnement des syst\u00e8mes agricoles caract\u00e9ris\u00e9s par de tr\u00e8s nombreuses variables et des interactions entre elles, et trouver des solutions pour des probl\u00e8mes<br>sp\u00e9cifiques.\u00a0\u00bb<\/p>\n\n\n\n<p><\/p>\n","protected":false},"excerpt":{"rendered":"<p>Intitul\u00e9 de l&rsquo;\u00e9quipe : \u00a0\u00bb Biotechnologie v\u00e9g\u00e9tale et adaptation des plantes agricoles \u00ab\u00a0 Chef d&rsquo;\u00e9quipe : Dr. HANNIA Aicha &nbsp; Description scientifique du programme de recherche de l\u2019\u00e9quipe De nombreuses m\u00e9thodes issues des math\u00e9matiques appliqu\u00e9es deviennent plus accessibles gr\u00e2ce \u00e0 l\u2019augmentation de la puissance de calcul des ordinateurs, mais aussi \u00e0 la diffusion de certains &hellip;<\/p>\n","protected":false},"author":45,"featured_media":0,"parent":0,"menu_order":0,"comment_status":"closed","ping_status":"closed","template":"","meta":{"_eb_attr":"","_coblocks_attr":"","_coblocks_dimensions":"","_coblocks_responsive_height":"","_coblocks_accordion_ie_support":"","footnotes":""},"class_list":["post-36","page","type-page","status-publish","hentry"],"_links":{"self":[{"href":"https:\/\/laboratoire.univ-mosta.dz\/abrgm\/wp-json\/wp\/v2\/pages\/36","targetHints":{"allow":["GET"]}}],"collection":[{"href":"https:\/\/laboratoire.univ-mosta.dz\/abrgm\/wp-json\/wp\/v2\/pages"}],"about":[{"href":"https:\/\/laboratoire.univ-mosta.dz\/abrgm\/wp-json\/wp\/v2\/types\/page"}],"author":[{"embeddable":true,"href":"https:\/\/laboratoire.univ-mosta.dz\/abrgm\/wp-json\/wp\/v2\/users\/45"}],"replies":[{"embeddable":true,"href":"https:\/\/laboratoire.univ-mosta.dz\/abrgm\/wp-json\/wp\/v2\/comments?post=36"}],"version-history":[{"count":4,"href":"https:\/\/laboratoire.univ-mosta.dz\/abrgm\/wp-json\/wp\/v2\/pages\/36\/revisions"}],"predecessor-version":[{"id":94,"href":"https:\/\/laboratoire.univ-mosta.dz\/abrgm\/wp-json\/wp\/v2\/pages\/36\/revisions\/94"}],"wp:attachment":[{"href":"https:\/\/laboratoire.univ-mosta.dz\/abrgm\/wp-json\/wp\/v2\/media?parent=36"}],"curies":[{"name":"wp","href":"https:\/\/api.w.org\/{rel}","templated":true}]}}