{"id":34,"date":"2026-02-22T11:40:21","date_gmt":"2026-02-22T10:40:21","guid":{"rendered":"https:\/\/laboratoire.univ-mosta.dz\/abrgm\/?page_id=34"},"modified":"2026-03-05T13:01:40","modified_gmt":"2026-03-05T12:01:40","slug":"equipe-3","status":"publish","type":"page","link":"https:\/\/laboratoire.univ-mosta.dz\/abrgm\/equipe-3\/","title":{"rendered":"\u00c9quipe\u00a03"},"content":{"rendered":"\n<p class=\"has-text-align-center has-very-light-gray-to-cyan-bluish-gray-gradient-background has-background\"><strong>Intitul\u00e9 de l&rsquo;\u00e9quipe<\/strong> : \u00a0\u00bb Mod\u00e9lisation appliqu\u00e9e \u00e0 l&rsquo;Agriculture, l&rsquo;Elevage, et l&rsquo;Environnement \u00ab\u00a0<\/p>\n\n\n\n<p class=\"has-text-align-center has-very-light-gray-to-cyan-bluish-gray-gradient-background has-background\"><strong>Chef d&rsquo;\u00e9quipe<\/strong> : Pr. YOUNSI Fatima Zohra<\/p>\n\n\n\n<p class=\"has-text-align-center has-very-light-gray-to-cyan-bluish-gray-gradient-background has-background\"><strong>&nbsp; Description scientifique du programme de recherche de l\u2019\u00e9quipe <\/strong><\/p>\n\n\n\n<p class=\"has-text-align-left has-very-light-gray-to-cyan-bluish-gray-gradient-background has-background\">\u00ab\u00a0De nombreuses m\u00e9thodes issues des math\u00e9matiques appliqu\u00e9es deviennent plus accessibles gr\u00e2ce \u00e0 l\u2019augmentation de la puissance de calcul des ordinateurs, mais aussi \u00e0 la diffusion de certains algorithmes facilitant le d\u00e9veloppement de mod\u00e8les pr\u00e9dictifs et la visualisation de donn\u00e9es massives. Le secteur de l\u2019agriculture et de l\u2019agroalimentaire a pour d\u00e9fi de s\u2019approprier et d\u2019\u00e9valuer la pertinence de ces m\u00e9thodes.<br>Durant les trois premi\u00e8res ann\u00e9es, les th\u00e9matiques abord\u00e9es par l\u2019\u00e9quipe seront en rapport effectif avec les enjeux du d\u00e9veloppement agricole et agroalimentaire en Alg\u00e9rie. Ces pr\u00e9occupations scientifiques concernent notamment les applications de la mod\u00e9lisation, et les outils issue de l\u2019intelligence artificielle pour mieux comprendre le fonctionnement des syst\u00e8mes agricoles caract\u00e9ris\u00e9s par de tr\u00e8s nombreuses variables et des interactions entre elles, et trouver des solutions pour des probl\u00e8mes<br>sp\u00e9cifiques.\u00a0\u00bb<\/p>\n","protected":false},"excerpt":{"rendered":"<p>Intitul\u00e9 de l&rsquo;\u00e9quipe : \u00a0\u00bb Mod\u00e9lisation appliqu\u00e9e \u00e0 l&rsquo;Agriculture, l&rsquo;Elevage, et l&rsquo;Environnement \u00ab\u00a0 Chef d&rsquo;\u00e9quipe : Pr. YOUNSI Fatima Zohra &nbsp; Description scientifique du programme de recherche de l\u2019\u00e9quipe \u00ab\u00a0De nombreuses m\u00e9thodes issues des math\u00e9matiques appliqu\u00e9es deviennent plus accessibles gr\u00e2ce \u00e0 l\u2019augmentation de la puissance de calcul des ordinateurs, mais aussi \u00e0 la diffusion de &hellip;<\/p>\n","protected":false},"author":45,"featured_media":0,"parent":0,"menu_order":0,"comment_status":"closed","ping_status":"closed","template":"","meta":{"_eb_attr":"","_coblocks_attr":"","_coblocks_dimensions":"","_coblocks_responsive_height":"","_coblocks_accordion_ie_support":"","footnotes":""},"class_list":["post-34","page","type-page","status-publish","hentry"],"_links":{"self":[{"href":"https:\/\/laboratoire.univ-mosta.dz\/abrgm\/wp-json\/wp\/v2\/pages\/34","targetHints":{"allow":["GET"]}}],"collection":[{"href":"https:\/\/laboratoire.univ-mosta.dz\/abrgm\/wp-json\/wp\/v2\/pages"}],"about":[{"href":"https:\/\/laboratoire.univ-mosta.dz\/abrgm\/wp-json\/wp\/v2\/types\/page"}],"author":[{"embeddable":true,"href":"https:\/\/laboratoire.univ-mosta.dz\/abrgm\/wp-json\/wp\/v2\/users\/45"}],"replies":[{"embeddable":true,"href":"https:\/\/laboratoire.univ-mosta.dz\/abrgm\/wp-json\/wp\/v2\/comments?post=34"}],"version-history":[{"count":4,"href":"https:\/\/laboratoire.univ-mosta.dz\/abrgm\/wp-json\/wp\/v2\/pages\/34\/revisions"}],"predecessor-version":[{"id":97,"href":"https:\/\/laboratoire.univ-mosta.dz\/abrgm\/wp-json\/wp\/v2\/pages\/34\/revisions\/97"}],"wp:attachment":[{"href":"https:\/\/laboratoire.univ-mosta.dz\/abrgm\/wp-json\/wp\/v2\/media?parent=34"}],"curies":[{"name":"wp","href":"https:\/\/api.w.org\/{rel}","templated":true}]}}