{"id":12,"date":"2026-02-22T11:33:50","date_gmt":"2026-02-22T10:33:50","guid":{"rendered":"https:\/\/laboratoire.univ-mosta.dz\/abrgm\/?page_id=12"},"modified":"2026-03-01T11:02:42","modified_gmt":"2026-03-01T10:02:42","slug":"presentation","status":"publish","type":"page","link":"https:\/\/laboratoire.univ-mosta.dz\/abrgm\/presentation\/","title":{"rendered":"Pr\u00e9sentation"},"content":{"rendered":"\n<p>Le laboratoire <strong><em>AGROBIOGEN<\/em><\/strong> devrait jouer un r\u00f4le essentiel notamment pour :<\/p>\n\n\n\n<ul class=\"wp-block-list\">\n<li> Accomplir la mission de l&rsquo;Universit\u00e9 d&rsquo;Abdelhamid Ibn Badis de Mostagamen concernant le d\u00e9veloppement, le soutien et l&rsquo;investissement de la recherche scientifique dans le d\u00e9veloppement de l&rsquo;\u00e9conomie nationale.<\/li>\n<\/ul>\n\n\n\n<ul class=\"wp-block-list\">\n<li>Renforcer les comp\u00e9tences et les capacit\u00e9s nationales dans le domaine des biotechnologies, actuellement encore insuffisantes.<\/li>\n<\/ul>\n\n\n\n<ul class=\"wp-block-list\">\n<li>Mettre en place des techniques, des technologies et des m\u00e9thodologies li\u00e9es aux d\u00e9veloppements et aux applications actuelles des biotechnologies et de l\u2019intelligence artificielle dans les diff\u00e9rents secteurs agricoles et agroalimentaires.<\/li>\n<\/ul>\n\n\n\n<ul class=\"wp-block-list\">\n<li>Cr\u00e9er une tradition de coop\u00e9ration avec les acteurs socio-\u00e9conomiques.<\/li>\n<\/ul>\n\n\n\n<ul class=\"wp-block-list\">\n<li>Contribuer \u00e0 l\u2019innovation et au renforcement des capacit\u00e9s, par les relations de partenariat notamment avec les pays du Sud.<\/li>\n<\/ul>\n\n\n\n<ul class=\"wp-block-list\">\n<li>Apporter des recommandations techniques aux d\u00e9cideurs politiques.<\/li>\n<\/ul>\n\n\n\n<ul class=\"wp-block-list\">\n<li>Documenter et accompagner les n\u00e9cessaires transitions vers des syst\u00e8mes alimentaires sains, durables et assurant la s\u00e9curit\u00e9 alimentaire.<\/li>\n<\/ul>\n\n\n\n<ul class=\"wp-block-list\">\n<li>Contribuer au dialogue entre sciences et soci\u00e9t\u00e9s civiles et aux d\u00e9bats sur les grands enjeux mondiaux de l\u2019agriculture, l\u2019alimentation, la transformation des syst\u00e8mes alimentaires, la gestion des ressources naturelles et de la biodiversit\u00e9 dans les espaces ruraux, marins et forestiers.<\/li>\n<\/ul>\n\n\n\n<ul class=\"wp-block-list\">\n<li>Parall\u00e8lement aux actions de recherches et de d\u00e9veloppement men\u00e9es au sein des \u00e9quipes de recherche, le laboratoire visera les deux autres vocations : former et informer. Informer par la production et la diffusion des connaissances scientifiques ;\u00a0 former les \u00e9tudiants, le personnel technique et acad\u00e9mique sur les questions scientifiques li\u00e9es notamment \u00e0 la gestion de la biodiversit\u00e9 animale, v\u00e9g\u00e9tale, et microbienne, l\u2019exploration des plantes et l\u2019extraction des mol\u00e9cules d\u2019int\u00e9r\u00eat, les outils d\u2019analyses g\u00e9n\u00e9tiques, la transformation des produits agricoles, et la mod\u00e9lisation appliqu\u00e9e \u00e0 l\u2019agriculture, l\u2019environnement et la sant\u00e9.<\/li>\n<\/ul>\n\n\n\n<ul class=\"wp-block-list\">\n<li>Le laboratoire <strong>Agro-biotechnologie, Ressources g\u00e9n\u00e9tiques et Mod\u00e9lisation<\/strong> est organis\u00e9 en 4 \u00e9quipes de recherche qui travaillent de mani\u00e8re multidisciplinaire pour r\u00e9aliser les objectifs de recherche scientifique, de Recherche-Formation et de R&amp;D. Ces \u00e9quipes sont constitu\u00e9es de chercheurs agronomes, biologistes, chimistes, v\u00e9t\u00e9rinaires, zootechniciens et informaticiens.<\/li>\n<\/ul>\n\n\n\n<ul class=\"wp-block-list\">\n<li>Le laboratoire vise \u00e0 d\u00e9velopper la collaboration entre \u00e9quipes scientifiques de profils diff\u00e9rents mais travaillant dans le m\u00eame contexte scientifique. La pr\u00e9servation et la valorisation des ressources naturelles locales d\u2019origines v\u00e9g\u00e9tale, animale et microbienne sont devenues une n\u00e9cessit\u00e9 incontournable. <\/li>\n<\/ul>\n\n\n\n<ul class=\"wp-block-list\">\n<li>Le laboratoire accorde \u00e9galement une grande importance \u00e0 la formation des \u00e9tudiants doctorants et ceux inscrits dans les diff\u00e9rentes formations de Master de la fili\u00e8re sciences de la nature et de la vie. On peut identifier 04 grands axes scientifiques autour desquels seront r\u00e9alis\u00e9s les travaux de recherches du laboratoire.<\/li>\n<\/ul>\n\n\n\n<p><strong>Mots cl\u00e9s :<\/strong> Biotechnologie, biodiversit\u00e9, produits naturels, mol\u00e9cules bioactives, g\u00e8nes d\u2019int\u00e9r\u00eat agronomique, microorganismes d\u2019int\u00e9r\u00eat technologique, mol\u00e9cules bioactives, am\u00e9nagement, stress biotique et abiotique, mod\u00e9lisation, outils d\u2019aide \u00e0 la d\u00e9cision, analyses mol\u00e9culaires.<\/p>\n\n\n\n<p><\/p>\n","protected":false},"excerpt":{"rendered":"<p>Le laboratoire AGROBIOGEN devrait jouer un r\u00f4le essentiel notamment pour : Accomplir la mission de l&rsquo;Universit\u00e9 d&rsquo;Abdelhamid Ibn Badis de Mostagamen concernant le d\u00e9veloppement, le soutien et l&rsquo;investissement de la recherche scientifique dans le d\u00e9veloppement de l&rsquo;\u00e9conomie nationale. Renforcer les comp\u00e9tences et les capacit\u00e9s nationales dans le domaine des biotechnologies, actuellement encore insuffisantes. Mettre en &hellip;<\/p>\n","protected":false},"author":45,"featured_media":0,"parent":0,"menu_order":0,"comment_status":"closed","ping_status":"closed","template":"","meta":{"_eb_attr":"","_coblocks_attr":"","_coblocks_dimensions":"","_coblocks_responsive_height":"","_coblocks_accordion_ie_support":"","footnotes":""},"class_list":["post-12","page","type-page","status-publish","hentry"],"_links":{"self":[{"href":"https:\/\/laboratoire.univ-mosta.dz\/abrgm\/wp-json\/wp\/v2\/pages\/12","targetHints":{"allow":["GET"]}}],"collection":[{"href":"https:\/\/laboratoire.univ-mosta.dz\/abrgm\/wp-json\/wp\/v2\/pages"}],"about":[{"href":"https:\/\/laboratoire.univ-mosta.dz\/abrgm\/wp-json\/wp\/v2\/types\/page"}],"author":[{"embeddable":true,"href":"https:\/\/laboratoire.univ-mosta.dz\/abrgm\/wp-json\/wp\/v2\/users\/45"}],"replies":[{"embeddable":true,"href":"https:\/\/laboratoire.univ-mosta.dz\/abrgm\/wp-json\/wp\/v2\/comments?post=12"}],"version-history":[{"count":2,"href":"https:\/\/laboratoire.univ-mosta.dz\/abrgm\/wp-json\/wp\/v2\/pages\/12\/revisions"}],"predecessor-version":[{"id":70,"href":"https:\/\/laboratoire.univ-mosta.dz\/abrgm\/wp-json\/wp\/v2\/pages\/12\/revisions\/70"}],"wp:attachment":[{"href":"https:\/\/laboratoire.univ-mosta.dz\/abrgm\/wp-json\/wp\/v2\/media?parent=12"}],"curies":[{"name":"wp","href":"https:\/\/api.w.org\/{rel}","templated":true}]}}